{"id":778002,"date":"2025-10-28T20:03:39","date_gmt":"2025-10-28T17:03:39","guid":{"rendered":"https:\/\/roveyayinevi.com.tr\/index.php\/urun\/dogru-hamle\/"},"modified":"2026-04-11T03:39:36","modified_gmt":"2026-04-11T00:39:36","slug":"dogru-hamle","status":"publish","type":"product","link":"https:\/\/roveyayinevi.com.tr\/index.php\/urun\/dogru-hamle\/","title":{"rendered":"Do\u011fru Hamle"},"content":{"rendered":"<p>RYAN Oldu\u011fu \u015fey buydu, bir dikkat da\u011f\u0131t\u0131c\u0131. Chicago\u2019nun NBA tak\u0131m\u0131 Devils\u2019\u0131n en yeni kaptan\u0131yd\u0131m. Bu y\u0131l ihtiyac\u0131m olan son \u015fey, k\u0131z karde\u015fimin en yak\u0131n\u0131 arkada\u015f\u0131 Indy Ivers\u2019\u0131n daireme ta\u015f\u0131nmas\u0131yd\u0131. Da\u011f\u0131n\u0131kt\u0131, duygusald\u0131 ve \u00e7ok fazla \u00e7ekiciydi. Ancak tak\u0131m\u0131n Genel M\u00fcd\u00fcr\u00fc, kaptanl\u0131\u011fa terfi edilmeme a\u00e7\u0131k\u00e7a kar\u015f\u0131 \u00e7\u0131karak beni i\u015f-ya\u015fam dengesi olmayan, yakla\u015f\u0131lmas\u0131 zor bir yaln\u0131z kurt olarak nitelendiriyordu. Onu ikna etmek i\u00e7in en iyi yolun, d\u0131\u015fa d\u00f6n\u00fck oda arkada\u015f\u0131mla \u00e7\u0131k\u0131yormu\u015f gibi davranmak oldu\u011funu d\u00fc\u015f\u00fcnd\u00fcm. Tek sorun ne miydi? Sahte davranmak \u00e7ok do\u011fal geliyordu. Sahte bir k\u0131z arkada\u015f\u0131m olmas\u0131 karma\u015f\u0131k bir durum olmamal\u0131yd\u0131. Fakat Indy\u2019nin benim \u00e7at\u0131m alt\u0131nda ve yata\u011f\u0131mda olmas\u0131 i\u015fleri karma\u015f\u0131kla\u015ft\u0131r\u0131yordu, \u00f6zellikle de ona asla veremeyece\u011fim hayat\u0131n romantik yanlar\u0131n\u0131 istedi\u011fi i\u00e7in&#8230;   INDY En iyi arkada\u015f\u0131m\u0131n karde\u015fi, NBA s\u00fcperstar\u0131 Ryan Shay ile birlikte ya\u015fayaca\u011f\u0131m\u0131 hi\u00e7 hayal etmemi\u015ftim. Daha da inan\u0131lmaz olan ne miydi? Onu birdenbire arkada\u015f canl\u0131s\u0131 ve yakla\u015f\u0131labilir bir adama d\u00f6n\u00fc\u015ft\u00fcren, sevgi dolu k\u0131z arkada\u015f\u0131 olarak rol yapmam\u0131 istiyordu. \u00c7\u00fcnk\u00fc \u015fey&#8230; o \u00f6yle biri de\u011fildi. Kendi alan\u0131n\u0131 kontrol ediyor ve ba\u015fkalar\u0131na g\u00fcvenmiyordu. Ancak bizim anla\u015fmam\u0131z tek tarafl\u0131 de\u011fildi. Yak\u0131nda bir d\u00fc\u011f\u00fcne kat\u0131lacakt\u0131m. Eski erkek arkada\u015f\u0131m da dahil olmak \u00fczere t\u00fcm \u00e7ocukluk arkada\u015flar\u0131m\u0131n kat\u0131laca\u011f\u0131 bir d\u00fc\u011f\u00fcnd\u00fc. Eski erkek arkada\u015f\u0131m\u0131n hayran\u0131 oldu\u011fu \u00fcnl\u00fc birinden daha iyi bir kavalye olamazd\u0131. Bulan\u0131k s\u0131n\u0131rlar, ger\u00e7e\u011fi sahte olandan ay\u0131rmay\u0131 neredeyse imk\u00e2ns\u0131z h\u00e2le getirmeye ba\u015flam\u0131\u015ft\u0131. Oda arkada\u015f\u0131ma \u00e2\u015f\u0131k olmak anla\u015fman\u0131n bir par\u00e7as\u0131 de\u011fildi. \u00d6zellikle de Ryan, bana a\u015fka inanmad\u0131\u011f\u0131n\u0131 her f\u0131rsatta hat\u0131rlat\u0131rken&#8230; Ben romantik biriydim ve onun de\u011fi\u015fece\u011fini hayal etmekten kendimi alam\u0131yordum. Ancak \u00e7ok ge\u00e7meden, en iyi arkada\u015f\u0131m\u0131n karde\u015fiyle ayn\u0131 \u00e7at\u0131 alt\u0131nda ya\u015famak do\u011fru hamle miydi diye sorgulamaya ba\u015flam\u0131\u015ft\u0131m. <\/p>\n","protected":false},"excerpt":{"rendered":"<p>RYAN Oldu\u011fu \u015fey buydu, bir dikkat da\u011f\u0131t\u0131c\u0131. Chicago\u2019nun NBA tak\u0131m\u0131 Devils\u2019\u0131n en yeni kaptan\u0131yd\u0131m. Bu y\u0131l ihtiyac\u0131m olan son \u015fey, k\u0131z karde\u015fimin en yak\u0131n\u0131 arkada\u015f\u0131 Indy<span class=\"excerpt-hellip\"> [\u2026]<\/span><\/p>\n","protected":false},"featured_media":0,"template":"","meta":{"_monsterinsights_skip_tracking":false,"_monsterinsights_sitenote_active":false,"_monsterinsights_sitenote_note":"","_monsterinsights_sitenote_category":0},"product_brand":[],"product_cat":[12291,12711],"product_tag":[],"class_list":{"0":"post-778002","1":"product","2":"type-product","3":"status-publish","5":"product_cat-edebiyat","6":"product_cat-roman-oyku","7":"pa_cilt-ciltsiz","8":"pa_tur-kitap","9":"pa_yayinevi-ren-kitap","10":"pa_yazar-liz-tomforde","12":"first","13":"instock","14":"sale","15":"shipping-taxable","16":"purchasable","17":"product-type-simple"},"_links":{"self":[{"href":"https:\/\/roveyayinevi.com.tr\/index.php\/wp-json\/wp\/v2\/product\/778002","targetHints":{"allow":["GET"]}}],"collection":[{"href":"https:\/\/roveyayinevi.com.tr\/index.php\/wp-json\/wp\/v2\/product"}],"about":[{"href":"https:\/\/roveyayinevi.com.tr\/index.php\/wp-json\/wp\/v2\/types\/product"}],"wp:attachment":[{"href":"https:\/\/roveyayinevi.com.tr\/index.php\/wp-json\/wp\/v2\/media?parent=778002"}],"wp:term":[{"taxonomy":"product_brand","embeddable":true,"href":"https:\/\/roveyayinevi.com.tr\/index.php\/wp-json\/wp\/v2\/product_brand?post=778002"},{"taxonomy":"product_cat","embeddable":true,"href":"https:\/\/roveyayinevi.com.tr\/index.php\/wp-json\/wp\/v2\/product_cat?post=778002"},{"taxonomy":"product_tag","embeddable":true,"href":"https:\/\/roveyayinevi.com.tr\/index.php\/wp-json\/wp\/v2\/product_tag?post=778002"}],"curies":[{"name":"wp","href":"https:\/\/api.w.org\/{rel}","templated":true}]}}