{"id":778001,"date":"2025-10-28T20:00:13","date_gmt":"2025-10-28T17:00:13","guid":{"rendered":"https:\/\/roveyayinevi.com.tr\/index.php\/urun\/istihbarat-basarisizliklari\/"},"modified":"2025-11-07T11:47:11","modified_gmt":"2025-11-07T08:47:11","slug":"istihbarat-basarisizliklari","status":"publish","type":"product","link":"https:\/\/roveyayinevi.com.tr\/index.php\/urun\/istihbarat-basarisizliklari\/","title":{"rendered":"\u0130stihbarat Ba\u015far\u0131s\u0131zl\u0131klar\u0131"},"content":{"rendered":"<p>\u0130stihbarat, i\u00e7inde bar\u0131nd\u0131rd\u0131\u011f\u0131 gizemli d\u00fcnyan\u0131n \u00f6tesinde bilimsel \u00e7al\u0131\u015fma alan\u0131 olan bir disiplin h\u00e2line gelmi\u015ftir. \u0130stihbarat \u00e7al\u0131\u015fmalar\u0131 olarak bilinen bu disiplin; istihbarat alan\u0131nda ihtiya\u00e7lar\u0131n belirlenmesinden da\u011f\u0131t\u0131ma, istihbarat \u00fcretim s\u00fcrecindeki a\u015famalara odaklanmakta, istihbarat\u0131n tarih\u00ee geli\u015fiminden modern istihbarat meselelerini mercek alt\u0131na almaktad\u0131r. \u201cBa\u015fard\u0131klar\u0131m\u0131zdan ziyade hatalar\u0131m\u0131zdan \u00f6\u011freniriz.\u201d mottosu e\u011fer do\u011fru bir \u00f6nermeyse bunun en ge\u00e7erli oldu\u011fu alanlardan biri istihbaratt\u0131r. Bir ulusun g\u00fcvenli\u011fini do\u011frudan etkileyen b\u00fcy\u00fck olaylar asl\u0131nda o ulusun istihbarat\u0131n\u0131n ba\u015far\u0131s\u0131z oldu\u011fu anlard\u0131r. Bu olay; bir \u00fclkenin sembol binalar\u0131na d\u00fczenlenen bir ter\u00f6r sald\u0131r\u0131s\u0131 da olabilir, bir \u00fclkenin m\u00fcttefikinde ger\u00e7ekle\u015fen bir rejim de\u011fi\u015fikli\u011fi de olabilir. Bu t\u00fcr durumlarda ilk sorgulanacak olan istihbarat mekanizmas\u0131d\u0131r. Bu \u00e7al\u0131\u015fmada, istihbarat \u00e7al\u0131\u015fmalar\u0131 alan\u0131n\u0131n en \u00e7ok tart\u0131\u015f\u0131lan meselelerinden olan istihbarat ba\u015far\u0131s\u0131zl\u0131klar\u0131 konusuna hem teorik hem de vakalar \u00fczerinden yakla\u015f\u0131lmaktad\u0131r. Yaln\u0131z akt\u00f6r eylemleri, Stuxnet Sald\u0131r\u0131s\u0131, 7 Ekim Sald\u0131r\u0131lar\u0131n\u0131n her biri ayr\u0131 bir istihbarat ba\u015far\u0131s\u0131zl\u0131\u011f\u0131 \u00f6rne\u011fidir. Kitaptaki teorik bak\u0131\u015f a\u00e7\u0131s\u0131 her biri kendine has neden ve sonu\u00e7lar\u0131 olan bu vakalar\u0131n asl\u0131nda birbirine ne kadar benzedi\u011fini ortaya koymaktad\u0131r.<\/p>\n","protected":false},"excerpt":{"rendered":"<p>\u0130stihbarat, i\u00e7inde bar\u0131nd\u0131rd\u0131\u011f\u0131 gizemli d\u00fcnyan\u0131n \u00f6tesinde bilimsel \u00e7al\u0131\u015fma alan\u0131 olan bir disiplin h\u00e2line gelmi\u015ftir. \u0130stihbarat \u00e7al\u0131\u015fmalar\u0131 olarak bilinen bu disiplin; istihbarat alan\u0131nda ihtiya\u00e7lar\u0131n belirlenmesinden da\u011f\u0131t\u0131ma, istihbarat<span class=\"excerpt-hellip\"> [\u2026]<\/span><\/p>\n","protected":false},"featured_media":0,"template":"","meta":{"_monsterinsights_skip_tracking":false,"_monsterinsights_sitenote_active":false,"_monsterinsights_sitenote_note":"","_monsterinsights_sitenote_category":0},"product_brand":[],"product_cat":[13590,12337],"product_tag":[],"class_list":{"0":"post-778001","1":"product","2":"type-product","3":"status-publish","5":"product_cat-arastirma-inceleme-politika-siyaset","6":"product_cat-politika-siyaset","7":"pa_cilt-ciltsiz","8":"pa_tur-kitap","9":"pa_yayinevi-nobel-akademik-yayincilik","10":"pa_yazar-muhammed-hayati-taban","12":"first","13":"instock","14":"sale","15":"shipping-taxable","16":"purchasable","17":"product-type-simple"},"_links":{"self":[{"href":"https:\/\/roveyayinevi.com.tr\/index.php\/wp-json\/wp\/v2\/product\/778001","targetHints":{"allow":["GET"]}}],"collection":[{"href":"https:\/\/roveyayinevi.com.tr\/index.php\/wp-json\/wp\/v2\/product"}],"about":[{"href":"https:\/\/roveyayinevi.com.tr\/index.php\/wp-json\/wp\/v2\/types\/product"}],"wp:attachment":[{"href":"https:\/\/roveyayinevi.com.tr\/index.php\/wp-json\/wp\/v2\/media?parent=778001"}],"wp:term":[{"taxonomy":"product_brand","embeddable":true,"href":"https:\/\/roveyayinevi.com.tr\/index.php\/wp-json\/wp\/v2\/product_brand?post=778001"},{"taxonomy":"product_cat","embeddable":true,"href":"https:\/\/roveyayinevi.com.tr\/index.php\/wp-json\/wp\/v2\/product_cat?post=778001"},{"taxonomy":"product_tag","embeddable":true,"href":"https:\/\/roveyayinevi.com.tr\/index.php\/wp-json\/wp\/v2\/product_tag?post=778001"}],"curies":[{"name":"wp","href":"https:\/\/api.w.org\/{rel}","templated":true}]}}