{"id":778000,"date":"2025-10-28T19:57:51","date_gmt":"2025-10-28T16:57:51","guid":{"rendered":"https:\/\/roveyayinevi.com.tr\/index.php\/urun\/genc-muslumanlar-1939-2005\/"},"modified":"2026-04-15T03:39:13","modified_gmt":"2026-04-15T00:39:13","slug":"genc-muslumanlar-1939-2005","status":"publish","type":"product","link":"https:\/\/roveyayinevi.com.tr\/index.php\/urun\/genc-muslumanlar-1939-2005\/","title":{"rendered":"Gen\u00e7 M\u00fcsl\u00fcmanlar (1939-2005)"},"content":{"rendered":"<p>Esad Karacozovi\u00e7, Emin Granov, Husref Ba\u015fagi\u00e7 ve Tarik Mufti\u00e7 gibi ilk ku\u015fak isimlerle beraber Aliya \u0130zetbegovi\u00e7 ve Omer Behmen\u2019in de mensubu oldu\u011fu Gen\u00e7 Mu\u0308slu\u0308manlar Te\u015fkilat\u0131, Bosna Hersek\u2019te II. Du\u0308nya Sava\u015f\u0131\u2019n\u0131n e\u015fi\u011finde do\u011fmu\u015f, Yugoslav sosyalist y\u00f6netimi taraf\u0131ndan a\u011f\u0131r bask\u0131lara ve idari cezalara maruz b\u0131rak\u0131larak susturulmaya \u00e7al\u0131\u015f\u0131lm\u0131\u015f, su\u0308rekli g\u00f6zetim alt\u0131nda tutulmu\u015f, \u00e7e\u015fitli yapt\u0131r\u0131mlarla ortadan kald\u0131r\u0131lmaya \u00e7al\u0131\u015f\u0131lm\u0131\u015f bir harekettir. Tu\u0308m eziyet ve i\u015fkencelere ra\u011fmen davas\u0131ndan vazge\u00e7meyen bu te\u015fkilat, inanc\u0131nda kararl\u0131l\u0131k g\u00f6sterip bu\u0308yu\u0308k bir mu\u0308cadele vererek komu\u0308nist rejimlere kar\u015f\u0131 fikr\u00ee ve ahl\u00e2k\u00ee bir direni\u015f olarak varl\u0131\u011f\u0131n\u0131 su\u0308rdu\u0308rmu\u0308\u015ftu\u0308r. Bu duru\u015f, Bosna Hersek\u2019in yak\u0131n tarihinde \u0130slam\u00ee kimli\u011fi koruma ve yeniden in\u015fa etme \u00e7abas\u0131n\u0131n \u00f6zgu\u0308n bir ifadesi; ye\u015feren bir umudun, iman\u0131n ve direni\u015fin hik\u00e2yesidir. Gen\u00e7 Mu\u0308slu\u0308manlar, Bosna\u2019n\u0131n k\u0131sa tarihini jeopolitik, demografik ve ku\u0308ltu\u0308rel boyutlar\u0131yla \u00f6zetleyerek Bo\u015fnaklar\u0131n 20. yu\u0308zy\u0131ldaki mill\u00ee ve din\u00ee kimlik mu\u0308cadelesinin, sadece politik bir direni\u015f de\u011fil, ayn\u0131 zamanda ahl\u00e2k\u00ee ve fikr\u00ee bir duru\u015f oldu\u011funu okuruna tarihsel bir ba\u011flamla sunuyor. Bunu yaparken Gen\u00e7 Mu\u0308slu\u0308manlar Te\u015fkilat\u0131\u2019n\u0131n, \u0130slam\u00ee de\u011ferler \u00fczerine bina edilmi\u015f ku\u0308ltu\u0308rel uyan\u0131\u015f ve entelektu\u0308el ba\u015fkald\u0131r\u0131 seru\u0308veninin izlerini su\u0308ru\u0308yor. <\/p>\n","protected":false},"excerpt":{"rendered":"<p>Esad Karacozovi\u00e7, Emin Granov, Husref Ba\u015fagi\u00e7 ve Tarik Mufti\u00e7 gibi ilk ku\u015fak isimlerle beraber Aliya \u0130zetbegovi\u00e7 ve Omer Behmen\u2019in de mensubu oldu\u011fu Gen\u00e7 Mu\u0308slu\u0308manlar Te\u015fkilat\u0131, Bosna<span class=\"excerpt-hellip\"> [\u2026]<\/span><\/p>\n","protected":false},"featured_media":0,"template":"","meta":{"_monsterinsights_skip_tracking":false,"_monsterinsights_sitenote_active":false,"_monsterinsights_sitenote_note":"","_monsterinsights_sitenote_category":0},"product_brand":[],"product_cat":[12718,12719],"product_tag":[],"class_list":{"0":"post-778000","1":"product","2":"type-product","3":"status-publish","5":"product_cat-din","6":"product_cat-islam","7":"pa_cilt-ciltsiz","8":"pa_tur-kitap","9":"pa_yayinevi-ketebe-yayinlari","10":"pa_yazar-omer-behmen","12":"first","13":"instock","14":"sale","15":"shipping-taxable","16":"purchasable","17":"product-type-simple"},"_links":{"self":[{"href":"https:\/\/roveyayinevi.com.tr\/index.php\/wp-json\/wp\/v2\/product\/778000","targetHints":{"allow":["GET"]}}],"collection":[{"href":"https:\/\/roveyayinevi.com.tr\/index.php\/wp-json\/wp\/v2\/product"}],"about":[{"href":"https:\/\/roveyayinevi.com.tr\/index.php\/wp-json\/wp\/v2\/types\/product"}],"wp:attachment":[{"href":"https:\/\/roveyayinevi.com.tr\/index.php\/wp-json\/wp\/v2\/media?parent=778000"}],"wp:term":[{"taxonomy":"product_brand","embeddable":true,"href":"https:\/\/roveyayinevi.com.tr\/index.php\/wp-json\/wp\/v2\/product_brand?post=778000"},{"taxonomy":"product_cat","embeddable":true,"href":"https:\/\/roveyayinevi.com.tr\/index.php\/wp-json\/wp\/v2\/product_cat?post=778000"},{"taxonomy":"product_tag","embeddable":true,"href":"https:\/\/roveyayinevi.com.tr\/index.php\/wp-json\/wp\/v2\/product_tag?post=778000"}],"curies":[{"name":"wp","href":"https:\/\/api.w.org\/{rel}","templated":true}]}}