{"id":777999,"date":"2025-10-28T19:56:46","date_gmt":"2025-10-28T16:56:46","guid":{"rendered":"https:\/\/roveyayinevi.com.tr\/index.php\/urun\/her-sey-aydinlandi\/"},"modified":"2025-11-07T11:43:58","modified_gmt":"2025-11-07T08:43:58","slug":"her-sey-aydinlandi","status":"publish","type":"product","link":"https:\/\/roveyayinevi.com.tr\/index.php\/urun\/her-sey-aydinlandi\/","title":{"rendered":"Her \u015eey Ayd\u0131nland\u0131"},"content":{"rendered":"<p>\u201cHayat Dolu ve Oyunbaz\u2026 Philip Roth, Milan Kundera ve James Joyce Esintileri Ta\u015f\u0131yan Bir Roman.\u201d \u2013 Times Literary Supplement \u201c Son On Y\u0131l\u0131n En \u0130yi \u00c7\u0131k\u0131\u015f Romanlar\u0131ndan Biri!\u201d \u2013 Paste Magazine \u201cS\u0131ra D\u0131\u015f\u0131, I\u015f\u0131l I\u015f\u0131l ve Y\u00fcrek Burkan Bir Roman \u2013 San Francisco Chronicle \u00c7a\u011fda\u015f edebiyat\u0131n en etkileyici seslerinden Jonathan Safran Foer\u2019den zaman, mek\u00e2n ve haf\u0131za \u00fc\u00e7geninde \u015fa\u015f\u0131rt\u0131c\u0131 manevralar yapan, e\u011flenceli, dokunakl\u0131, zek\u00e2 ve duygu dolu, \u00e7arp\u0131c\u0131 bir roman: Her \u015eey Ayd\u0131nland\u0131. Elinde solmu\u015f bir foto\u011fraf ve kafas\u0131nda soru i\u015faretleriyle yola koyulan gen\u00e7 bir adam\u0131n Avrupa\u2019n\u0131n kalbinden Amerika\u2019ya, d\u00fcnyadan Ay\u2019a, ge\u00e7mi\u015ften g\u00fcn\u00fcm\u00fcze, r\u00fcyalardan masallara, b\u00fcy\u00fck a\u015fklardan b\u00fcy\u00fck sava\u015flara, karanl\u0131ktan ayd\u0131nl\u0131\u011fa uzanan yolculu\u011funun nefes kesen hik\u00e2yesi\u2026 Ge\u00e7mi\u015fle bug\u00fcn\u00fcn i\u00e7 i\u00e7e ge\u00e7ti\u011fi, birbirleriyle rekabet halindeki anlat\u0131c\u0131lar\u0131yla ak\u0131llardan kolay kolay silinmeyecek, \u00e7ok sesli, \u00e7ok katmanl\u0131 ve kesinlikle sihirli bir roman Her \u015eey Ayd\u0131nland\u0131. Foer\u2019in t\u00fcm d\u00fcnyada b\u00fcy\u00fck ilgi g\u00f6ren bu ilk roman\u0131; ilerlemek i\u00e7in geriye d\u00f6nmek zorunda kalanlara ve ge\u00e7mi\u015finden ka\u00e7anlara, ya\u015fam\u0131n pusu alt\u0131nda gizlenen muazzam ger\u00e7ekleri arayanlara ve s\u0131rlar\u0131n\u0131n g\u00f6lgesinde ya\u015famaya \u00e7abalayanlara, d\u00fc\u015flerle ger\u00e7ekleri birbirine kar\u0131\u015ft\u0131ranlara ve kalabal\u0131klar\u0131n i\u00e7inde yapayaln\u0131z olanlara, hayata ve hayatta kalmaya dair bir \u015fimdiki zaman klasi\u011fi. \u201c KES\u0130NL\u0130KLE  B\u0130R\u0130NC\u0130 SINIF !\u201d \u2013 NY T\u0130MES <\/p>\n","protected":false},"excerpt":{"rendered":"<p>\u201cHayat Dolu ve Oyunbaz\u2026 Philip Roth, Milan Kundera ve James Joyce Esintileri Ta\u015f\u0131yan Bir Roman.\u201d \u2013 Times Literary Supplement \u201c Son On Y\u0131l\u0131n En \u0130yi \u00c7\u0131k\u0131\u015f<span class=\"excerpt-hellip\"> [\u2026]<\/span><\/p>\n","protected":false},"featured_media":0,"template":"","meta":{"_monsterinsights_skip_tracking":false,"_monsterinsights_sitenote_active":false,"_monsterinsights_sitenote_note":"","_monsterinsights_sitenote_category":0},"product_brand":[],"product_cat":[12291,12711],"product_tag":[],"class_list":{"0":"post-777999","1":"product","2":"type-product","3":"status-publish","5":"product_cat-edebiyat","6":"product_cat-roman-oyku","7":"pa_cilt-ciltsiz","8":"pa_tur-kitap","9":"pa_yayinevi-siren-yayinlari","10":"pa_yazar-jonathan-safran-foer","12":"first","13":"instock","14":"sale","15":"shipping-taxable","16":"purchasable","17":"product-type-simple"},"_links":{"self":[{"href":"https:\/\/roveyayinevi.com.tr\/index.php\/wp-json\/wp\/v2\/product\/777999","targetHints":{"allow":["GET"]}}],"collection":[{"href":"https:\/\/roveyayinevi.com.tr\/index.php\/wp-json\/wp\/v2\/product"}],"about":[{"href":"https:\/\/roveyayinevi.com.tr\/index.php\/wp-json\/wp\/v2\/types\/product"}],"wp:attachment":[{"href":"https:\/\/roveyayinevi.com.tr\/index.php\/wp-json\/wp\/v2\/media?parent=777999"}],"wp:term":[{"taxonomy":"product_brand","embeddable":true,"href":"https:\/\/roveyayinevi.com.tr\/index.php\/wp-json\/wp\/v2\/product_brand?post=777999"},{"taxonomy":"product_cat","embeddable":true,"href":"https:\/\/roveyayinevi.com.tr\/index.php\/wp-json\/wp\/v2\/product_cat?post=777999"},{"taxonomy":"product_tag","embeddable":true,"href":"https:\/\/roveyayinevi.com.tr\/index.php\/wp-json\/wp\/v2\/product_tag?post=777999"}],"curies":[{"name":"wp","href":"https:\/\/api.w.org\/{rel}","templated":true}]}}