{"id":777998,"date":"2025-10-28T19:55:44","date_gmt":"2025-10-28T16:55:44","guid":{"rendered":"https:\/\/roveyayinevi.com.tr\/index.php\/urun\/eski-yakin-dogunun-askeri-gucuordular-ve-stratejiler\/"},"modified":"2026-04-15T03:38:49","modified_gmt":"2026-04-15T00:38:49","slug":"eski-yakin-dogunun-askeri-gucuordular-ve-stratejiler","status":"publish","type":"product","link":"https:\/\/roveyayinevi.com.tr\/index.php\/urun\/eski-yakin-dogunun-askeri-gucuordular-ve-stratejiler\/","title":{"rendered":"Eski Yak\u0131n Do\u011fu&#8217;nun Askeri G\u00fcc\u00fc;Ordular ve Stratejiler"},"content":{"rendered":"<p>1. G\u0130R\u0130\u015e2. ESK\u0130 YAKIN DO\u011eU\u2019NUN CO\u011eRAF\u0130 YAPISI2.1. Eski Mezopotamya\u2019n\u0131n Co\u011frafi Yap\u0131s\u01312.2. Eski Anadolu\u2019nun Co\u011frafi Yap\u0131s\u01312.3. Eski M\u0131s\u0131r\u2019\u0131n Co\u011frafi Yap\u0131s\u01312.4. Eski \u0130ran\u2019\u0131n Co\u011frafi Yap\u0131s\u01313. ESK\u0130 MEZOPOTAMYA\u2019DA ORDU3.1. S\u00fcmer Ordusu3.2. Akkad Ordusu3.3. Babil Ordusu3.4. Asur Ordusu3.5. Elam Ordusu4. ESK\u0130 ANADOLU\u2019DA ORDU4.1. Hitit Ordusu4.2. Frig Ordusu4.3. Urartu Ordusu4.4. Lidya Ordusu4.5. \u0130yon \u015eehir Devletleri Ordusu5. ESK\u0130 MISIR\u2019DA ORDU5.1. Eski Krall\u0131k D\u00f6neminde Ordu5.2. Orta Krall\u0131k D\u00f6neminde Ordu5.3. Yeni Krall\u0131k D\u00f6neminde Ordu6. ESK\u0130 \u0130RAN\u2019DA ORDU6.1. Med Ordusu6.2. Pers Ordusu6.3. Part Ordusu7. SONU\u00c7.<\/p>\n","protected":false},"excerpt":{"rendered":"<p>1. G\u0130R\u0130\u015e2. ESK\u0130 YAKIN DO\u011eU\u2019NUN CO\u011eRAF\u0130 YAPISI2.1. Eski Mezopotamya\u2019n\u0131n Co\u011frafi Yap\u0131s\u01312.2. Eski Anadolu\u2019nun Co\u011frafi Yap\u0131s\u01312.3. Eski M\u0131s\u0131r\u2019\u0131n Co\u011frafi Yap\u0131s\u01312.4. Eski \u0130ran\u2019\u0131n Co\u011frafi Yap\u0131s\u01313. ESK\u0130 MEZOPOTAMYA\u2019DA ORDU3.1.<span class=\"excerpt-hellip\"> [\u2026]<\/span><\/p>\n","protected":false},"featured_media":0,"template":"","meta":{"_monsterinsights_skip_tracking":false,"_monsterinsights_sitenote_active":false,"_monsterinsights_sitenote_note":"","_monsterinsights_sitenote_category":0},"product_brand":[],"product_cat":[12370,12304],"product_tag":[],"class_list":{"0":"post-777998","1":"product","2":"type-product","3":"status-publish","5":"product_cat-arastirma-inceleme","6":"product_cat-tarih","7":"pa_cilt-ciltsiz","8":"pa_tur-kitap","9":"pa_yayinevi-ekin-yayinlari","10":"pa_yazar-kagan-donmez","12":"first","13":"instock","14":"sale","15":"shipping-taxable","16":"purchasable","17":"product-type-simple"},"_links":{"self":[{"href":"https:\/\/roveyayinevi.com.tr\/index.php\/wp-json\/wp\/v2\/product\/777998","targetHints":{"allow":["GET"]}}],"collection":[{"href":"https:\/\/roveyayinevi.com.tr\/index.php\/wp-json\/wp\/v2\/product"}],"about":[{"href":"https:\/\/roveyayinevi.com.tr\/index.php\/wp-json\/wp\/v2\/types\/product"}],"wp:attachment":[{"href":"https:\/\/roveyayinevi.com.tr\/index.php\/wp-json\/wp\/v2\/media?parent=777998"}],"wp:term":[{"taxonomy":"product_brand","embeddable":true,"href":"https:\/\/roveyayinevi.com.tr\/index.php\/wp-json\/wp\/v2\/product_brand?post=777998"},{"taxonomy":"product_cat","embeddable":true,"href":"https:\/\/roveyayinevi.com.tr\/index.php\/wp-json\/wp\/v2\/product_cat?post=777998"},{"taxonomy":"product_tag","embeddable":true,"href":"https:\/\/roveyayinevi.com.tr\/index.php\/wp-json\/wp\/v2\/product_tag?post=777998"}],"curies":[{"name":"wp","href":"https:\/\/api.w.org\/{rel}","templated":true}]}}