{"id":777997,"date":"2025-10-28T19:54:45","date_gmt":"2025-10-28T16:54:45","guid":{"rendered":"https:\/\/roveyayinevi.com.tr\/index.php\/urun\/savunma-ve-guvenlik-ekonomisi-uygulama-turkiye-dunya\/"},"modified":"2025-11-07T11:41:44","modified_gmt":"2025-11-07T08:41:44","slug":"savunma-ve-guvenlik-ekonomisi-uygulama-turkiye-dunya","status":"publish","type":"product","link":"https:\/\/roveyayinevi.com.tr\/index.php\/urun\/savunma-ve-guvenlik-ekonomisi-uygulama-turkiye-dunya\/","title":{"rendered":"Savunma ve G\u00fcvenlik Ekonomisi &#8211; Uygulama &#8211; T\u00fcrkiye &#8211; D\u00fcnya"},"content":{"rendered":"<p>Savunma ve g\u00fcvenlik ekonomisi, g\u00fcvenli\u011fin giderek daha karma\u015f\u0131k ve \u00e7ok katmanl\u0131 h\u00e2le geldi\u011fi bir d\u00fcnyada, g\u00fcvenlik i\u00e7in ayr\u0131lan kaynaklar\u0131n ekonomik, toplumsal ve siyasal sonu\u00e7lar\u0131na odaklanan disiplinler aras\u0131 bir aland\u0131r. G\u00fcvenli\u011fin ekonomik boyutunu anlamadan bar\u0131\u015f\u00e7\u0131l bir gelecek in\u015fa edilemeyece\u011fi d\u00fc\u015f\u00fcncesiyle haz\u0131rlanan bu \u00e7al\u0131\u015fma, g\u00fcvenlik ile ekonomi aras\u0131ndaki k\u0131r\u0131lgan dengeyi sorgulamaktad\u0131r. Bu kapsamda kitap, savunma ve g\u00fcvenli\u011fin teorik temellerinden yola \u00e7\u0131karak g\u00fcvenli\u011fin d\u00f6n\u00fc\u015fen tan\u0131m\u0131 ve de\u011fi\u015fen tehdit alg\u0131lar\u0131 inceledikten sonra kamusal bir hizmet olarak savunma ve g\u00fcvenlik hizmetlerinin finansman\u0131, savunma harcamalar\u0131n\u0131n f\u0131rsat maliyeti, kaynak tahsisi \u00fczerindeki etkileri ve maliye politikalar\u0131yla etkile\u015fimi gibi kamu ekonomisinin temel meselelerini derinlemesine analiz etmektedir. Ayr\u0131ca kitap, T\u00fcrkiye\u2019nin savunma b\u00fct\u00e7esinin tarihsel geli\u015fimini, g\u00fcvenlik ve sanayile\u015fme politikalar\u0131yla ili\u015fkisini ve savunma harcamalar\u0131n\u0131n kamu harcamalar\u0131 i\u00e7indeki rol\u00fcn\u00fc de\u011ferlendirir. NATO ve \u00fcye \u00fclkeler, BMGK, Rusya, \u00c7in ve \u0130srail gibi akt\u00f6rlerin g\u00fcvenlik stratejileri savunma ve g\u00fcvenlik ekonomisi boyutlar\u0131yla kar\u015f\u0131la\u015ft\u0131rmal\u0131 olarak ele almaktad\u0131r. K\u0131sacas\u0131 disiplinleraras\u0131 bir yakla\u015f\u0131mla haz\u0131rlanan bu eser, yaln\u0131zca ekonomi ve g\u00fcvenlik alan\u0131nda \u00e7al\u0131\u015fan ara\u015ft\u0131rmac\u0131lar i\u00e7in de\u011fil politika yap\u0131c\u0131lar ve karar al\u0131c\u0131lar i\u00e7in de referans niteli\u011finde bir kaynakt\u0131r. <\/p>\n","protected":false},"excerpt":{"rendered":"<p>Savunma ve g\u00fcvenlik ekonomisi, g\u00fcvenli\u011fin giderek daha karma\u015f\u0131k ve \u00e7ok katmanl\u0131 h\u00e2le geldi\u011fi bir d\u00fcnyada, g\u00fcvenlik i\u00e7in ayr\u0131lan kaynaklar\u0131n ekonomik, toplumsal ve siyasal sonu\u00e7lar\u0131na odaklanan disiplinler<span class=\"excerpt-hellip\"> [\u2026]<\/span><\/p>\n","protected":false},"featured_media":0,"template":"","meta":{"_monsterinsights_skip_tracking":false,"_monsterinsights_sitenote_active":false,"_monsterinsights_sitenote_note":"","_monsterinsights_sitenote_category":0},"product_brand":[],"product_cat":[12337,14543],"product_tag":[],"class_list":{"0":"post-777997","1":"product","2":"type-product","3":"status-publish","5":"product_cat-politika-siyaset","6":"product_cat-turkiye-siyaseti-ve-politikasi","7":"pa_cilt-ciltsiz","8":"pa_tur-kitap","9":"pa_yayinevi-nobel-akademik-yayincilik","10":"pa_yazar-servet-tasdelen","12":"first","13":"instock","14":"sale","15":"shipping-taxable","16":"purchasable","17":"product-type-simple"},"_links":{"self":[{"href":"https:\/\/roveyayinevi.com.tr\/index.php\/wp-json\/wp\/v2\/product\/777997","targetHints":{"allow":["GET"]}}],"collection":[{"href":"https:\/\/roveyayinevi.com.tr\/index.php\/wp-json\/wp\/v2\/product"}],"about":[{"href":"https:\/\/roveyayinevi.com.tr\/index.php\/wp-json\/wp\/v2\/types\/product"}],"wp:attachment":[{"href":"https:\/\/roveyayinevi.com.tr\/index.php\/wp-json\/wp\/v2\/media?parent=777997"}],"wp:term":[{"taxonomy":"product_brand","embeddable":true,"href":"https:\/\/roveyayinevi.com.tr\/index.php\/wp-json\/wp\/v2\/product_brand?post=777997"},{"taxonomy":"product_cat","embeddable":true,"href":"https:\/\/roveyayinevi.com.tr\/index.php\/wp-json\/wp\/v2\/product_cat?post=777997"},{"taxonomy":"product_tag","embeddable":true,"href":"https:\/\/roveyayinevi.com.tr\/index.php\/wp-json\/wp\/v2\/product_tag?post=777997"}],"curies":[{"name":"wp","href":"https:\/\/api.w.org\/{rel}","templated":true}]}}