{"id":777995,"date":"2025-10-28T19:30:35","date_gmt":"2025-10-28T16:30:35","guid":{"rendered":"https:\/\/roveyayinevi.com.tr\/index.php\/urun\/jandarma-tarihi-ve-yonetimi-fransa-i-dunya-savasi-ve-afet-yonetimi\/"},"modified":"2025-11-07T11:17:55","modified_gmt":"2025-11-07T08:17:55","slug":"jandarma-tarihi-ve-yonetimi-fransa-i-dunya-savasi-ve-afet-yonetimi","status":"publish","type":"product","link":"https:\/\/roveyayinevi.com.tr\/index.php\/urun\/jandarma-tarihi-ve-yonetimi-fransa-i-dunya-savasi-ve-afet-yonetimi\/","title":{"rendered":"Jandarma Tarihi ve Y\u00f6netimi (Fransa, I. D\u00fcnya Sava\u015f\u0131 ve Afet Y\u00f6netimi)"},"content":{"rendered":"<p>Devlet, ortaya \u00e7\u0131kt\u0131\u011f\u0131 ilk g\u00fcnden itibaren varolu\u015f amac\u0131 olan g\u00fcvenli\u011fi tesis etmek \u00fczerine yo\u011funla\u015fm\u0131\u015ft\u0131r. Devletin de\u011fi\u015fmesine ve d\u00f6n\u00fc\u015fmesine paralel olarak kolluk \u00f6rg\u00fctlenmeleri de bir b\u00fct\u00fcn h\u00e2linde bu s\u00fcrece uyum g\u00f6stermi\u015ftir. Tanzimat d\u00f6neminde neredeyse her alanda Bat\u0131l\u0131la\u015fmaya meyledilmi\u015ftir. Etki, esin, n\u00fcfuz ya da tazyik s\u00f6zc\u00fckleriyle de an\u0131labilecek bu reformlardan kolluk \u00f6rg\u00fctlenmesi, hassaten Jandarma Te\u015fkilat\u0131 da pay\u0131n\u0131 alm\u0131\u015ft\u0131r.Jandarma, Birinci D\u00fcnya Sava\u015f\u0131 d\u00f6neminde olduk\u00e7a \u00f6nemli asker\u00ee g\u00f6revler ifa etmi\u015ftir. G\u00fcn\u00fcm\u00fczde ise yaln\u0131zca asli g\u00f6revi olan g\u00fcvenlik ve asayi\u015fi tesis etmekle kalmamakta, ayn\u0131 zamanda do\u011fal afetlerle m\u00fccadele konusunda da aktif roller \u00fcstlenmektedir.Elinizdeki bu kitap, t\u0131pk\u0131 Jandarman\u0131n g\u00fcn\u00fcm\u00fczdeki rol\u00fcne benzer \u015fekilde Jandarma Te\u015fkilat\u0131n\u0131n yaln\u0131zca asli g\u00f6revlerine de\u011fil ayn\u0131 zamanda onun do\u011fal afetlerdeki g\u00f6revleri \u00fczerine de odaklanmaktad\u0131r. Kitap, Frans\u0131z Jandarma Te\u015fkilat\u0131n\u0131n olu\u015fum s\u00fcrecini ele alarak ba\u015flamakta ve sonras\u0131nda Osmanl\u0131 Devletinde jandarma te\u015fkilat\u0131n\u0131n kurulmas\u0131, jandarman\u0131n Birinci D\u00fcnya Sava\u015f\u0131\u2019nda Sina ve Filistin Cephelerindeki faaliyetleriyle Umum Jandarma Kumandan\u0131 Miralay Ali Kemal S\u0131rr\u0131 Bey&#8217;in raporu \u00fczerinden \u0130zmir&#8217;in i\u015fgali, jandarma ve polise yap\u0131lan muameleleri de\u011ferlendirmektedir. Son olarak da g\u00fcn\u00fcm\u00fczde Jandarman\u0131n deprem, sel, \u00e7\u0131\u011f, orman yang\u0131nlar\u0131 gibi do\u011fal afetlerde \u00f6nemli roller \u00fcstlenmesini, Fransa&#8217;da afet y\u00f6netimi ve Jandarman\u0131n rol\u00fc ba\u015fl\u0131\u011f\u0131 alt\u0131nda \u00f6zel olarak analiz etmektedir.<\/p>\n","protected":false},"excerpt":{"rendered":"<p>Devlet, ortaya \u00e7\u0131kt\u0131\u011f\u0131 ilk g\u00fcnden itibaren varolu\u015f amac\u0131 olan g\u00fcvenli\u011fi tesis etmek \u00fczerine yo\u011funla\u015fm\u0131\u015ft\u0131r. Devletin de\u011fi\u015fmesine ve d\u00f6n\u00fc\u015fmesine paralel olarak kolluk \u00f6rg\u00fctlenmeleri de bir b\u00fct\u00fcn h\u00e2linde<span class=\"excerpt-hellip\"> [\u2026]<\/span><\/p>\n","protected":false},"featured_media":0,"template":"","meta":{"_monsterinsights_skip_tracking":false,"_monsterinsights_sitenote_active":false,"_monsterinsights_sitenote_note":"","_monsterinsights_sitenote_category":0},"product_brand":[],"product_cat":[12304],"product_tag":[],"class_list":{"0":"post-777995","1":"product","2":"type-product","3":"status-publish","5":"product_cat-tarih","6":"pa_cilt-ciltsiz","7":"pa_tur-kitap","8":"pa_yayinevi-nobel-bilimsel-eserler","9":"pa_yazar-kolektif","11":"first","12":"instock","13":"sale","14":"shipping-taxable","15":"purchasable","16":"product-type-simple"},"_links":{"self":[{"href":"https:\/\/roveyayinevi.com.tr\/index.php\/wp-json\/wp\/v2\/product\/777995","targetHints":{"allow":["GET"]}}],"collection":[{"href":"https:\/\/roveyayinevi.com.tr\/index.php\/wp-json\/wp\/v2\/product"}],"about":[{"href":"https:\/\/roveyayinevi.com.tr\/index.php\/wp-json\/wp\/v2\/types\/product"}],"wp:attachment":[{"href":"https:\/\/roveyayinevi.com.tr\/index.php\/wp-json\/wp\/v2\/media?parent=777995"}],"wp:term":[{"taxonomy":"product_brand","embeddable":true,"href":"https:\/\/roveyayinevi.com.tr\/index.php\/wp-json\/wp\/v2\/product_brand?post=777995"},{"taxonomy":"product_cat","embeddable":true,"href":"https:\/\/roveyayinevi.com.tr\/index.php\/wp-json\/wp\/v2\/product_cat?post=777995"},{"taxonomy":"product_tag","embeddable":true,"href":"https:\/\/roveyayinevi.com.tr\/index.php\/wp-json\/wp\/v2\/product_tag?post=777995"}],"curies":[{"name":"wp","href":"https:\/\/api.w.org\/{rel}","templated":true}]}}