{"id":777994,"date":"2025-10-28T19:25:30","date_gmt":"2025-10-28T16:25:30","guid":{"rendered":"https:\/\/roveyayinevi.com.tr\/index.php\/urun\/milyar-dolarlik-kitap-is-dunyasinin-en-guclu-liderleri\/"},"modified":"2026-04-13T03:30:23","modified_gmt":"2026-04-13T00:30:23","slug":"milyar-dolarlik-kitap-is-dunyasinin-en-guclu-liderleri","status":"publish","type":"product","link":"https:\/\/roveyayinevi.com.tr\/index.php\/urun\/milyar-dolarlik-kitap-is-dunyasinin-en-guclu-liderleri\/","title":{"rendered":"Milyar Dolarl\u0131k Kitap &#8211; \u0130\u015f D\u00fcnyas\u0131n\u0131n En G\u00fc\u00e7l\u00fc Liderleri"},"content":{"rendered":"<p>\u201cBa\u015far\u0131l\u0131 olmak i\u00e7in d\u00e2hi, ileri g\u00f6r\u00fc\u015fl\u00fc, hatta \u00fcniversite mezunu olman\u0131za gerek yok. Sadece bir \u00e7er\u00e7eveye ve bir hayale ihtiyac\u0131n\u0131z var.\u201dMichael Dell21. y\u00fczy\u0131lda neredeyse t\u00fcm d\u00fcnyada hemen her alanda paradigmalar de\u011fi\u015fmeye ba\u015flad\u0131. Teknoloji \u00f6ylesine b\u00fcy\u00fck bir ivme kazand\u0131 ki i\u015f d\u00fcnyas\u0131nda da tamamen kartlar\u0131n yeniden da\u011f\u0131t\u0131lmas\u0131na neden olarak bilgiyi elinde tutanlara b\u00fcy\u00fck bir g\u00fc\u00e7 ve zenginlik sa\u011flad\u0131. Bir fikirle yola \u00e7\u0131kan ve bilginin g\u00fcc\u00fcnden faydalanan giri\u015fimciler ise \u00e7e\u015fitli yat\u0131r\u0131mlarda bulunarak \u00e7ok daha farkl\u0131 alanlarda bug\u00fcn dahi s\u00f6z sahibi durumundalar. Peki, Bernard Arnault, Elon Musk ve Jeff Bezos gibi 21. y\u00fczy\u0131l\u0131n giri\u015fimcilerinin hik\u00e2yeleri nas\u0131l ba\u015flad\u0131? Bug\u00fcn d\u00fcnya devleri aras\u0131nda yer almak ad\u0131na nas\u0131l bir yol izlediler?<\/p>\n","protected":false},"excerpt":{"rendered":"<p>\u201cBa\u015far\u0131l\u0131 olmak i\u00e7in d\u00e2hi, ileri g\u00f6r\u00fc\u015fl\u00fc, hatta \u00fcniversite mezunu olman\u0131za gerek yok. Sadece bir \u00e7er\u00e7eveye ve bir hayale ihtiyac\u0131n\u0131z var.\u201dMichael Dell21. y\u00fczy\u0131lda neredeyse t\u00fcm d\u00fcnyada hemen<span class=\"excerpt-hellip\"> [\u2026]<\/span><\/p>\n","protected":false},"featured_media":0,"template":"","meta":{"_monsterinsights_skip_tracking":false,"_monsterinsights_sitenote_active":false,"_monsterinsights_sitenote_note":"","_monsterinsights_sitenote_category":0},"product_brand":[],"product_cat":[12364,12376],"product_tag":[],"class_list":{"0":"post-777994","1":"product","2":"type-product","3":"status-publish","5":"product_cat-genel-konular","6":"product_cat-kisisel-gelisim","7":"pa_cilt-ciltsiz","8":"pa_tur-kitap","9":"pa_yayinevi-stabil-kitap","10":"pa_yazar-sebastian-c-heimdall","12":"first","13":"instock","14":"sale","15":"shipping-taxable","16":"purchasable","17":"product-type-simple"},"_links":{"self":[{"href":"https:\/\/roveyayinevi.com.tr\/index.php\/wp-json\/wp\/v2\/product\/777994","targetHints":{"allow":["GET"]}}],"collection":[{"href":"https:\/\/roveyayinevi.com.tr\/index.php\/wp-json\/wp\/v2\/product"}],"about":[{"href":"https:\/\/roveyayinevi.com.tr\/index.php\/wp-json\/wp\/v2\/types\/product"}],"wp:attachment":[{"href":"https:\/\/roveyayinevi.com.tr\/index.php\/wp-json\/wp\/v2\/media?parent=777994"}],"wp:term":[{"taxonomy":"product_brand","embeddable":true,"href":"https:\/\/roveyayinevi.com.tr\/index.php\/wp-json\/wp\/v2\/product_brand?post=777994"},{"taxonomy":"product_cat","embeddable":true,"href":"https:\/\/roveyayinevi.com.tr\/index.php\/wp-json\/wp\/v2\/product_cat?post=777994"},{"taxonomy":"product_tag","embeddable":true,"href":"https:\/\/roveyayinevi.com.tr\/index.php\/wp-json\/wp\/v2\/product_tag?post=777994"}],"curies":[{"name":"wp","href":"https:\/\/api.w.org\/{rel}","templated":true}]}}