{"id":777991,"date":"2025-10-28T18:18:57","date_gmt":"2025-10-28T15:18:57","guid":{"rendered":"https:\/\/roveyayinevi.com.tr\/index.php\/urun\/bilimsel-arastirma-yapma-yayinlama-sunum-yol-ve-yontemleri\/"},"modified":"2026-04-16T03:12:27","modified_gmt":"2026-04-16T00:12:27","slug":"bilimsel-arastirma-yapma-yayinlama-sunum-yol-ve-yontemleri","status":"publish","type":"product","link":"https:\/\/roveyayinevi.com.tr\/index.php\/urun\/bilimsel-arastirma-yapma-yayinlama-sunum-yol-ve-yontemleri\/","title":{"rendered":"Bilimsel Ara\u015ft\u0131rma Yapma-Yay\u0131nlama-Sunum Yol ve Y\u00f6ntemleri"},"content":{"rendered":"<p>Bu kitapta, bir ara\u015ft\u0131rman\u0131n bilimsel nitelik ta\u015f\u0131yabilmesi i\u00e7in gerekli olan unsurlar, bilimsel ara\u015ft\u0131rma s\u00fcreci ve ara\u015ft\u0131rma sonu\u00e7lar\u0131n\u0131n raporlanmas\u0131\/sunulmas\u0131na dair temel hususlar \u00fczerinde durulmu\u015ftur. Ara\u015ft\u0131rma y\u00f6ntemleri ile ilgili kitaplar\u0131n \u00e7o\u011funda daha ziyade \u201cveri toplama ve analiz etme\u201d y\u00f6ntemleri anlat\u0131lmaktad\u0131r ancak bu bilgiler ilgilenilen bilim alan\u0131na ba\u011fl\u0131 olarak de\u011fi\u015fmektedir. Bu kitapta, \u00f6zellikle fen ve m\u00fchendislik alanlar\u0131nda ara\u015ft\u0131rmaya yeni ba\u015flayan birinin \u00e7ok da kullanmayaca\u011f\u0131 \u00e7ok teorik ve genel bilgilerden ziyade pratik olarak i\u015fine yarayacak hususlar\u0131n ayr\u0131nt\u0131l\u0131 olarak anlat\u0131lmas\u0131 ye\u011flendi. Bu bak\u0131mdan kitab\u0131n i\u00e7eri\u011fi; bilim ve bilimsel bilgi ile ilgili tan\u0131mlamalarla ba\u015flamakta, belirlenen ara\u015ft\u0131rma konusuna y\u00f6nelik literat\u00fcr taramas\u0131 b\u00f6l\u00fcm\u00fc ile devam etmekte ve ara\u015ft\u0131rma sonu\u00e7lar\u0131n\u0131n yaz\u0131l\u0131 ve s\u00f6zl\u00fc sunulmas\u0131na dair esaslar\u0131n verilmesi ile bitirilmektedir. Makalenin yay\u0131nlanmak \u00fczere sunulmas\u0131 sonras\u0131nda ge\u00e7irece\u011fi evrelerden en \u00f6nemlisi olan hakem ve edit\u00f6r denetimine ili\u015fkin ipu\u00e7lar\u0131 vermesi bak\u0131m\u0131ndan yararl\u0131 olaca\u011f\u0131 d\u00fc\u015f\u00fcncesiyle \u201cMakale Hakemli\u011fi Yapma\u201d ba\u015fl\u0131kl\u0131 bir kesim ise ek olarak konulmu\u015ftur.<\/p>\n","protected":false},"excerpt":{"rendered":"<p>Bu kitapta, bir ara\u015ft\u0131rman\u0131n bilimsel nitelik ta\u015f\u0131yabilmesi i\u00e7in gerekli olan unsurlar, bilimsel ara\u015ft\u0131rma s\u00fcreci ve ara\u015ft\u0131rma sonu\u00e7lar\u0131n\u0131n raporlanmas\u0131\/sunulmas\u0131na dair temel hususlar \u00fczerinde durulmu\u015ftur. Ara\u015ft\u0131rma y\u00f6ntemleri ile<span class=\"excerpt-hellip\"> [\u2026]<\/span><\/p>\n","protected":false},"featured_media":0,"template":"","meta":{"_monsterinsights_skip_tracking":false,"_monsterinsights_sitenote_active":false,"_monsterinsights_sitenote_note":"","_monsterinsights_sitenote_category":0},"product_brand":[],"product_cat":[12573,12566],"product_tag":[],"class_list":{"0":"post-777991","1":"product","2":"type-product","3":"status-publish","5":"product_cat-akademik-kitaplar","6":"product_cat-egitim","7":"pa_cilt-ciltsiz","8":"pa_tur-kitap","9":"pa_yayinevi-nobel-akademik-yayincilik","10":"pa_yazar-mehmet-ertas-sedat-ozsoy","12":"first","13":"instock","14":"sale","15":"shipping-taxable","16":"purchasable","17":"product-type-simple"},"_links":{"self":[{"href":"https:\/\/roveyayinevi.com.tr\/index.php\/wp-json\/wp\/v2\/product\/777991","targetHints":{"allow":["GET"]}}],"collection":[{"href":"https:\/\/roveyayinevi.com.tr\/index.php\/wp-json\/wp\/v2\/product"}],"about":[{"href":"https:\/\/roveyayinevi.com.tr\/index.php\/wp-json\/wp\/v2\/types\/product"}],"wp:attachment":[{"href":"https:\/\/roveyayinevi.com.tr\/index.php\/wp-json\/wp\/v2\/media?parent=777991"}],"wp:term":[{"taxonomy":"product_brand","embeddable":true,"href":"https:\/\/roveyayinevi.com.tr\/index.php\/wp-json\/wp\/v2\/product_brand?post=777991"},{"taxonomy":"product_cat","embeddable":true,"href":"https:\/\/roveyayinevi.com.tr\/index.php\/wp-json\/wp\/v2\/product_cat?post=777991"},{"taxonomy":"product_tag","embeddable":true,"href":"https:\/\/roveyayinevi.com.tr\/index.php\/wp-json\/wp\/v2\/product_tag?post=777991"}],"curies":[{"name":"wp","href":"https:\/\/api.w.org\/{rel}","templated":true}]}}