{"id":777990,"date":"2025-10-28T14:40:33","date_gmt":"2025-10-28T11:40:33","guid":{"rendered":"https:\/\/roveyayinevi.com.tr\/index.php\/urun\/asperger-sendromu-ve-otizm-cocukluktan-yetiskinlige\/"},"modified":"2026-04-16T02:35:53","modified_gmt":"2026-04-15T23:35:53","slug":"asperger-sendromu-ve-otizm-cocukluktan-yetiskinlige","status":"publish","type":"product","link":"https:\/\/roveyayinevi.com.tr\/index.php\/urun\/asperger-sendromu-ve-otizm-cocukluktan-yetiskinlige\/","title":{"rendered":"Asperger Sendromu Ve Otizm: \u00c7ocukluktan Yeti\u015fkinli\u011fe"},"content":{"rendered":"<p>Asperger sendromu ve otizm alanyaz\u0131nda y\u0131llard\u0131r var olan yetersizlikler olsa da bu yetersizliklere sahip olan bireylerin aileleri, onlarla iletisim halinde olan \u00e7evrelerindeki insanlar ve \u00f6gretmenleri i\u00e7in bu durumun tam olarak ne anlama geldigini ve yasad\u0131klar\u0131 zorluklar\u0131n neler oldugunu \u00e7ok az kisi anlayabilmektedir. Amerikan Psikiyatri Birligi tan\u0131 dogrulugunun bir birey i\u00e7in haz\u0131rlanacak olan tedavi planlamas\u0131n\u0131n ilk ad\u0131m\u0131 oldugunu vurgulamaktad\u0131r. Bu da bizlere yasad\u0131g\u0131m\u0131z ya da m\u00fcdahalede bulunacag\u0131m\u0131z bireyleri tan\u0131man\u0131n, bu bireylerin hayatlar\u0131n\u0131n her alan\u0131nda yasad\u0131klar\u0131 zorluklar\u0131n neler oldugu ve bu zorluklara nas\u0131l \u00e7\u00f6z\u00fcm \u00fcretebilecegimizi bilmenin ne kadar \u00f6nemli oldugunu g\u00f6stermektedir. Bu nedenle haz\u0131rlad\u0131g\u0131m\u0131z kitap, anne-babalar\u0131n ve uygulamac\u0131lar\u0131n bu bireyleri anlamalar\u0131na yard\u0131mc\u0131 olmak ve onlar\u0131na sorunlar\u0131na pratik \u00e7\u00f6z\u00fcmler getirebilmelerine desteklemek amac\u0131yla yaz\u0131lm\u0131st\u0131r.<\/p>\n","protected":false},"excerpt":{"rendered":"<p>Asperger sendromu ve otizm alanyaz\u0131nda y\u0131llard\u0131r var olan yetersizlikler olsa da bu yetersizliklere sahip olan bireylerin aileleri, onlarla iletisim halinde olan \u00e7evrelerindeki insanlar ve \u00f6gretmenleri i\u00e7in<span class=\"excerpt-hellip\"> [\u2026]<\/span><\/p>\n","protected":false},"featured_media":0,"template":"","meta":{"_monsterinsights_skip_tracking":false,"_monsterinsights_sitenote_active":false,"_monsterinsights_sitenote_note":"","_monsterinsights_sitenote_category":0},"product_brand":[],"product_cat":[12573,12566],"product_tag":[],"class_list":{"0":"post-777990","1":"product","2":"type-product","3":"status-publish","5":"product_cat-akademik-kitaplar","6":"product_cat-egitim","7":"pa_cilt-ciltsiz","8":"pa_tur-kitap","9":"pa_yayinevi-egiten-kitap","10":"pa_yazar-egiten-kitap-kolektif","12":"first","13":"instock","14":"sale","15":"shipping-taxable","16":"purchasable","17":"product-type-simple"},"_links":{"self":[{"href":"https:\/\/roveyayinevi.com.tr\/index.php\/wp-json\/wp\/v2\/product\/777990","targetHints":{"allow":["GET"]}}],"collection":[{"href":"https:\/\/roveyayinevi.com.tr\/index.php\/wp-json\/wp\/v2\/product"}],"about":[{"href":"https:\/\/roveyayinevi.com.tr\/index.php\/wp-json\/wp\/v2\/types\/product"}],"wp:attachment":[{"href":"https:\/\/roveyayinevi.com.tr\/index.php\/wp-json\/wp\/v2\/media?parent=777990"}],"wp:term":[{"taxonomy":"product_brand","embeddable":true,"href":"https:\/\/roveyayinevi.com.tr\/index.php\/wp-json\/wp\/v2\/product_brand?post=777990"},{"taxonomy":"product_cat","embeddable":true,"href":"https:\/\/roveyayinevi.com.tr\/index.php\/wp-json\/wp\/v2\/product_cat?post=777990"},{"taxonomy":"product_tag","embeddable":true,"href":"https:\/\/roveyayinevi.com.tr\/index.php\/wp-json\/wp\/v2\/product_tag?post=777990"}],"curies":[{"name":"wp","href":"https:\/\/api.w.org\/{rel}","templated":true}]}}