{"id":777986,"date":"2025-10-28T11:05:11","date_gmt":"2025-10-28T08:05:11","guid":{"rendered":"https:\/\/roveyayinevi.com.tr\/index.php\/urun\/hz-alinin-hilafet-hakki-meselesinde-gadiri-hum-olayi\/"},"modified":"2026-04-16T02:06:25","modified_gmt":"2026-04-15T23:06:25","slug":"hz-alinin-hilafet-hakki-meselesinde-gadiri-hum-olayi","status":"publish","type":"product","link":"https:\/\/roveyayinevi.com.tr\/index.php\/urun\/hz-alinin-hilafet-hakki-meselesinde-gadiri-hum-olayi\/","title":{"rendered":"Hz. Ali\u2019nin Hilafet Hakk\u0131 Meselesinde Gadiri Hum Olay\u0131"},"content":{"rendered":"<p>Hz. Peygamber&#8217;in vefat\u0131ndan sonra ortaya \u00e7\u0131kan halife se\u00e7imi meselesi, m\u00fcsl\u00fcmanlar aras\u0131nda meydana gelen ilk \u00f6nemli siyasi ihtilaft\u0131r. Bu mesele \u0130slam tarifi boyunca tart\u0131\u015f\u0131ld\u0131\u011f\u0131 gibi bundan sonra da \u00e7e\u015fitli zeminlerde tart\u0131\u015fma konusu olacakt\u0131r. Mezhep mensuplar\u0131, hilafetle ilgili tart\u0131\u015fmalar\u0131nda, Kuran-\u0131 Kerim&#8217;de bu konuda kendilerine delil bulamad\u0131klar\u0131 i\u00e7in \u00e7o\u011funlukla hadislere m\u00fcracaat etmekte, bu ama\u00e7la baz\u0131 hadislere ilgisiz anlamlar verilmekte, hatta mezheplerin g\u00f6r\u00fc\u015flerini destekleyen baz\u0131 s\u00f6zler Resulullah&#8217;a nispet edilmektedir. Bu \u00e7al\u0131\u015fma, hilafet meselesinin anla\u015f\u0131lmas\u0131na katk\u0131da bulunmay\u0131 ve \u015eia&#8217;n\u0131n \u00f6nemli delillerinden birisi olan Gad\u00eer-i Hum olay\u0131 ve Gad\u00eer-i Hum&#8217;da Peygamberimizin s\u00f6yledi\u011fi s\u00f6zlerin de\u011ferlendirilmesini tarih ve hadis kitaplar\u0131na dayanarak yapmay\u0131 hedeflemi\u015ftir.<\/p>\n","protected":false},"excerpt":{"rendered":"<p>Hz. Peygamber&#8217;in vefat\u0131ndan sonra ortaya \u00e7\u0131kan halife se\u00e7imi meselesi, m\u00fcsl\u00fcmanlar aras\u0131nda meydana gelen ilk \u00f6nemli siyasi ihtilaft\u0131r. Bu mesele \u0130slam tarifi boyunca tart\u0131\u015f\u0131ld\u0131\u011f\u0131 gibi bundan sonra<span class=\"excerpt-hellip\"> [\u2026]<\/span><\/p>\n","protected":false},"featured_media":0,"template":"","meta":{"_monsterinsights_skip_tracking":false,"_monsterinsights_sitenote_active":false,"_monsterinsights_sitenote_note":"","_monsterinsights_sitenote_category":0},"product_brand":[],"product_cat":[12718,12719,18109],"product_tag":[],"class_list":{"0":"post-777986","1":"product","2":"type-product","3":"status-publish","5":"product_cat-din","6":"product_cat-islam","7":"product_cat-islam-tarihi","8":"pa_cilt-ciltsiz","9":"pa_tur-kitap","10":"pa_yayinevi-beyan-yayinlari","11":"pa_yazar-adnan-demircan","13":"first","14":"instock","15":"sale","16":"shipping-taxable","17":"purchasable","18":"product-type-simple"},"_links":{"self":[{"href":"https:\/\/roveyayinevi.com.tr\/index.php\/wp-json\/wp\/v2\/product\/777986","targetHints":{"allow":["GET"]}}],"collection":[{"href":"https:\/\/roveyayinevi.com.tr\/index.php\/wp-json\/wp\/v2\/product"}],"about":[{"href":"https:\/\/roveyayinevi.com.tr\/index.php\/wp-json\/wp\/v2\/types\/product"}],"wp:attachment":[{"href":"https:\/\/roveyayinevi.com.tr\/index.php\/wp-json\/wp\/v2\/media?parent=777986"}],"wp:term":[{"taxonomy":"product_brand","embeddable":true,"href":"https:\/\/roveyayinevi.com.tr\/index.php\/wp-json\/wp\/v2\/product_brand?post=777986"},{"taxonomy":"product_cat","embeddable":true,"href":"https:\/\/roveyayinevi.com.tr\/index.php\/wp-json\/wp\/v2\/product_cat?post=777986"},{"taxonomy":"product_tag","embeddable":true,"href":"https:\/\/roveyayinevi.com.tr\/index.php\/wp-json\/wp\/v2\/product_tag?post=777986"}],"curies":[{"name":"wp","href":"https:\/\/api.w.org\/{rel}","templated":true}]}}