{"id":777985,"date":"2025-10-28T11:04:58","date_gmt":"2025-10-28T08:04:58","guid":{"rendered":"https:\/\/roveyayinevi.com.tr\/index.php\/urun\/haricilerin-siyasi-faaliyetleri\/"},"modified":"2026-04-16T02:06:25","modified_gmt":"2026-04-15T23:06:25","slug":"haricilerin-siyasi-faaliyetleri","status":"publish","type":"product","link":"https:\/\/roveyayinevi.com.tr\/index.php\/urun\/haricilerin-siyasi-faaliyetleri\/","title":{"rendered":"Haricilerin Siyasi Faaliyetleri"},"content":{"rendered":"<p>H\u00e2ric\u00eelik, \u0130sl\u00e2m mezhepleri aras\u0131nda siy\u00e2s\u00ee g\u00fcndem olu\u015fturma a\u00e7\u0131s\u0131ndan en \u00f6nemli mezheplerden birisidir. Hz. Ali ve Muaviye aras\u0131nda ya\u015fanan halifelik m\u00fccadelesine getirdikleri farkl\u0131 yorumlarla ortaya \u00e7\u0131kan bu mezhep taraftarlar\u0131 uzun y\u0131llar \u0130sl\u00e2m Tarihi&#8217;nin siy\u00e2s\u00ee ve fikr\u00ee tart\u0131\u015fmalar\u0131nda \u00f6nemli yer edinmi\u015flerdir.H\u00e2ric\u00eeler, mezhepler tarihi taraf\u0131ndan incelenebilecekleri gibi, bir eylem mezhebi olmalar\u0131 itibariyle \u0130sl\u00e2m Tarihi&#8217;nin de konusudurlar. Esasen H\u00e2ric\u00eeler, g\u00f6r\u00fc\u015f ve d\u00fc\u015f\u00fcncelerinden ziyade s\u00fcrekli isyan i\u00e7inde olmalar\u0131yla tan\u0131nmaktad\u0131rlar.Bu \u00e7al\u0131\u015fma, H\u00e2ric\u00eelerin en g\u00fc\u00e7l\u00fc olduklar\u0131 Emeviler devri sonuna kadar s\u00fcren faaliyetlerini inceleme konusu yapm\u0131\u015ft\u0131r. Emeviler d\u00f6nemi, bir\u00e7ok mezhebin \u015fekillendi\u011fi bir devir olmas\u0131 nedeniyle \u00f6nem arzetmektedir.Bu d\u00f6nemde H\u00e2ric\u00eelerin hem fikr\u00ee hayat\u0131 \u00fczerinde, hem de eylemlerinden dolay\u0131 \u00fclkenin siy\u00e2seti \u00fczerinde \u00f6nemli izler b\u0131rakt\u0131klar\u0131 g\u00f6r\u00fclmektedir.<\/p>\n","protected":false},"excerpt":{"rendered":"<p>H\u00e2ric\u00eelik, \u0130sl\u00e2m mezhepleri aras\u0131nda siy\u00e2s\u00ee g\u00fcndem olu\u015fturma a\u00e7\u0131s\u0131ndan en \u00f6nemli mezheplerden birisidir. Hz. Ali ve Muaviye aras\u0131nda ya\u015fanan halifelik m\u00fccadelesine getirdikleri farkl\u0131 yorumlarla ortaya \u00e7\u0131kan bu<span class=\"excerpt-hellip\"> [\u2026]<\/span><\/p>\n","protected":false},"featured_media":0,"template":"","meta":{"_monsterinsights_skip_tracking":false,"_monsterinsights_sitenote_active":false,"_monsterinsights_sitenote_note":"","_monsterinsights_sitenote_category":0},"product_brand":[],"product_cat":[13059,12337],"product_tag":[],"class_list":{"0":"post-777985","1":"product","2":"type-product","3":"status-publish","5":"product_cat-diger-politika-siyaset","6":"product_cat-politika-siyaset","7":"pa_cilt-ciltsiz","8":"pa_tur-kitap","9":"pa_yayinevi-beyan-yayinlari","10":"pa_yazar-adnan-demircan","12":"first","13":"instock","14":"sale","15":"shipping-taxable","16":"purchasable","17":"product-type-simple"},"_links":{"self":[{"href":"https:\/\/roveyayinevi.com.tr\/index.php\/wp-json\/wp\/v2\/product\/777985","targetHints":{"allow":["GET"]}}],"collection":[{"href":"https:\/\/roveyayinevi.com.tr\/index.php\/wp-json\/wp\/v2\/product"}],"about":[{"href":"https:\/\/roveyayinevi.com.tr\/index.php\/wp-json\/wp\/v2\/types\/product"}],"wp:attachment":[{"href":"https:\/\/roveyayinevi.com.tr\/index.php\/wp-json\/wp\/v2\/media?parent=777985"}],"wp:term":[{"taxonomy":"product_brand","embeddable":true,"href":"https:\/\/roveyayinevi.com.tr\/index.php\/wp-json\/wp\/v2\/product_brand?post=777985"},{"taxonomy":"product_cat","embeddable":true,"href":"https:\/\/roveyayinevi.com.tr\/index.php\/wp-json\/wp\/v2\/product_cat?post=777985"},{"taxonomy":"product_tag","embeddable":true,"href":"https:\/\/roveyayinevi.com.tr\/index.php\/wp-json\/wp\/v2\/product_tag?post=777985"}],"curies":[{"name":"wp","href":"https:\/\/api.w.org\/{rel}","templated":true}]}}