{"id":777984,"date":"2025-10-28T10:58:44","date_gmt":"2025-10-28T07:58:44","guid":{"rendered":"https:\/\/roveyayinevi.com.tr\/index.php\/urun\/kapital-islamin-temeli-muaviye\/"},"modified":"2025-11-07T02:43:41","modified_gmt":"2025-11-06T23:43:41","slug":"kapital-islamin-temeli-muaviye","status":"publish","type":"product","link":"https:\/\/roveyayinevi.com.tr\/index.php\/urun\/kapital-islamin-temeli-muaviye\/","title":{"rendered":"Kapital \u0130slam\u0131n Temeli Muaviye"},"content":{"rendered":"<p>Birinci bask\u0131s\u0131 ilgiyle kar\u015f\u0131lanan ve k\u0131sa s\u00fcrede t\u00fckenen bu kitap, Muaviye\u2019nin entrika ve h\u0131rs dolu ya\u015fam\u0131n\u0131 g\u00f6zler \u00f6n\u00fcne seriyor. Dini zenginlik ve iktidar arac\u0131 olarak kullanan, di\u011fer bir ifade ile din yorumunu egemenlerin \u00e7\u0131karlar\u0131 lehine yorumlayan bir inanc\u0131n n\u00fcvesidir Muaviye. Kitab\u0131 okudu\u011funuzda bu sat\u0131rlar\u0131n ger\u00e7ekli\u011fi ile kar\u015f\u0131la\u015faca\u011f\u0131n\u0131zdan hi\u00e7 \u015f\u00fcpheniz olmas\u0131n. Kitap, Muaviye\u2019nin iktidara y\u00fcr\u00fcd\u00fc\u011f\u00fc 20 y\u0131ll\u0131k halifelik s\u00fcrecini, onu iktidara ta\u015f\u0131yan dinamikleri tarihsel bir analizle g\u00f6zler \u00f6n\u00fcne seriyor. Tarihin tozlu sayfalar\u0131nda de\u011fil, ideolojik g\u00fcc\u00fc ile bug\u00fcn hala aram\u0131zda olan Muaviye\u2019nin ve onun ideolojisinin anla\u015f\u0131labilmesi i\u00e7in, Muaviye\u2019yi yaratan ve g\u00fc\u00e7lendiren tarihsel ko\u015fullar\u0131n ayd\u0131nlat\u0131lmas\u0131 gerekmektedir. Bu kitap tarihe \u0131\u015f\u0131k tutma \u00e7abas\u0131n\u0131n \u00fcr\u00fcn\u00fcd\u00fcr; \u0131\u015f\u0131\u011f\u0131n \u015fiddeti b\u00fcy\u00fcd\u00fck\u00e7e, tarihin karanl\u0131k sayfalar\u0131 da bir bir ayd\u0131nlanacakt\u0131r. <\/p>\n","protected":false},"excerpt":{"rendered":"<p>Birinci bask\u0131s\u0131 ilgiyle kar\u015f\u0131lanan ve k\u0131sa s\u00fcrede t\u00fckenen bu kitap, Muaviye\u2019nin entrika ve h\u0131rs dolu ya\u015fam\u0131n\u0131 g\u00f6zler \u00f6n\u00fcne seriyor. Dini zenginlik ve iktidar arac\u0131 olarak kullanan,<span class=\"excerpt-hellip\"> [\u2026]<\/span><\/p>\n","protected":false},"featured_media":0,"template":"","meta":{"_monsterinsights_skip_tracking":false,"_monsterinsights_sitenote_active":false,"_monsterinsights_sitenote_note":"","_monsterinsights_sitenote_category":0},"product_brand":[],"product_cat":[12718,12719,13025],"product_tag":[],"class_list":{"0":"post-777984","1":"product","2":"type-product","3":"status-publish","5":"product_cat-din","6":"product_cat-islam","7":"product_cat-islam-ve-gunumuz-islam-dusuncesi","8":"pa_tur-kitap","9":"pa_yayinevi-dogu-kitabevi","10":"pa_yazar-aydin-tonga","12":"first","13":"instock","14":"sale","15":"shipping-taxable","16":"purchasable","17":"product-type-simple"},"_links":{"self":[{"href":"https:\/\/roveyayinevi.com.tr\/index.php\/wp-json\/wp\/v2\/product\/777984","targetHints":{"allow":["GET"]}}],"collection":[{"href":"https:\/\/roveyayinevi.com.tr\/index.php\/wp-json\/wp\/v2\/product"}],"about":[{"href":"https:\/\/roveyayinevi.com.tr\/index.php\/wp-json\/wp\/v2\/types\/product"}],"wp:attachment":[{"href":"https:\/\/roveyayinevi.com.tr\/index.php\/wp-json\/wp\/v2\/media?parent=777984"}],"wp:term":[{"taxonomy":"product_brand","embeddable":true,"href":"https:\/\/roveyayinevi.com.tr\/index.php\/wp-json\/wp\/v2\/product_brand?post=777984"},{"taxonomy":"product_cat","embeddable":true,"href":"https:\/\/roveyayinevi.com.tr\/index.php\/wp-json\/wp\/v2\/product_cat?post=777984"},{"taxonomy":"product_tag","embeddable":true,"href":"https:\/\/roveyayinevi.com.tr\/index.php\/wp-json\/wp\/v2\/product_tag?post=777984"}],"curies":[{"name":"wp","href":"https:\/\/api.w.org\/{rel}","templated":true}]}}