{"id":777980,"date":"2025-10-27T16:35:21","date_gmt":"2025-10-27T13:35:21","guid":{"rendered":"https:\/\/roveyayinevi.com.tr\/index.php\/urun\/hilafetin-hikayesi\/"},"modified":"2026-04-16T02:38:58","modified_gmt":"2026-04-15T23:38:58","slug":"hilafetin-hikayesi","status":"publish","type":"product","link":"https:\/\/roveyayinevi.com.tr\/index.php\/urun\/hilafetin-hikayesi\/","title":{"rendered":"Hilafet&#8217;in Hikayesi"},"content":{"rendered":"<p>Bug\u00fcne kadar hilafet hakk\u0131nda bir\u00e7ok kitap yaz\u0131lm\u0131\u015ft\u0131r. S\u00f6z konusu kitaplar\u0131n bir k\u0131sm\u0131nda hilafet kurumu ya ideolojik \u00e7at\u0131\u015fmalar\u0131n konusu yap\u0131lm\u0131\u015f ya da kurumla ilgili teorik bilgi verilmekle yetinilmi\u015ftir. Ku\u015fkusuz ge\u00e7mi\u015fte yap\u0131lan \u00e7al\u0131\u015fmalarla, kitab\u0131m\u0131z\u0131n konusu aras\u0131nda benzerlikler olmas\u0131 ka\u00e7\u0131n\u0131lmazd\u0131r. Bununla birlikte biz burada halifeli\u011fi, \u0130sl\u00e2m d\u00fcnyas\u0131nda ortaya \u00e7\u0131km\u0131\u015f \u00f6nemli bir kurumun tarihini anlatmak \u00fczere ele alaca\u011f\u0131z. Burada amac\u0131m\u0131z hilafetin me\u015fruiyetini tart\u0131\u015fmak de\u011fil, kurumun tarih\u00ee s\u00fcre\u00e7te ge\u00e7irdi\u011fi a\u015famalar\u0131 ele almak, k\u0131sacas\u0131 hik\u00e2yesini anlatmakt\u0131r. Bu \u00e7er\u00e7evede hilafet ve saltanat kurumlar\u0131n\u0131n k\u00f6kenine ve geli\u015fim s\u00fcrecine inilerek kurumun yap\u0131s\u0131 tasvir edilmeye \u00e7al\u0131\u015f\u0131lacakt\u0131r. Elinizdeki \u00e7al\u0131\u015fman\u0131n bir ba\u015fka amac\u0131 da hilafet kurumunun tarih\u00ee geli\u015fimini ideolojik bir saplant\u0131ya girmeden ortaya koymakt\u0131r. Temel hedef, iki uca kayma e\u011filimi y\u00fcksek ideolojik yakla\u015f\u0131m sahiplerinin iddialar\u0131n\u0131 temellendirmek de\u011fil, hilafet kurumunun tarih\u00ee geli\u015fimini tasvir etmektir. Ula\u015f\u0131lan sonu\u00e7lar\u0131n kimin g\u00f6r\u00fc\u015f\u00fcn\u00fc besledi\u011fi ya da kimin g\u00f6r\u00fc\u015f\u00fcn\u00fc reddetti\u011fi hususu bu \u00e7al\u0131\u015fman\u0131n konusu de\u011fildir.<\/p>\n","protected":false},"excerpt":{"rendered":"<p>Bug\u00fcne kadar hilafet hakk\u0131nda bir\u00e7ok kitap yaz\u0131lm\u0131\u015ft\u0131r. S\u00f6z konusu kitaplar\u0131n bir k\u0131sm\u0131nda hilafet kurumu ya ideolojik \u00e7at\u0131\u015fmalar\u0131n konusu yap\u0131lm\u0131\u015f ya da kurumla ilgili teorik bilgi verilmekle<span class=\"excerpt-hellip\"> [\u2026]<\/span><\/p>\n","protected":false},"featured_media":0,"template":"","meta":{"_monsterinsights_skip_tracking":false,"_monsterinsights_sitenote_active":false,"_monsterinsights_sitenote_note":"","_monsterinsights_sitenote_category":0},"product_brand":[],"product_cat":[12718,12719,18109],"product_tag":[],"class_list":{"0":"post-777980","1":"product","2":"type-product","3":"status-publish","5":"product_cat-din","6":"product_cat-islam","7":"product_cat-islam-tarihi","8":"pa_cilt-ciltsiz","9":"pa_tur-kitap","10":"pa_yayinevi-beyan-yayinlari","11":"pa_yazar-adnan-demircan","13":"first","14":"instock","15":"sale","16":"shipping-taxable","17":"purchasable","18":"product-type-simple"},"_links":{"self":[{"href":"https:\/\/roveyayinevi.com.tr\/index.php\/wp-json\/wp\/v2\/product\/777980","targetHints":{"allow":["GET"]}}],"collection":[{"href":"https:\/\/roveyayinevi.com.tr\/index.php\/wp-json\/wp\/v2\/product"}],"about":[{"href":"https:\/\/roveyayinevi.com.tr\/index.php\/wp-json\/wp\/v2\/types\/product"}],"wp:attachment":[{"href":"https:\/\/roveyayinevi.com.tr\/index.php\/wp-json\/wp\/v2\/media?parent=777980"}],"wp:term":[{"taxonomy":"product_brand","embeddable":true,"href":"https:\/\/roveyayinevi.com.tr\/index.php\/wp-json\/wp\/v2\/product_brand?post=777980"},{"taxonomy":"product_cat","embeddable":true,"href":"https:\/\/roveyayinevi.com.tr\/index.php\/wp-json\/wp\/v2\/product_cat?post=777980"},{"taxonomy":"product_tag","embeddable":true,"href":"https:\/\/roveyayinevi.com.tr\/index.php\/wp-json\/wp\/v2\/product_tag?post=777980"}],"curies":[{"name":"wp","href":"https:\/\/api.w.org\/{rel}","templated":true}]}}