{"id":777979,"date":"2025-10-27T16:00:48","date_gmt":"2025-10-27T13:00:48","guid":{"rendered":"https:\/\/roveyayinevi.com.tr\/index.php\/urun\/sular-kizil-akacak\/"},"modified":"2025-11-07T06:14:29","modified_gmt":"2025-11-07T03:14:29","slug":"sular-kizil-akacak","status":"publish","type":"product","link":"https:\/\/roveyayinevi.com.tr\/index.php\/urun\/sular-kizil-akacak\/","title":{"rendered":"Sular K\u0131z\u0131l Akacak"},"content":{"rendered":"<p>Bir\u00e7ok ki\u015finin bir t\u00fcrl\u00fc tamam\u0131n\u0131 \u015fekillendirip yorum yapmad\u0131\u011f\u0131, yapamad\u0131\u011f\u0131 Orta Do\u011fu, Filistin, \u0130srail, su krizi, K\u00fcrt meselesi, barajlar\u0131n olu\u015fturdu\u011fu fayda ve zararlar gibi birbirinden farkl\u0131 gibi g\u00f6r\u00fcnen konular\u0131n takdimi \u00e7ok zordur. Hele ki, kaynayan kazan Orta Do\u011fu gibi bir co\u011frafyada, sudan sebeplerle sava\u015f \u00e7\u0131karken ve ABD verilerine g\u00f6re su sava\u015flar\u0131n\u0131n ilk \u00e7\u0131kma ihtimali olan yer iken; hi\u00e7 kimse, kapal\u0131 kap\u0131lar ard\u0131nda yaz\u0131lm\u0131\u015f bir senaryonun sahneye konuldu\u011funun fark\u0131nda bile de\u011fildir.Orta Do\u011fu\u2019da yap\u0131lan hatalar\u0131n ve geli\u015fen bir\u00e7ok olaylar\u0131n, \u00fclkemizdeki olaylara \u00e7ok benzedi\u011fine \u015fahit oldu\u011funuzda, \u201c\u00fclkemizin ger\u00e7ekten yeni barajlara ihtiyac\u0131 var m\u0131?\u201d, \u201cMunzur ve Il\u0131su Barajlar\u0131na farkl\u0131 bir bak\u0131\u015f gerekmiyor mu?\u201d, \u201cT\u00fcrkiye`nin su politikas\u0131, Orta Do\u011fu`yu ve \u00f6zellikle Filistin-\u0130srail sava\u015f\u0131n\u0131 nas\u0131l etkiler?\u201d sorular\u0131n\u0131n cevaplar\u0131n\u0131 arayacak ve neticede, ibret i\u00e7in bile yaz\u0131lmas\u0131 gereken bir b\u00f6l\u00fcm oldu\u011funa siz de inanacaks\u0131n\u0131zd\u0131r.Birbiriyle ba\u011flant\u0131s\u0131z gibi g\u00f6r\u00fcnen konular\u0131n, en ba\u015ftan en sona kadar birbirlerinin par\u00e7as\u0131 oldu\u011funu, esas konunun \u201cSU\u201d oldu\u011funu, kitap tamamland\u0131\u011f\u0131nda birlikte g\u00f6rece\u011fiz.<\/p>\n","protected":false},"excerpt":{"rendered":"<p>Bir\u00e7ok ki\u015finin bir t\u00fcrl\u00fc tamam\u0131n\u0131 \u015fekillendirip yorum yapmad\u0131\u011f\u0131, yapamad\u0131\u011f\u0131 Orta Do\u011fu, Filistin, \u0130srail, su krizi, K\u00fcrt meselesi, barajlar\u0131n olu\u015fturdu\u011fu fayda ve zararlar gibi birbirinden farkl\u0131 gibi<span class=\"excerpt-hellip\"> [\u2026]<\/span><\/p>\n","protected":false},"featured_media":0,"template":"","meta":{"_monsterinsights_skip_tracking":false,"_monsterinsights_sitenote_active":false,"_monsterinsights_sitenote_note":"","_monsterinsights_sitenote_category":0},"product_brand":[],"product_cat":[12338,12337],"product_tag":[],"class_list":{"0":"post-777979","1":"product","2":"type-product","3":"status-publish","5":"product_cat-dunya-siyaseti-ve-politikasi","6":"product_cat-politika-siyaset","7":"pa_cilt-ciltsiz","8":"pa_tur-kitap","9":"pa_yayinevi-motto-yayinlari","10":"pa_yazar-dogan-aydal","12":"first","13":"instock","14":"sale","15":"shipping-taxable","16":"purchasable","17":"product-type-simple"},"_links":{"self":[{"href":"https:\/\/roveyayinevi.com.tr\/index.php\/wp-json\/wp\/v2\/product\/777979","targetHints":{"allow":["GET"]}}],"collection":[{"href":"https:\/\/roveyayinevi.com.tr\/index.php\/wp-json\/wp\/v2\/product"}],"about":[{"href":"https:\/\/roveyayinevi.com.tr\/index.php\/wp-json\/wp\/v2\/types\/product"}],"wp:attachment":[{"href":"https:\/\/roveyayinevi.com.tr\/index.php\/wp-json\/wp\/v2\/media?parent=777979"}],"wp:term":[{"taxonomy":"product_brand","embeddable":true,"href":"https:\/\/roveyayinevi.com.tr\/index.php\/wp-json\/wp\/v2\/product_brand?post=777979"},{"taxonomy":"product_cat","embeddable":true,"href":"https:\/\/roveyayinevi.com.tr\/index.php\/wp-json\/wp\/v2\/product_cat?post=777979"},{"taxonomy":"product_tag","embeddable":true,"href":"https:\/\/roveyayinevi.com.tr\/index.php\/wp-json\/wp\/v2\/product_tag?post=777979"}],"curies":[{"name":"wp","href":"https:\/\/api.w.org\/{rel}","templated":true}]}}