{"id":777978,"date":"2025-10-27T15:50:35","date_gmt":"2025-10-27T12:50:35","guid":{"rendered":"https:\/\/roveyayinevi.com.tr\/index.php\/urun\/isgal\/"},"modified":"2026-04-16T02:32:28","modified_gmt":"2026-04-15T23:32:28","slug":"isgal","status":"publish","type":"product","link":"https:\/\/roveyayinevi.com.tr\/index.php\/urun\/isgal\/","title":{"rendered":"\u0130\u015fgal"},"content":{"rendered":"<p>I. D\u00fcnya Sava\u015f\u0131 s\u0131ras\u0131nda M\u00fcttefiklerin donanmalar\u0131yla \u00c7anakkaleBo\u011faz\u0131\u2019ndan ge\u00e7ip \u0130stanbul\u2019u i\u015fgal etme planlar\u0131 Osmanl\u0131 ordusunun destans\u0131 savunmas\u0131 sonucu bo\u015fa \u00e7\u0131km\u0131\u015ft\u0131. Ancak bundan \u00fc\u00e7 y\u0131lsonra, Mondros Ate\u015fkes Antla\u015fmas\u0131 (1918) uyar\u0131nca, M\u00fcttefik g\u00fc\u00e7ler\u00c7anakkale Bo\u011faz\u0131\u2019ndan direni\u015fsiz ge\u00e7tiler ve 160 gemiyle \u0130stanbul\u2019a girip \u015fehri kontrol alt\u0131na ald\u0131lar. 16 Mart 1920 g\u00fcn\u00fc ise \u015fehri resmen i\u015fgaledip, Osmanl\u0131 meclisini kapatt\u0131lar ve a\u011f\u0131r Sevr maddelerini sadrazamDamat Ferit Pa\u015fa\u2019ya imzalatt\u0131lar.Bu arada, Mustafa Kemal Pa\u015fa\u2019n\u0131n Samsun\u2019a \u00e7\u0131karak ba\u015flatt\u0131\u011f\u0131 kurtulu\u015fm\u00fccadelesi meyvelerini vermeye ba\u015flad\u0131. M\u00fcttefikler 6 Ekim 1923\u2019te\u0130stanbul\u2019u terk etmek zorunda kald\u0131lar.Ara\u015ft\u0131rmac\u0131 Turan Ak\u0131nc\u0131, y\u00fczy\u0131llarca Osmanl\u0131 \u0130mparatorlu\u011fu\u2019nunmerkezi olmu\u015f bir \u015fehirde, bu onur k\u0131r\u0131c\u0131 i\u015fgal d\u00f6nemi boyuncaya\u015fananlar\u0131 ve ayn\u0131 d\u00f6nemde, Anadolu\u2019da ger\u00e7ekle\u015fen kurtulu\u015f m\u00fccadelesini t\u00fcm detaylar\u0131yla g\u00f6zler \u00f6n\u00fcne seriyor.<\/p>\n","protected":false},"excerpt":{"rendered":"<p>I. D\u00fcnya Sava\u015f\u0131 s\u0131ras\u0131nda M\u00fcttefiklerin donanmalar\u0131yla \u00c7anakkaleBo\u011faz\u0131\u2019ndan ge\u00e7ip \u0130stanbul\u2019u i\u015fgal etme planlar\u0131 Osmanl\u0131 ordusunun destans\u0131 savunmas\u0131 sonucu bo\u015fa \u00e7\u0131km\u0131\u015ft\u0131. Ancak bundan \u00fc\u00e7 y\u0131lsonra, Mondros Ate\u015fkes Antla\u015fmas\u0131<span class=\"excerpt-hellip\"> [\u2026]<\/span><\/p>\n","protected":false},"featured_media":0,"template":"","meta":{"_monsterinsights_skip_tracking":false,"_monsterinsights_sitenote_active":false,"_monsterinsights_sitenote_note":"","_monsterinsights_sitenote_category":0},"product_brand":[],"product_cat":[12370,12304],"product_tag":[],"class_list":{"0":"post-777978","1":"product","2":"type-product","3":"status-publish","5":"product_cat-arastirma-inceleme","6":"product_cat-tarih","7":"pa_cilt-ciltsiz","8":"pa_tur-kitap","9":"pa_yayinevi-remzi-kitabevi","10":"pa_yazar-turan-akinci","12":"first","13":"instock","14":"sale","15":"shipping-taxable","16":"purchasable","17":"product-type-simple"},"_links":{"self":[{"href":"https:\/\/roveyayinevi.com.tr\/index.php\/wp-json\/wp\/v2\/product\/777978","targetHints":{"allow":["GET"]}}],"collection":[{"href":"https:\/\/roveyayinevi.com.tr\/index.php\/wp-json\/wp\/v2\/product"}],"about":[{"href":"https:\/\/roveyayinevi.com.tr\/index.php\/wp-json\/wp\/v2\/types\/product"}],"wp:attachment":[{"href":"https:\/\/roveyayinevi.com.tr\/index.php\/wp-json\/wp\/v2\/media?parent=777978"}],"wp:term":[{"taxonomy":"product_brand","embeddable":true,"href":"https:\/\/roveyayinevi.com.tr\/index.php\/wp-json\/wp\/v2\/product_brand?post=777978"},{"taxonomy":"product_cat","embeddable":true,"href":"https:\/\/roveyayinevi.com.tr\/index.php\/wp-json\/wp\/v2\/product_cat?post=777978"},{"taxonomy":"product_tag","embeddable":true,"href":"https:\/\/roveyayinevi.com.tr\/index.php\/wp-json\/wp\/v2\/product_tag?post=777978"}],"curies":[{"name":"wp","href":"https:\/\/api.w.org\/{rel}","templated":true}]}}