{"id":777974,"date":"2025-10-27T14:25:57","date_gmt":"2025-10-27T11:25:57","guid":{"rendered":"https:\/\/roveyayinevi.com.tr\/index.php\/urun\/saksafon-egitim-metodudu-1-baslangic-seviyesi-ve-ornek-eserler-cdli\/"},"modified":"2026-04-16T02:21:08","modified_gmt":"2026-04-15T23:21:08","slug":"saksafon-egitim-metodudu-1-baslangic-seviyesi-ve-ornek-eserler-cdli","status":"publish","type":"product","link":"https:\/\/roveyayinevi.com.tr\/index.php\/urun\/saksafon-egitim-metodudu-1-baslangic-seviyesi-ve-ornek-eserler-cdli\/","title":{"rendered":"Saksafon E\u011fitim Metodudu &#8211; 1 Ba\u015flang\u0131\u00e7 Seviyesi ve \u00d6rnek Eserler (Cd&#8217;li)"},"content":{"rendered":"<p>Bir\u00e7ok \u00fclkede oldu\u011fu gibi T\u00fcrkiye&#8217;de de \u00e7ok sevilen caz, blues ve pop\u00fcler m\u00fczi\u011fin neredeyse her alan\u0131nda kullan\u0131lan saksafonun, daha da yayg\u0131nl\u0131k kazanmas\u0131 ve bilimsel y\u00f6ntemlerle geli\u015ftirilmesi d\u00fc\u015f\u00fcncesiyle, &#8220;Saksafon E\u011fitim Metodu (1) Ba\u015flang\u0131\u00e7 Seviyesi ve \u00d6rnek Eserler&#8221; adl\u0131 kitab\u0131m, iki adet CD ile birlikte, Si ve Mi Bemol saksafonlar i\u00e7in haz\u0131rlanm\u0131\u015ft\u0131r. Saksafona g\u00f6n\u00fcl veren ve e\u011fitim almak isteyen herkese bir \u0131\u015f\u0131k olmas\u0131 dile\u011fiyle&#8230; <\/p>\n","protected":false},"excerpt":{"rendered":"<p>Bir\u00e7ok \u00fclkede oldu\u011fu gibi T\u00fcrkiye&#8217;de de \u00e7ok sevilen caz, blues ve pop\u00fcler m\u00fczi\u011fin neredeyse her alan\u0131nda kullan\u0131lan saksafonun, daha da yayg\u0131nl\u0131k kazanmas\u0131 ve bilimsel y\u00f6ntemlerle geli\u015ftirilmesi<span class=\"excerpt-hellip\"> [\u2026]<\/span><\/p>\n","protected":false},"featured_media":0,"template":"","meta":{"_monsterinsights_skip_tracking":false,"_monsterinsights_sitenote_active":false,"_monsterinsights_sitenote_note":"","_monsterinsights_sitenote_category":0},"product_brand":[],"product_cat":[14556,14557],"product_tag":[],"class_list":{"0":"post-777974","1":"product","2":"type-product","3":"status-publish","5":"product_cat-muzik","6":"product_cat-nota-kitaplari","7":"pa_cilt-ciltsiz","8":"pa_tur-kitap","9":"pa_yayinevi-ozan-yayincilik","10":"pa_yazar-n-levent-gokcedag","12":"first","13":"instock","14":"sale","15":"shipping-taxable","16":"purchasable","17":"product-type-simple"},"_links":{"self":[{"href":"https:\/\/roveyayinevi.com.tr\/index.php\/wp-json\/wp\/v2\/product\/777974","targetHints":{"allow":["GET"]}}],"collection":[{"href":"https:\/\/roveyayinevi.com.tr\/index.php\/wp-json\/wp\/v2\/product"}],"about":[{"href":"https:\/\/roveyayinevi.com.tr\/index.php\/wp-json\/wp\/v2\/types\/product"}],"wp:attachment":[{"href":"https:\/\/roveyayinevi.com.tr\/index.php\/wp-json\/wp\/v2\/media?parent=777974"}],"wp:term":[{"taxonomy":"product_brand","embeddable":true,"href":"https:\/\/roveyayinevi.com.tr\/index.php\/wp-json\/wp\/v2\/product_brand?post=777974"},{"taxonomy":"product_cat","embeddable":true,"href":"https:\/\/roveyayinevi.com.tr\/index.php\/wp-json\/wp\/v2\/product_cat?post=777974"},{"taxonomy":"product_tag","embeddable":true,"href":"https:\/\/roveyayinevi.com.tr\/index.php\/wp-json\/wp\/v2\/product_tag?post=777974"}],"curies":[{"name":"wp","href":"https:\/\/api.w.org\/{rel}","templated":true}]}}