{"id":777972,"date":"2025-10-27T05:55:31","date_gmt":"2025-10-27T02:55:31","guid":{"rendered":"https:\/\/roveyayinevi.com.tr\/index.php\/urun\/mih-3-sagir-yurek-ciltli\/"},"modified":"2026-04-15T03:43:42","modified_gmt":"2026-04-15T00:43:42","slug":"mih-3-sagir-yurek-ciltli","status":"publish","type":"product","link":"https:\/\/roveyayinevi.com.tr\/index.php\/urun\/mih-3-sagir-yurek-ciltli\/","title":{"rendered":"M\u0131h 3: Sa\u011f\u0131r Y\u00fcrek (Ciltli)"},"content":{"rendered":"<p>\u201cYANGIN, \u0130K\u0130 \u00c2\u015eI\u011eIN SEVDASINI K\u00dcL EDERKEN U\u00c7URUMUN ENKAZINDA TUTUNACAK TEK DAL MASUM B\u0130R CANDI.\u201dSira\u00e7, u\u00e7urumun kenar\u0131nda do\u011fru se\u00e7imi yapm\u0131\u015f olsa da sevdi\u011fi kad\u0131n\u0131 yapt\u0131\u011f\u0131 hatalar y\u00fcz\u00fcnden kaybetmi\u015ftir. \u015eimdi Elif\u2019i tekrar kazanabilmek i\u00e7in \u00f6nce ya\u015fayaca\u011f\u0131n\u0131 kan\u0131tlamas\u0131 gerekmektedir. Her sevda ikinci bir \u015fans\u0131 hak eder mi? Yoksa baz\u0131 sevdalar u\u00e7urumun kenar\u0131nda yitip gitmeye mahk\u00fbm mu edilmeli?Peki ya sebep olanlara ne demeli? Her \u015feyin sebebi karga iken o ise art\u0131k g\u00f6revini tamamlayarak k\u00f6\u015feye \u00e7ekilmeyi tercih edecektir ama art\u0131k karga da oynad\u0131\u011f\u0131 oyunlar\u0131n sonuna gelmi\u015ftir. Yalan da ortaya \u00e7\u0131kacakt\u0131r, ger\u00e7ek de\u2026 S\u0131rlar da, ge\u00e7mi\u015f de&#8230; Ve sonra s\u0131ra kurula gelecektir. \u015eimdi herkesin bedel \u00f6deme vaktidir. \u201cBu yol bizimse \u015fayet, bir kere d\u00fc\u015ft\u00fck o u\u00e7uruma. Sen ise o yolun da \u00f6n\u00fcn\u00fc kapatt\u0131n,\u201d dedi sanki tek do\u011frusu buymu\u015f gibi. \u201cBir daha ne giderim ne de d\u00fc\u015fmek i\u00e7in heves ederim.\u201dUyar\u0131: Yeti\u015fkin okurlar i\u00e7indir.<\/p>\n","protected":false},"excerpt":{"rendered":"<p>\u201cYANGIN, \u0130K\u0130 \u00c2\u015eI\u011eIN SEVDASINI K\u00dcL EDERKEN U\u00c7URUMUN ENKAZINDA TUTUNACAK TEK DAL MASUM B\u0130R CANDI.\u201dSira\u00e7, u\u00e7urumun kenar\u0131nda do\u011fru se\u00e7imi yapm\u0131\u015f olsa da sevdi\u011fi kad\u0131n\u0131 yapt\u0131\u011f\u0131 hatalar y\u00fcz\u00fcnden<span class=\"excerpt-hellip\"> [\u2026]<\/span><\/p>\n","protected":false},"featured_media":0,"template":"","meta":{"_monsterinsights_skip_tracking":false,"_monsterinsights_sitenote_active":false,"_monsterinsights_sitenote_note":"","_monsterinsights_sitenote_category":0},"product_brand":[],"product_cat":[12291,12711],"product_tag":[],"class_list":{"0":"post-777972","1":"product","2":"type-product","3":"status-publish","5":"product_cat-edebiyat","6":"product_cat-roman-oyku","7":"pa_cilt-ciltli","8":"pa_tur-kitap","9":"pa_yayinevi-ephesus-yayinlari","10":"pa_yazar-mehsa","12":"first","13":"instock","14":"sale","15":"shipping-taxable","16":"purchasable","17":"product-type-simple"},"_links":{"self":[{"href":"https:\/\/roveyayinevi.com.tr\/index.php\/wp-json\/wp\/v2\/product\/777972","targetHints":{"allow":["GET"]}}],"collection":[{"href":"https:\/\/roveyayinevi.com.tr\/index.php\/wp-json\/wp\/v2\/product"}],"about":[{"href":"https:\/\/roveyayinevi.com.tr\/index.php\/wp-json\/wp\/v2\/types\/product"}],"wp:attachment":[{"href":"https:\/\/roveyayinevi.com.tr\/index.php\/wp-json\/wp\/v2\/media?parent=777972"}],"wp:term":[{"taxonomy":"product_brand","embeddable":true,"href":"https:\/\/roveyayinevi.com.tr\/index.php\/wp-json\/wp\/v2\/product_brand?post=777972"},{"taxonomy":"product_cat","embeddable":true,"href":"https:\/\/roveyayinevi.com.tr\/index.php\/wp-json\/wp\/v2\/product_cat?post=777972"},{"taxonomy":"product_tag","embeddable":true,"href":"https:\/\/roveyayinevi.com.tr\/index.php\/wp-json\/wp\/v2\/product_tag?post=777972"}],"curies":[{"name":"wp","href":"https:\/\/api.w.org\/{rel}","templated":true}]}}