{"id":777968,"date":"2025-10-27T05:55:22","date_gmt":"2025-10-27T02:55:22","guid":{"rendered":"https:\/\/roveyayinevi.com.tr\/index.php\/urun\/miralay-sefik-akerin-oykusu\/"},"modified":"2025-11-21T12:14:10","modified_gmt":"2025-11-21T09:14:10","slug":"miralay-sefik-akerin-oykusu","status":"publish","type":"product","link":"https:\/\/roveyayinevi.com.tr\/index.php\/urun\/miralay-sefik-akerin-oykusu\/","title":{"rendered":"Miralay &#8211; \u015eefik Aker&#8217;in \u00d6yk\u00fcs\u00fc"},"content":{"rendered":"<p>\u201cOsmanl\u0131 \u0130mparatorlu\u011fu y\u0131k\u0131l\u0131p T\u00fcrkiye Cumhuriyeti do\u011farken ortaya \u00e7\u0131kan kahramanlardan biri de \u015eefik Bey\u2019dir. \u015eefik Bey\u2019in askerlik hayat\u0131n\u0131n en parlak an\u0131, 25 Nisan 1915\u2019te Ar\u0131burnu\u2019nda 27. Alay Komutan\u0131 olarak Anzak \u00e7\u0131karmas\u0131na kar\u015f\u0131 kazand\u0131\u011f\u0131 savunma zaferiydi. Ancak, o g\u00fcn 19. T\u00fcmen Komutan\u0131 Mustafa Kemal Bey de inisiyatif kullan\u0131p t\u00fcmenini Ar\u0131burnu\u2019na sevk ederek \u00c7anakkale Muharebeleri\u2019nin kaderini de\u011fi\u015ftirecekti. Bug\u00fcn Atat\u00fcrk\u2019\u00fcn Ar\u0131burnu ba\u015far\u0131s\u0131 bilinirken, imparatorlu\u011fun en iyi t\u00fcmen komutan\u0131n\u0131n yan\u0131nda imparatorlu\u011fun en iyi alay komutan\u0131 olarak sava\u015fan \u015eefik Bey b\u00fcy\u00fck \u00f6l\u00e7\u00fcde g\u00f6lgede kalm\u0131\u015ft\u0131r. \u015eefik Bey\u2019in kariyerinin ikinci doruk noktas\u0131, Yunanl\u0131lar\u0131n \u0130zmir\u2019i i\u015fgalinden bir hafta sonra Harbiye Nezareti\u2019ne g\u00f6nderdi\u011fi telgrafta Kuvay\u0131 Milliye fikrini ortaya at\u0131p, ilk Kuvay\u0131 Milliye birliklerinin gayri resmi komutanl\u0131\u011f\u0131n\u0131 yapmas\u0131 oldu. Ancak, Denizli Hadisesi ve ba\u015fka olumsuz geli\u015fmeler y\u00fcz\u00fcnden, \u00e7e\u015fitli isyanlar\u0131n bast\u0131r\u0131lmas\u0131nda \u00f6nemli hizmetler g\u00f6rd\u00fc\u011f\u00fc halde, ne terfi edebildi ne de birlik komutanl\u0131\u011f\u0131na atanabildi. Haluk Oral y\u0131llard\u0131r \u015eefik Bey\u2019in evrak\u0131 metrukesini toparlad\u0131, da\u011f\u0131n\u0131k hat\u0131rat ve yaz\u0131lar\u0131na b\u00fct\u00fcnl\u00fck, hakk\u0131ndaki tart\u0131\u015fmalara a\u00e7\u0131kl\u0131k kazand\u0131rd\u0131. \u00dcstelik b\u00fct\u00fcn bunlar\u0131 ilgiyle ve rahat okunacak \u015fekilde yazd\u0131. Ciddi okurlar ve tarih\u00e7iler kitab\u0131 zenginle\u015ftiren ve belgesel niteli\u011fini art\u0131ran orijinal foto\u011fraf ve belgeleri ayr\u0131ca takdir edeceklerdir.\u201d Prof. Dr. Mesut Uyar<\/p>\n","protected":false},"excerpt":{"rendered":"<p>\u201cOsmanl\u0131 \u0130mparatorlu\u011fu y\u0131k\u0131l\u0131p T\u00fcrkiye Cumhuriyeti do\u011farken ortaya \u00e7\u0131kan kahramanlardan biri de \u015eefik Bey\u2019dir. \u015eefik Bey\u2019in askerlik hayat\u0131n\u0131n en parlak an\u0131, 25 Nisan 1915\u2019te Ar\u0131burnu\u2019nda 27. Alay<span class=\"excerpt-hellip\"> [\u2026]<\/span><\/p>\n","protected":false},"featured_media":0,"template":"","meta":{"_monsterinsights_skip_tracking":false,"_monsterinsights_sitenote_active":false,"_monsterinsights_sitenote_note":"","_monsterinsights_sitenote_category":0},"product_brand":[],"product_cat":[14009,12291],"product_tag":[],"class_list":{"0":"post-777968","1":"product","2":"type-product","3":"status-publish","5":"product_cat-biyografi-otobiyografi-edebiyat","6":"product_cat-edebiyat","7":"pa_cilt-ciltsiz","8":"pa_tur-kitap","9":"pa_yayinevi-everest-yayinlari","10":"pa_yazar-haluk-oral","12":"first","13":"instock","14":"sale","15":"shipping-taxable","16":"purchasable","17":"product-type-simple"},"_links":{"self":[{"href":"https:\/\/roveyayinevi.com.tr\/index.php\/wp-json\/wp\/v2\/product\/777968","targetHints":{"allow":["GET"]}}],"collection":[{"href":"https:\/\/roveyayinevi.com.tr\/index.php\/wp-json\/wp\/v2\/product"}],"about":[{"href":"https:\/\/roveyayinevi.com.tr\/index.php\/wp-json\/wp\/v2\/types\/product"}],"wp:attachment":[{"href":"https:\/\/roveyayinevi.com.tr\/index.php\/wp-json\/wp\/v2\/media?parent=777968"}],"wp:term":[{"taxonomy":"product_brand","embeddable":true,"href":"https:\/\/roveyayinevi.com.tr\/index.php\/wp-json\/wp\/v2\/product_brand?post=777968"},{"taxonomy":"product_cat","embeddable":true,"href":"https:\/\/roveyayinevi.com.tr\/index.php\/wp-json\/wp\/v2\/product_cat?post=777968"},{"taxonomy":"product_tag","embeddable":true,"href":"https:\/\/roveyayinevi.com.tr\/index.php\/wp-json\/wp\/v2\/product_tag?post=777968"}],"curies":[{"name":"wp","href":"https:\/\/api.w.org\/{rel}","templated":true}]}}