{"id":777967,"date":"2025-10-27T05:55:19","date_gmt":"2025-10-27T02:55:19","guid":{"rendered":"https:\/\/roveyayinevi.com.tr\/index.php\/urun\/lemprierenin-sozlugu\/"},"modified":"2026-04-15T03:43:41","modified_gmt":"2026-04-15T00:43:41","slug":"lemprierenin-sozlugu","status":"publish","type":"product","link":"https:\/\/roveyayinevi.com.tr\/index.php\/urun\/lemprierenin-sozlugu\/","title":{"rendered":"Lempriere\u2019nin S\u00f6zl\u00fc\u011f\u00fc"},"content":{"rendered":"<p>Babas\u0131n\u0131n gizemli \u00f6l\u00fcm\u00fcyle sars\u0131lan gen\u00e7 John Lempri\u00e8re kendini 18. y\u00fczy\u0131l Londra\u2019s\u0131nda mitolojiyle i\u00e7 i\u00e7e ge\u00e7mi\u015f karanl\u0131k bir komplonun ortas\u0131nda bulur. Ailesinin ge\u00e7mi\u015fine uzanan s\u0131rlar, onu Do\u011fu Hindistan \u015eirketi\u2019yle ba\u011flant\u0131l\u0131 gizli bir \u00f6rg\u00fct\u00fcn a\u011f\u0131na \u00e7ekmi\u015ftir. Lempri\u00e8re, antik metinleri ve mitolojik fig\u00fcrleri bir araya getirerek kendi s\u00f6zl\u00fc\u011f\u00fcn\u00fc olu\u015fturmaya \u00e7al\u0131\u015f\u0131rken bu anlat\u0131lardakine benzer esrarengiz \u00f6l\u00fcmler \u00e7evresini ku\u015fatmaya ba\u015flar.Lawrence Norfolk\u2019un tarihsel olaylar\u0131 mitolojiyle harmanlad\u0131\u011f\u0131 bu b\u00fcy\u00fcl\u00fc evrende, gen\u00e7 Lempri\u00e8re yaln\u0131zca ailesinin ge\u00e7mi\u015fiyle de\u011fil, s\u00f6m\u00fcrgecilik, toplumsal ayaklanmalar ve gizli ticari komplolarla \u00f6r\u00fclm\u00fc\u015f karanl\u0131k bir tarihle de y\u00fczle\u015fmek zorundad\u0131r.\u201cHem bi\u00e7imsel hem dilsel a\u00e7\u0131dan g\u00f6z kama\u015ft\u0131r\u0131c\u0131 bir ba\u015far\u0131; \u00fcstelik \u00e7ok zengin olanaklar sunmas\u0131na ra\u011fmen pek az i\u015flenen Do\u011fu Hindistan \u015eirketi\u2019ni ele al\u0131yor.\u201d\u2014Salman Rushdie\u201cMuazzam g\u00f6steri\u015fli&#8230; Harikalar ve hazlar sarmal\u0131nda kayboluyorsunuz.\u201d\u2014The Washington Post\u201cB\u00fcy\u00fcleyici yo\u011funlukta bir tarihi kurmaca, ger\u00e7ek bir ba\u015fyap\u0131t.\u201d\u2014Daily Mail\u201c\u015ea\u015f\u0131rt\u0131c\u0131&#8230; Norfolk muazzam bir yetenek sergiliyor.\u201d\u2014The Boston Globe\u201cG\u00f6z al\u0131c\u0131 bilgi derinli\u011fi, m\u00fcthi\u015f bir ba\u015far\u0131.\u201d\u2013The Times Literary Supplement<\/p>\n","protected":false},"excerpt":{"rendered":"<p>Babas\u0131n\u0131n gizemli \u00f6l\u00fcm\u00fcyle sars\u0131lan gen\u00e7 John Lempri\u00e8re kendini 18. y\u00fczy\u0131l Londra\u2019s\u0131nda mitolojiyle i\u00e7 i\u00e7e ge\u00e7mi\u015f karanl\u0131k bir komplonun ortas\u0131nda bulur. Ailesinin ge\u00e7mi\u015fine uzanan s\u0131rlar, onu Do\u011fu<span class=\"excerpt-hellip\"> [\u2026]<\/span><\/p>\n","protected":false},"featured_media":0,"template":"","meta":{"_monsterinsights_skip_tracking":false,"_monsterinsights_sitenote_active":false,"_monsterinsights_sitenote_note":"","_monsterinsights_sitenote_category":0},"product_brand":[],"product_cat":[12291,12711],"product_tag":[],"class_list":{"0":"post-777967","1":"product","2":"type-product","3":"status-publish","5":"product_cat-edebiyat","6":"product_cat-roman-oyku","7":"pa_cilt-ciltsiz","8":"pa_tur-kitap","9":"pa_yayinevi-alfa-yayinlari","10":"pa_yazar-lawrence-norfolk","12":"first","13":"instock","14":"sale","15":"shipping-taxable","16":"purchasable","17":"product-type-simple"},"_links":{"self":[{"href":"https:\/\/roveyayinevi.com.tr\/index.php\/wp-json\/wp\/v2\/product\/777967","targetHints":{"allow":["GET"]}}],"collection":[{"href":"https:\/\/roveyayinevi.com.tr\/index.php\/wp-json\/wp\/v2\/product"}],"about":[{"href":"https:\/\/roveyayinevi.com.tr\/index.php\/wp-json\/wp\/v2\/types\/product"}],"wp:attachment":[{"href":"https:\/\/roveyayinevi.com.tr\/index.php\/wp-json\/wp\/v2\/media?parent=777967"}],"wp:term":[{"taxonomy":"product_brand","embeddable":true,"href":"https:\/\/roveyayinevi.com.tr\/index.php\/wp-json\/wp\/v2\/product_brand?post=777967"},{"taxonomy":"product_cat","embeddable":true,"href":"https:\/\/roveyayinevi.com.tr\/index.php\/wp-json\/wp\/v2\/product_cat?post=777967"},{"taxonomy":"product_tag","embeddable":true,"href":"https:\/\/roveyayinevi.com.tr\/index.php\/wp-json\/wp\/v2\/product_tag?post=777967"}],"curies":[{"name":"wp","href":"https:\/\/api.w.org\/{rel}","templated":true}]}}