{"id":777964,"date":"2025-10-27T05:55:15","date_gmt":"2025-10-27T02:55:15","guid":{"rendered":"https:\/\/roveyayinevi.com.tr\/index.php\/urun\/buyuk-isler-nasil-basarilir\/"},"modified":"2026-04-15T03:43:41","modified_gmt":"2026-04-15T00:43:41","slug":"buyuk-isler-nasil-basarilir","status":"publish","type":"product","link":"https:\/\/roveyayinevi.com.tr\/index.php\/urun\/buyuk-isler-nasil-basarilir\/","title":{"rendered":"B\u00fcy\u00fck \u0130\u015fler Nas\u0131l Ba\u015far\u0131l\u0131r"},"content":{"rendered":"<p>Bir fikir nas\u0131l ger\u00e7e\u011fe d\u00f6n\u00fc\u015f\u00fcr? Empire State Binas\u0131 sadece yirmi bir ayda New York\u2019un sil\u00fcetini s\u00fcsleyen bir ba\u015fyap\u0131ta d\u00f6n\u00fc\u015ft\u00fc. Apple\u2019\u0131n ilk iPod\u2019u, yaln\u0131zca bir \u00e7al\u0131\u015fan\u0131n ba\u015flatt\u0131\u011f\u0131 bir fikirken on bir ayda t\u00fcm d\u00fcnyaya sunuldu. B\u00fcy\u00fck vizyonlar\u0131n ger\u00e7e\u011fe d\u00f6n\u00fc\u015fme hik\u00e2yeleri ilham verici. Peki ya yolunda gitmeyen projeler? D\u00fcnyada yat\u0131r\u0131m\u0131n, eme\u011fin ve hayallerin kar\u015f\u0131l\u0131\u011f\u0131n\u0131 veremeyen \u00f6rnekler neden bu kadar \u00e7ok?  Oxford \u00dcniversitesi profes\u00f6r\u00fc ve d\u00fcnyan\u0131n \u00f6nde gelen megaproje uzman\u0131 Bent Flyvbjerg, Dan Gardner ile kaleme ald\u0131\u011f\u0131 kitab\u0131nda dev projelerin neden ba\u015far\u0131s\u0131z oldu\u011funu de\u011fil, nas\u0131l ba\u015far\u0131l\u0131 olabilece\u011fini anlat\u0131yor. \u0130ster mutfak tadilat\u0131, ister uluslararas\u0131 bir teknoloji giri\u015fimi ya da milyar dolarl\u0131k bir altyap\u0131 yat\u0131r\u0131m\u0131 olsun; t\u00fcm projelerin ba\u015far\u0131ya ula\u015fmas\u0131nda ge\u00e7erli olan evrensel ilkeleri a\u00e7\u0131kl\u0131yor.  Sidney Opera Binas\u0131\u2019ndan Pixar animasyonlar\u0131na, ev yenilemelerinden mega altyap\u0131 projelerine kadar onlarca \u00f6rnekle anlat\u0131lan bu kitap, projeniz ne olursa olsun zaman\u0131nda ve b\u00fct\u00e7eyi a\u015fmadan ba\u015far\u0131ya ula\u015fman\u0131z i\u00e7in bilimsel, uygulanabilir ve s\u00fcr\u00fckleyici bir rehber sunuyor.<\/p>\n","protected":false},"excerpt":{"rendered":"<p>Bir fikir nas\u0131l ger\u00e7e\u011fe d\u00f6n\u00fc\u015f\u00fcr? Empire State Binas\u0131 sadece yirmi bir ayda New York\u2019un sil\u00fcetini s\u00fcsleyen bir ba\u015fyap\u0131ta d\u00f6n\u00fc\u015ft\u00fc. Apple\u2019\u0131n ilk iPod\u2019u, yaln\u0131zca bir \u00e7al\u0131\u015fan\u0131n ba\u015flatt\u0131\u011f\u0131<span class=\"excerpt-hellip\"> [\u2026]<\/span><\/p>\n","protected":false},"featured_media":0,"template":"","meta":{"_monsterinsights_skip_tracking":false,"_monsterinsights_sitenote_active":false,"_monsterinsights_sitenote_note":"","_monsterinsights_sitenote_category":0},"product_brand":[],"product_cat":[141304],"product_tag":[],"class_list":{"0":"post-777964","1":"product","2":"type-product","3":"status-publish","5":"product_cat-yeni-cikanlar","6":"pa_cilt-ciltsiz","7":"pa_tur-kitap","8":"pa_yayinevi-mona-kitap","9":"pa_yazar-bent-flyvbjerg-dan-gardner","11":"first","12":"instock","13":"sale","14":"shipping-taxable","15":"purchasable","16":"product-type-simple"},"_links":{"self":[{"href":"https:\/\/roveyayinevi.com.tr\/index.php\/wp-json\/wp\/v2\/product\/777964","targetHints":{"allow":["GET"]}}],"collection":[{"href":"https:\/\/roveyayinevi.com.tr\/index.php\/wp-json\/wp\/v2\/product"}],"about":[{"href":"https:\/\/roveyayinevi.com.tr\/index.php\/wp-json\/wp\/v2\/types\/product"}],"wp:attachment":[{"href":"https:\/\/roveyayinevi.com.tr\/index.php\/wp-json\/wp\/v2\/media?parent=777964"}],"wp:term":[{"taxonomy":"product_brand","embeddable":true,"href":"https:\/\/roveyayinevi.com.tr\/index.php\/wp-json\/wp\/v2\/product_brand?post=777964"},{"taxonomy":"product_cat","embeddable":true,"href":"https:\/\/roveyayinevi.com.tr\/index.php\/wp-json\/wp\/v2\/product_cat?post=777964"},{"taxonomy":"product_tag","embeddable":true,"href":"https:\/\/roveyayinevi.com.tr\/index.php\/wp-json\/wp\/v2\/product_tag?post=777964"}],"curies":[{"name":"wp","href":"https:\/\/api.w.org\/{rel}","templated":true}]}}