{"id":777963,"date":"2025-10-27T05:55:13","date_gmt":"2025-10-27T02:55:13","guid":{"rendered":"https:\/\/roveyayinevi.com.tr\/index.php\/urun\/anadolulu-bugdayin-hikayesi\/"},"modified":"2026-04-15T03:43:41","modified_gmt":"2026-04-15T00:43:41","slug":"anadolulu-bugdayin-hikayesi","status":"publish","type":"product","link":"https:\/\/roveyayinevi.com.tr\/index.php\/urun\/anadolulu-bugdayin-hikayesi\/","title":{"rendered":"Anadolulu Bu\u011fday\u0131n Hikayesi"},"content":{"rendered":"<p>\u201c\u2026 Anadolulu Bu\u011fday\u0131n Hik\u00e2yesi, ilk bak\u0131\u015fta G\u00f6beklitepe\u2019yle \u00fcnlenen neolitik d\u00f6n\u00fc\u015f\u00fcm\u00fc \u00e7a\u011fr\u0131\u015ft\u0131rmakta. \u201cNeolitik\u201d s\u00f6zc\u00fc\u011f\u00fcn\u00fcn de g\u00fcn\u00fcm\u00fczde kazand\u0131\u011f\u0131 anlam, yaratt\u0131\u011f\u0131m\u0131z uygarl\u0131\u011f\u0131n en \u00f6nemli k\u0131r\u0131lma noktalar\u0131ndan biri olmas\u0131, insanlar\u0131n do\u011fada bulduklar\u0131yla yetinmeyip, kendi besinlerini \u00fcretmeye ba\u015flad\u0131\u011f\u0131 ve ard\u0131l\u0131 olarak devletle\u015fmeye kadar giden s\u00fcrecin tetiklendi\u011fi d\u00f6nemdir. Neolitik s\u00f6zc\u00fc\u011f\u00fcn\u00fcn anlam\u0131n\u0131, \u201cbesin \u00fcretimi\u201dyle tan\u0131mlad\u0131\u011f\u0131m\u0131zda da s\u00fcreci \u201cbu\u011fday\u201dla \u00f6zle\u015ftirip, tar\u0131mdan kentle\u015fmeye, kentlerden devlete, devletten imparatorluklara, imparatorluklardan end\u00fcstri devrimine ve g\u00fcn\u00fcm\u00fcze, bir akarsuyu do\u011fdu\u011fu kaynaktan denize d\u00f6k\u00fcld\u00fc\u011f\u00fc yere kadar \u00f6yk\u00fcleyebilirsiniz. Bu kitap da bunu, k\u00fcreselle\u015fmeden ticarete, inan\u00e7tan aile ve m\u00fclkiyete, mirasa, beslenmeden teknolojilere, inan\u00e7lardan sava\u015flara kadar b\u00fct\u00fcn ard\u0131llar\u0131yla birlikte ak\u0131c\u0131 bir dille, bilimsel terimlerin tuza\u011f\u0131na d\u00fc\u015fmeden \u00f6yk\u00fcleyebilme ba\u015far\u0131s\u0131n\u0131 g\u00f6stermi\u015ftir.\u201d \u2014Emeritus Prof. Dr. Mehmet \u00d6zdo\u011fan, \u0130stanbul \u00dcniversitesi<\/p>\n","protected":false},"excerpt":{"rendered":"<p>\u201c\u2026 Anadolulu Bu\u011fday\u0131n Hik\u00e2yesi, ilk bak\u0131\u015fta G\u00f6beklitepe\u2019yle \u00fcnlenen neolitik d\u00f6n\u00fc\u015f\u00fcm\u00fc \u00e7a\u011fr\u0131\u015ft\u0131rmakta. \u201cNeolitik\u201d s\u00f6zc\u00fc\u011f\u00fcn\u00fcn de g\u00fcn\u00fcm\u00fczde kazand\u0131\u011f\u0131 anlam, yaratt\u0131\u011f\u0131m\u0131z uygarl\u0131\u011f\u0131n en \u00f6nemli k\u0131r\u0131lma noktalar\u0131ndan biri olmas\u0131, insanlar\u0131n<span class=\"excerpt-hellip\"> [\u2026]<\/span><\/p>\n","protected":false},"featured_media":0,"template":"","meta":{"_monsterinsights_skip_tracking":false,"_monsterinsights_sitenote_active":false,"_monsterinsights_sitenote_note":"","_monsterinsights_sitenote_category":0},"product_brand":[],"product_cat":[141304],"product_tag":[],"class_list":{"0":"post-777963","1":"product","2":"type-product","3":"status-publish","5":"product_cat-yeni-cikanlar","6":"pa_cilt-ciltsiz","7":"pa_tur-kitap","8":"pa_yayinevi-alfa-yayinlari","9":"pa_yazar-levent-yilmaz","11":"first","12":"instock","13":"sale","14":"shipping-taxable","15":"purchasable","16":"product-type-simple"},"_links":{"self":[{"href":"https:\/\/roveyayinevi.com.tr\/index.php\/wp-json\/wp\/v2\/product\/777963","targetHints":{"allow":["GET"]}}],"collection":[{"href":"https:\/\/roveyayinevi.com.tr\/index.php\/wp-json\/wp\/v2\/product"}],"about":[{"href":"https:\/\/roveyayinevi.com.tr\/index.php\/wp-json\/wp\/v2\/types\/product"}],"wp:attachment":[{"href":"https:\/\/roveyayinevi.com.tr\/index.php\/wp-json\/wp\/v2\/media?parent=777963"}],"wp:term":[{"taxonomy":"product_brand","embeddable":true,"href":"https:\/\/roveyayinevi.com.tr\/index.php\/wp-json\/wp\/v2\/product_brand?post=777963"},{"taxonomy":"product_cat","embeddable":true,"href":"https:\/\/roveyayinevi.com.tr\/index.php\/wp-json\/wp\/v2\/product_cat?post=777963"},{"taxonomy":"product_tag","embeddable":true,"href":"https:\/\/roveyayinevi.com.tr\/index.php\/wp-json\/wp\/v2\/product_tag?post=777963"}],"curies":[{"name":"wp","href":"https:\/\/api.w.org\/{rel}","templated":true}]}}