{"id":777962,"date":"2025-10-27T05:55:10","date_gmt":"2025-10-27T02:55:10","guid":{"rendered":"https:\/\/roveyayinevi.com.tr\/index.php\/urun\/kalemin-ucunda-kalan-ask\/"},"modified":"2026-04-15T03:43:41","modified_gmt":"2026-04-15T00:43:41","slug":"kalemin-ucunda-kalan-ask","status":"publish","type":"product","link":"https:\/\/roveyayinevi.com.tr\/index.php\/urun\/kalemin-ucunda-kalan-ask\/","title":{"rendered":"Kalemin Ucunda Kalan A\u015fk"},"content":{"rendered":"<p>Seni d\u00fc\u015f\u00fcn\u00fcyorum g\u00f6zlerim kapal\u0131, a\u011fz\u0131mda zeytin ve ekme\u011fin tad\u0131, g\u00f6zlerim nemli. Ve biliyorum \u0130ran&#8217;da y\u00f6netim de\u011fi\u015fir cumhuriyet gelir sen bana gelmezsin. Azerbaycan Karaba\u011f&#8217;a kavu\u015fur ama biz kavu\u015famay\u0131z. Seni d\u00fc\u015f\u00fcnmek \u00f6zg\u00fcrl\u00fc\u011fe do\u011fru ko\u015fmak gibi. Kalbim ba\u011f\u0131ms\u0131zl\u0131\u011f\u0131n\u0131 ilan ediyor, akl\u0131mla kavga halinde. Seni d\u00fc\u015flemek bir g\u00fcl\u00fc koklamak gibi dal\u0131ndan koparmadan, ona zarar vermeden ve ayn\u0131 zamanda dikenlerini g\u00f6ze alarak. Seni sevmek, korkusuzca ate\u015fe y\u00fcr\u00fcmek demek yanaca\u011f\u0131n\u0131 bile bile, hi\u00e7 \u015fikayet etmeden. Seni g\u00f6rmek, d\u00fcnyada cennetin varl\u0131\u011f\u0131na inanmak, Allah&#8217;a \u015f\u00fckretmek demek. Senin sesini duymak t\u00fcm bah\u00e7elerimin \u00e7i\u00e7ek a\u00e7mas\u0131 demek. Seni \u00f6zlemek, d\u00fcnyada ya\u015farken \u00f6lmek demek. Ellerini tutmak, g\u00f6ky\u00fcz\u00fcne u\u00e7mak demek, \u00f6zg\u00fcrce korkusuzca. G\u00f6zlerinin i\u00e7ine bakmak, d\u00fcnyan\u0131n en g\u00fczel uykusuna dalmak gibi hi\u00e7 uyanmak istemedi\u011fim. B\u0131rak ay gitsin, y\u0131ld\u0131zlar gitsin sen kal benimle. <\/p>\n","protected":false},"excerpt":{"rendered":"<p>Seni d\u00fc\u015f\u00fcn\u00fcyorum g\u00f6zlerim kapal\u0131, a\u011fz\u0131mda zeytin ve ekme\u011fin tad\u0131, g\u00f6zlerim nemli. Ve biliyorum \u0130ran&#8217;da y\u00f6netim de\u011fi\u015fir cumhuriyet gelir sen bana gelmezsin. Azerbaycan Karaba\u011f&#8217;a kavu\u015fur ama biz<span class=\"excerpt-hellip\"> [\u2026]<\/span><\/p>\n","protected":false},"featured_media":0,"template":"","meta":{"_monsterinsights_skip_tracking":false,"_monsterinsights_sitenote_active":false,"_monsterinsights_sitenote_note":"","_monsterinsights_sitenote_category":0},"product_brand":[],"product_cat":[12291,12711],"product_tag":[],"class_list":{"0":"post-777962","1":"product","2":"type-product","3":"status-publish","5":"product_cat-edebiyat","6":"product_cat-roman-oyku","7":"pa_cilt-ciltsiz","8":"pa_tur-kitap","9":"pa_yayinevi-fa-yayinlari","10":"pa_yazar-arzu-ozkan","12":"first","13":"instock","14":"sale","15":"shipping-taxable","16":"purchasable","17":"product-type-simple"},"_links":{"self":[{"href":"https:\/\/roveyayinevi.com.tr\/index.php\/wp-json\/wp\/v2\/product\/777962","targetHints":{"allow":["GET"]}}],"collection":[{"href":"https:\/\/roveyayinevi.com.tr\/index.php\/wp-json\/wp\/v2\/product"}],"about":[{"href":"https:\/\/roveyayinevi.com.tr\/index.php\/wp-json\/wp\/v2\/types\/product"}],"wp:attachment":[{"href":"https:\/\/roveyayinevi.com.tr\/index.php\/wp-json\/wp\/v2\/media?parent=777962"}],"wp:term":[{"taxonomy":"product_brand","embeddable":true,"href":"https:\/\/roveyayinevi.com.tr\/index.php\/wp-json\/wp\/v2\/product_brand?post=777962"},{"taxonomy":"product_cat","embeddable":true,"href":"https:\/\/roveyayinevi.com.tr\/index.php\/wp-json\/wp\/v2\/product_cat?post=777962"},{"taxonomy":"product_tag","embeddable":true,"href":"https:\/\/roveyayinevi.com.tr\/index.php\/wp-json\/wp\/v2\/product_tag?post=777962"}],"curies":[{"name":"wp","href":"https:\/\/api.w.org\/{rel}","templated":true}]}}