{"id":777957,"date":"2025-10-27T05:55:04","date_gmt":"2025-10-27T02:55:04","guid":{"rendered":"https:\/\/roveyayinevi.com.tr\/index.php\/urun\/bizi-insan-yapan-hayvanlar-arkeolojide-kurk-kuyruklar-ve-tuyler\/"},"modified":"2026-04-15T03:43:40","modified_gmt":"2026-04-15T00:43:40","slug":"bizi-insan-yapan-hayvanlar-arkeolojide-kurk-kuyruklar-ve-tuyler","status":"publish","type":"product","link":"https:\/\/roveyayinevi.com.tr\/index.php\/urun\/bizi-insan-yapan-hayvanlar-arkeolojide-kurk-kuyruklar-ve-tuyler\/","title":{"rendered":"Bizi \u0130nsan Yapan Hayvanlar: Arkeolojide K\u00fcrk, Kuyruklar ve T\u00fcyler"},"content":{"rendered":"<p>Tarih \u00f6ncesi d\u00f6nemden beri, hayvanlarla kurdu\u011fumuz sembolik ve manevi ili\u015fkinin insanlar\u0131n k\u00fclt\u00fcrel, bili\u015fsel ve duygusal geli\u015fimi \u00fczerindeki etkisini arkeolojik referanslarla inceleyen bu \u00e7al\u0131\u015fma, \u0130nuitlerden \u0130skitlere, Akdeniz medeniyetlerinden tarih\u00f6ncesi \u0130skandinav topluluklar\u0131na uzanan \u00e7ok \u00e7e\u015fitli vaka \u00e7al\u0131\u015fmalar\u0131na dayan\u0131yor. Yazar, kendi deyimiyle, hayvanlarla \u201cfiziksel bir kaynak de\u011fil, sembolik bir kaynak olarak\u201d ilgileniyor ve \u201cnas\u0131l pi\u015firildiklerini\u201d veya \u201ckemiklerinden, boynuzlar\u0131ndan, di\u015flerinden hangi ara\u00e7lar\u0131n, silahlar\u0131n veya s\u00fcslerin yap\u0131ld\u0131\u011f\u0131n\u0131\u201d de\u011fil, \u201ccenaze t\u00f6reni alan\u0131nda veya dini sanatta nas\u0131l kavramsalla\u015ft\u0131r\u0131ld\u0131klar\u0131n\u0131\u201d ve \u201cinsan\u0131n k\u00fclt\u00fcrel evrimini nas\u0131l etkilediklerini\u201d bulmaya \u00e7al\u0131\u015f\u0131yor. K\u00f6\u015fe yaz\u0131lar\u0131 sayesinde Romanya\u2019da arkeolojiyi pop\u00fcler hale getiren yazar, \u015fair, akademisyen ve arkeolog Catalin Pavel\u2019in Romanya\u2019da \u00e7ok satan kitab\u0131 Bizi \u0130nsan Yapan Hayvanlar: Arkeolojide K\u00fcrk, Kuyruklar ve T\u00fcyler, arkeozoolojiye dair kavram ve tart\u0131\u015fmalar\u0131 her okurun kolayca anlayabilece\u011fi sadelikte, e\u011flenceli bir dille aktar\u0131yor. <\/p>\n","protected":false},"excerpt":{"rendered":"<p>Tarih \u00f6ncesi d\u00f6nemden beri, hayvanlarla kurdu\u011fumuz sembolik ve manevi ili\u015fkinin insanlar\u0131n k\u00fclt\u00fcrel, bili\u015fsel ve duygusal geli\u015fimi \u00fczerindeki etkisini arkeolojik referanslarla inceleyen bu \u00e7al\u0131\u015fma, \u0130nuitlerden \u0130skitlere, Akdeniz<span class=\"excerpt-hellip\"> [\u2026]<\/span><\/p>\n","protected":false},"featured_media":0,"template":"","meta":{"_monsterinsights_skip_tracking":false,"_monsterinsights_sitenote_active":false,"_monsterinsights_sitenote_note":"","_monsterinsights_sitenote_category":0},"product_brand":[],"product_cat":[141304],"product_tag":[],"class_list":{"0":"post-777957","1":"product","2":"type-product","3":"status-publish","5":"product_cat-yeni-cikanlar","6":"pa_cilt-ciltsiz","7":"pa_tur-kitap","8":"pa_yayinevi-gordium-yayincilik","9":"pa_yazar-catalin-pavel","11":"first","12":"instock","13":"sale","14":"shipping-taxable","15":"purchasable","16":"product-type-simple"},"_links":{"self":[{"href":"https:\/\/roveyayinevi.com.tr\/index.php\/wp-json\/wp\/v2\/product\/777957","targetHints":{"allow":["GET"]}}],"collection":[{"href":"https:\/\/roveyayinevi.com.tr\/index.php\/wp-json\/wp\/v2\/product"}],"about":[{"href":"https:\/\/roveyayinevi.com.tr\/index.php\/wp-json\/wp\/v2\/types\/product"}],"wp:attachment":[{"href":"https:\/\/roveyayinevi.com.tr\/index.php\/wp-json\/wp\/v2\/media?parent=777957"}],"wp:term":[{"taxonomy":"product_brand","embeddable":true,"href":"https:\/\/roveyayinevi.com.tr\/index.php\/wp-json\/wp\/v2\/product_brand?post=777957"},{"taxonomy":"product_cat","embeddable":true,"href":"https:\/\/roveyayinevi.com.tr\/index.php\/wp-json\/wp\/v2\/product_cat?post=777957"},{"taxonomy":"product_tag","embeddable":true,"href":"https:\/\/roveyayinevi.com.tr\/index.php\/wp-json\/wp\/v2\/product_tag?post=777957"}],"curies":[{"name":"wp","href":"https:\/\/api.w.org\/{rel}","templated":true}]}}