{"id":777943,"date":"2025-10-27T05:54:36","date_gmt":"2025-10-27T02:54:36","guid":{"rendered":"https:\/\/roveyayinevi.com.tr\/index.php\/urun\/antroposen-olayi\/"},"modified":"2026-04-15T03:43:39","modified_gmt":"2026-04-15T00:43:39","slug":"antroposen-olayi","status":"publish","type":"product","link":"https:\/\/roveyayinevi.com.tr\/index.php\/urun\/antroposen-olayi\/","title":{"rendered":"Antroposen Olay\u0131"},"content":{"rendered":"<p>Antroposen: Bir kriz de\u011fil, i\u00e7inde ya\u015fad\u0131\u011f\u0131m\u0131z yeni bir ko\u015ful. Christophe Bonneuil ve Jean-Baptiste Fressoz, art\u0131k bir klasi\u011fe d\u00f6n\u00fc\u015fm\u00fc\u015f bu eserlerinde, \u00e7evresel felaketleri h\u00e2l\u00e2 ge\u00e7ici bir sapma gibi g\u00f6rmenin yan\u0131lt\u0131c\u0131l\u0131\u011f\u0131na dikkat \u00e7ekiyor. Artan s\u0131cakl\u0131klar, \u00e7\u00f6ken ekosistemler, devrilme noktalar\u0131, kitlesel yok olu\u015flar\u2026 Bunlar art\u0131k istisna de\u011fil; gezegenin yeni normalleri. \u201c\u00c7evre krizi\u201d anlat\u0131s\u0131, h\u00e2l\u00e2 geri d\u00f6n\u00fclebilecek bir istikrar yan\u0131lsamas\u0131n\u0131 s\u00fcrd\u00fcr\u00fcyor. Oysa yazarlar, i\u00e7inde bulundu\u011fumuz \u00e7a\u011f\u0131n, tesad\u00fcfi bir kriz de\u011fil, tarihsel olarak \u00f6r\u00fclm\u00fc\u015f, yap\u0131sal ve kal\u0131c\u0131 bir bozulman\u0131n sonucu oldu\u011funu g\u00f6steriyor.Kitap, \u00e7evresel y\u0131k\u0131m\u0131 soyut ve homojen bir \u201cinsanl\u0131k\u201d anlat\u0131s\u0131na teslim etmek yerine, kapitalist geni\u015fleme, emperyalist tahakk\u00fcm ve sava\u015f ayg\u0131t\u0131yla \u00f6r\u00fclm\u00fc\u015f tarihsel bir s\u00fcrecin sonucu olarak de\u011ferlendiriyor. Sorun, uyar\u0131lar\u0131n eksikli\u011fi de\u011fil; bu uyar\u0131lar\u0131n kimler taraf\u0131ndan bast\u0131r\u0131ld\u0131\u011f\u0131 ve neden sistemli bi\u00e7imde g\u00f6rmezden gelindi\u011fidir.Yazarlar, \u0130nsan \u00c7a\u011f\u0131 olarak da an\u0131lan Antroposen\u2019i, evrensel bir insanl\u0131k hik\u00e2yesiyle de\u011fil; Sermaye \u00c7a\u011f\u0131, \u00d6l\u00fcm \u00c7a\u011f\u0131, T\u00fcketim \u00c7a\u011f\u0131 ve Cehalet \u00c7a\u011f\u0131 gibi kavramlarla par\u00e7al\u0131, \u00e7at\u0131\u015fmal\u0131 ve politik bir tarih olarak yeniden tan\u0131ml\u0131yor. Bu alternatif adland\u0131rmalar, ekolojik bozulman\u0131n ard\u0131ndaki iktisadi ve ideolojik g\u00fc\u00e7 yap\u0131lar\u0131n\u0131 g\u00f6r\u00fcn\u00fcr k\u0131l\u0131yor; yeni bir tarih yaz\u0131m\u0131 i\u00e7in kavramsal bir zemin sunuyor.Antroposen\u2019i yaln\u0131zca bir y\u0131k\u0131m de\u011fil, ayn\u0131 zamanda kolektif bir m\u00fccadele alan\u0131 olarak kavrayan bu kitap, ge\u00e7mi\u015fin unutulmu\u015f direni\u015flerini bug\u00fcn\u00fcn politik tahayy\u00fclleriyle bulu\u015fturan g\u00fc\u00e7l\u00fc ve sars\u0131c\u0131 bir \u00e7a\u011fr\u0131d\u0131r. <\/p>\n","protected":false},"excerpt":{"rendered":"<p>Antroposen: Bir kriz de\u011fil, i\u00e7inde ya\u015fad\u0131\u011f\u0131m\u0131z yeni bir ko\u015ful. Christophe Bonneuil ve Jean-Baptiste Fressoz, art\u0131k bir klasi\u011fe d\u00f6n\u00fc\u015fm\u00fc\u015f bu eserlerinde, \u00e7evresel felaketleri h\u00e2l\u00e2 ge\u00e7ici bir sapma<span class=\"excerpt-hellip\"> [\u2026]<\/span><\/p>\n","protected":false},"featured_media":0,"template":"","meta":{"_monsterinsights_skip_tracking":false,"_monsterinsights_sitenote_active":false,"_monsterinsights_sitenote_note":"","_monsterinsights_sitenote_category":0},"product_brand":[],"product_cat":[13043,65318],"product_tag":[],"class_list":{"0":"post-777943","1":"product","2":"type-product","3":"status-publish","5":"product_cat-ekonomi","6":"product_cat-kuresellesme","7":"pa_cilt-ciltsiz","8":"pa_tur-kitap","9":"pa_yayinevi-is-bankasi-kultur-yayinlari","10":"pa_yazar-christophe-bonneuil-jean-baptiste-fressoz","12":"first","13":"instock","14":"sale","15":"shipping-taxable","16":"purchasable","17":"product-type-simple"},"_links":{"self":[{"href":"https:\/\/roveyayinevi.com.tr\/index.php\/wp-json\/wp\/v2\/product\/777943","targetHints":{"allow":["GET"]}}],"collection":[{"href":"https:\/\/roveyayinevi.com.tr\/index.php\/wp-json\/wp\/v2\/product"}],"about":[{"href":"https:\/\/roveyayinevi.com.tr\/index.php\/wp-json\/wp\/v2\/types\/product"}],"wp:attachment":[{"href":"https:\/\/roveyayinevi.com.tr\/index.php\/wp-json\/wp\/v2\/media?parent=777943"}],"wp:term":[{"taxonomy":"product_brand","embeddable":true,"href":"https:\/\/roveyayinevi.com.tr\/index.php\/wp-json\/wp\/v2\/product_brand?post=777943"},{"taxonomy":"product_cat","embeddable":true,"href":"https:\/\/roveyayinevi.com.tr\/index.php\/wp-json\/wp\/v2\/product_cat?post=777943"},{"taxonomy":"product_tag","embeddable":true,"href":"https:\/\/roveyayinevi.com.tr\/index.php\/wp-json\/wp\/v2\/product_tag?post=777943"}],"curies":[{"name":"wp","href":"https:\/\/api.w.org\/{rel}","templated":true}]}}