{"id":777942,"date":"2025-10-27T05:54:34","date_gmt":"2025-10-27T02:54:34","guid":{"rendered":"https:\/\/roveyayinevi.com.tr\/index.php\/urun\/aglasun-aysafagi\/"},"modified":"2026-04-15T03:43:39","modified_gmt":"2026-04-15T00:43:39","slug":"aglasun-aysafagi","status":"publish","type":"product","link":"https:\/\/roveyayinevi.com.tr\/index.php\/urun\/aglasun-aysafagi\/","title":{"rendered":"A\u011flasun Ay\u015fafa\u011f\u0131"},"content":{"rendered":"<p>yaz gecelerinde bir eski zaman heykelinin direnen yaln\u0131zl\u0131\u011f\u0131yla dikilip o insan topraklarda dokundum zaman\u0131n so\u011fuk etine            seslenen kim?              gelen ne?              kan m\u0131 gelincik mi ate\u015f mi g\u00fcl m\u00fc              nedir ayr\u0131l\u0131k?              nedir bu som kayalardan ge\u00e7en bu g\u00f6lge?                                                 g\u00f6lgeler                                                 g\u00f6lgeler                                                      ve tuz da\u011f\u0131 g\u00f6zya\u015f\u0131                                                                a\u011flasun ay\u015fafa\u011f\u0131                                                                a\u011flasun ay\u015fafa\u011f\u0131                                                                ay\u015fafa\u011f\u0131 <\/p>\n","protected":false},"excerpt":{"rendered":"<p>yaz gecelerinde bir eski zaman heykelinin direnen yaln\u0131zl\u0131\u011f\u0131yla dikilip o insan topraklarda dokundum zaman\u0131n so\u011fuk etine seslenen kim? gelen ne? kan m\u0131 gelincik mi ate\u015f mi<span class=\"excerpt-hellip\"> [\u2026]<\/span><\/p>\n","protected":false},"featured_media":0,"template":"","meta":{"_monsterinsights_skip_tracking":false,"_monsterinsights_sitenote_active":false,"_monsterinsights_sitenote_note":"","_monsterinsights_sitenote_category":0},"product_brand":[],"product_cat":[12291,13872],"product_tag":[],"class_list":{"0":"post-777942","1":"product","2":"type-product","3":"status-publish","5":"product_cat-edebiyat","6":"product_cat-klasikler","7":"pa_cilt-ciltsiz","8":"pa_tur-kitap","9":"pa_yayinevi-is-bankasi-kultur-yayinlari","10":"pa_yazar-hasan-huseyin","12":"first","13":"instock","14":"sale","15":"shipping-taxable","16":"purchasable","17":"product-type-simple"},"_links":{"self":[{"href":"https:\/\/roveyayinevi.com.tr\/index.php\/wp-json\/wp\/v2\/product\/777942","targetHints":{"allow":["GET"]}}],"collection":[{"href":"https:\/\/roveyayinevi.com.tr\/index.php\/wp-json\/wp\/v2\/product"}],"about":[{"href":"https:\/\/roveyayinevi.com.tr\/index.php\/wp-json\/wp\/v2\/types\/product"}],"wp:attachment":[{"href":"https:\/\/roveyayinevi.com.tr\/index.php\/wp-json\/wp\/v2\/media?parent=777942"}],"wp:term":[{"taxonomy":"product_brand","embeddable":true,"href":"https:\/\/roveyayinevi.com.tr\/index.php\/wp-json\/wp\/v2\/product_brand?post=777942"},{"taxonomy":"product_cat","embeddable":true,"href":"https:\/\/roveyayinevi.com.tr\/index.php\/wp-json\/wp\/v2\/product_cat?post=777942"},{"taxonomy":"product_tag","embeddable":true,"href":"https:\/\/roveyayinevi.com.tr\/index.php\/wp-json\/wp\/v2\/product_tag?post=777942"}],"curies":[{"name":"wp","href":"https:\/\/api.w.org\/{rel}","templated":true}]}}