{"id":777937,"date":"2025-10-27T05:54:23","date_gmt":"2025-10-27T02:54:23","guid":{"rendered":"https:\/\/roveyayinevi.com.tr\/index.php\/urun\/woyzeck-leonce-ve-lena\/"},"modified":"2026-04-15T03:43:39","modified_gmt":"2026-04-15T00:43:39","slug":"woyzeck-leonce-ve-lena","status":"publish","type":"product","link":"https:\/\/roveyayinevi.com.tr\/index.php\/urun\/woyzeck-leonce-ve-lena\/","title":{"rendered":"Woyzeck \u2013 Leonce ve Lena"},"content":{"rendered":"<p>Georg B\u00fcchner (1813-1837): \u00c7a\u011fda\u015f Alman tiyatrosunun kurucular\u0131ndan say\u0131l\u0131r. Strasbourg ve Giessen \u00fcniversitelerinde t\u0131p okudu. 1830\u2019daki Paris ayaklanmas\u0131ndan esinlenen B\u00fcchner, gizli bir grup kurarak devrim \u00e7a\u011fr\u0131s\u0131 yapan bir bro\u015f\u00fcr yay\u0131mlay\u0131nca k\u00f6yl\u00fcler taraf\u0131ndan ihbar edildi ve \u0130svi\u00e7re\u2019ye ka\u00e7mak zorunda kald\u0131, ard\u0131nda be\u015f eser b\u0131rakarak 1837\u2019de s\u00fcrg\u00fcnde \u00f6ld\u00fc. Danton\u2019un \u00d6l\u00fcm\u00fc ve yar\u0131m kalm\u0131\u015f Woyzeck adl\u0131 oyunlar\u0131 Shakespeare\u2019den ve Alman Romantik Sturm und Drang hareketinden etkilenmekle birlikte nitelik olarak zaman\u0131n\u0131n \u00e7ok \u00f6tesindedir. Her ne kadar tamamlanmam\u0131\u015f, fragmanlar halinde ilerleyen metinler olsalar da gerek Woyzeck gerekse Leonce ve Lena, B\u00fcchner\u2019in keskin bir mizah duygusuyla kaleme ald\u0131\u011f\u0131 \u00e7arp\u0131c\u0131 oyunlard\u0131r. B\u00fcchner modern ili\u015fkilerin abs\u00fcrd yanlar\u0131n\u0131, burjuva s\u0131n\u0131f\u0131n\u0131n hafifliklerini, aristokrasi ele\u015ftirisini, yoksulluk ve s\u0131n\u0131f farklar\u0131n\u0131 \u00e7ok zarif dokunu\u015flarla oyunlar\u0131nda i\u015flerken alttan alta ba\u015fat bir arzuyu daima g\u00fcndemde tutacakt\u0131r: insan \u00f6zg\u00fcrl\u00fc\u011f\u00fc.<\/p>\n","protected":false},"excerpt":{"rendered":"<p>Georg B\u00fcchner (1813-1837): \u00c7a\u011fda\u015f Alman tiyatrosunun kurucular\u0131ndan say\u0131l\u0131r. Strasbourg ve Giessen \u00fcniversitelerinde t\u0131p okudu. 1830\u2019daki Paris ayaklanmas\u0131ndan esinlenen B\u00fcchner, gizli bir grup kurarak devrim \u00e7a\u011fr\u0131s\u0131 yapan<span class=\"excerpt-hellip\"> [\u2026]<\/span><\/p>\n","protected":false},"featured_media":0,"template":"","meta":{"_monsterinsights_skip_tracking":false,"_monsterinsights_sitenote_active":false,"_monsterinsights_sitenote_note":"","_monsterinsights_sitenote_category":0},"product_brand":[],"product_cat":[12291,15566],"product_tag":[],"class_list":{"0":"post-777937","1":"product","2":"type-product","3":"status-publish","5":"product_cat-edebiyat","6":"product_cat-oyun","7":"pa_cilt-ciltsiz","8":"pa_tur-kitap","9":"pa_yayinevi-is-bankasi-kultur-yayinlari","10":"pa_yazar-georg-buchner","12":"first","13":"instock","14":"sale","15":"shipping-taxable","16":"purchasable","17":"product-type-simple"},"_links":{"self":[{"href":"https:\/\/roveyayinevi.com.tr\/index.php\/wp-json\/wp\/v2\/product\/777937","targetHints":{"allow":["GET"]}}],"collection":[{"href":"https:\/\/roveyayinevi.com.tr\/index.php\/wp-json\/wp\/v2\/product"}],"about":[{"href":"https:\/\/roveyayinevi.com.tr\/index.php\/wp-json\/wp\/v2\/types\/product"}],"wp:attachment":[{"href":"https:\/\/roveyayinevi.com.tr\/index.php\/wp-json\/wp\/v2\/media?parent=777937"}],"wp:term":[{"taxonomy":"product_brand","embeddable":true,"href":"https:\/\/roveyayinevi.com.tr\/index.php\/wp-json\/wp\/v2\/product_brand?post=777937"},{"taxonomy":"product_cat","embeddable":true,"href":"https:\/\/roveyayinevi.com.tr\/index.php\/wp-json\/wp\/v2\/product_cat?post=777937"},{"taxonomy":"product_tag","embeddable":true,"href":"https:\/\/roveyayinevi.com.tr\/index.php\/wp-json\/wp\/v2\/product_tag?post=777937"}],"curies":[{"name":"wp","href":"https:\/\/api.w.org\/{rel}","templated":true}]}}