{"id":777936,"date":"2025-10-27T05:54:22","date_gmt":"2025-10-27T02:54:22","guid":{"rendered":"https:\/\/roveyayinevi.com.tr\/index.php\/urun\/leviathan-ciltli\/"},"modified":"2026-04-15T03:43:39","modified_gmt":"2026-04-15T00:43:39","slug":"leviathan-ciltli","status":"publish","type":"product","link":"https:\/\/roveyayinevi.com.tr\/index.php\/urun\/leviathan-ciltli\/","title":{"rendered":"Leviathan (Ciltli)"},"content":{"rendered":"<p>Thomas Hobbes (1588-1679): Modern siyaset teorisinin kurucu mimarlar\u0131ndad\u0131r; devlet kavram\u0131n\u0131n anatomisini \u00e7\u0131kard\u0131\u011f\u0131 Leviathan ise yazar\u0131n ba\u015fyap\u0131t\u0131d\u0131r. Bu ba\u015fyap\u0131tta ideal bir devletin ve daha az \u00e7at\u0131\u015fmal\u0131 bir toplumsal ya\u015fam\u0131n in\u015fas\u0131 i\u00e7in egemenlik ili\u015fkilerinin d\u00fcnyevi (sek\u00fcler) yasalar\u0131 esas almas\u0131n\u0131 \u00f6ne s\u00fcrer Hobbes. Ne var ki, felsefi ve siyasi fikirleri kadar teoloji hakk\u0131ndaki yorumlar\u0131 da pek \u00e7ok kesimi rahats\u0131z eder. Kitaplar\u0131n\u0131n yak\u0131lma karar\u0131 al\u0131n\u0131r; Hobbes d\u00f6nemin stat\u00fckocu g\u00fc\u00e7lerinin tepkisini \u00e7ekmi\u015f olsa da ne \u00e7arp\u0131c\u0131 fikirlerinden ne de d\u00fc\u015f\u00fcnme arzusundan taviz verir. Ele\u015ftirel d\u00fc\u015f\u00fcncenin parlak ve yarat\u0131c\u0131 \u00f6rneklerinden olan Leviathan h\u00e2l\u00e2 kendi \u00e7\u00f6z\u00fcmlerini arayan modern d\u00fcnyan\u0131n ba\u015fvuraca\u011f\u0131 nadide bir kaynak&#8230; <\/p>\n","protected":false},"excerpt":{"rendered":"<p>Thomas Hobbes (1588-1679): Modern siyaset teorisinin kurucu mimarlar\u0131ndad\u0131r; devlet kavram\u0131n\u0131n anatomisini \u00e7\u0131kard\u0131\u011f\u0131 Leviathan ise yazar\u0131n ba\u015fyap\u0131t\u0131d\u0131r. Bu ba\u015fyap\u0131tta ideal bir devletin ve daha az \u00e7at\u0131\u015fmal\u0131 bir<span class=\"excerpt-hellip\"> [\u2026]<\/span><\/p>\n","protected":false},"featured_media":0,"template":"","meta":{"_monsterinsights_skip_tracking":false,"_monsterinsights_sitenote_active":false,"_monsterinsights_sitenote_note":"","_monsterinsights_sitenote_category":0},"product_brand":[],"product_cat":[12337,14706],"product_tag":[],"class_list":{"0":"post-777936","1":"product","2":"type-product","3":"status-publish","5":"product_cat-politika-siyaset","6":"product_cat-siyaset-bilimi","7":"pa_cilt-ciltli","8":"pa_tur-kitap","9":"pa_yayinevi-is-bankasi-kultur-yayinlari","10":"pa_yazar-thomas-hobbes","12":"first","13":"instock","14":"sale","15":"shipping-taxable","16":"purchasable","17":"product-type-simple"},"_links":{"self":[{"href":"https:\/\/roveyayinevi.com.tr\/index.php\/wp-json\/wp\/v2\/product\/777936","targetHints":{"allow":["GET"]}}],"collection":[{"href":"https:\/\/roveyayinevi.com.tr\/index.php\/wp-json\/wp\/v2\/product"}],"about":[{"href":"https:\/\/roveyayinevi.com.tr\/index.php\/wp-json\/wp\/v2\/types\/product"}],"wp:attachment":[{"href":"https:\/\/roveyayinevi.com.tr\/index.php\/wp-json\/wp\/v2\/media?parent=777936"}],"wp:term":[{"taxonomy":"product_brand","embeddable":true,"href":"https:\/\/roveyayinevi.com.tr\/index.php\/wp-json\/wp\/v2\/product_brand?post=777936"},{"taxonomy":"product_cat","embeddable":true,"href":"https:\/\/roveyayinevi.com.tr\/index.php\/wp-json\/wp\/v2\/product_cat?post=777936"},{"taxonomy":"product_tag","embeddable":true,"href":"https:\/\/roveyayinevi.com.tr\/index.php\/wp-json\/wp\/v2\/product_tag?post=777936"}],"curies":[{"name":"wp","href":"https:\/\/api.w.org\/{rel}","templated":true}]}}