{"id":777934,"date":"2025-10-27T05:54:19","date_gmt":"2025-10-27T02:54:19","guid":{"rendered":"https:\/\/roveyayinevi.com.tr\/index.php\/urun\/insanligin-insasinda-rituel-ve-din\/"},"modified":"2026-04-15T03:43:39","modified_gmt":"2026-04-15T00:43:39","slug":"insanligin-insasinda-rituel-ve-din","status":"publish","type":"product","link":"https:\/\/roveyayinevi.com.tr\/index.php\/urun\/insanligin-insasinda-rituel-ve-din\/","title":{"rendered":"\u0130nsanl\u0131\u011f\u0131n \u0130n\u015fas\u0131nda Rit\u00fcel ve Din"},"content":{"rendered":"<p>Yeni Gine\u2019nin domuz kurban edilen kabile t\u00f6renlerinden Hindistan\u2019\u0131n renkli Holi kutlamalar\u0131na, Latin Amerika\u2019daki karnavallardan Japonya\u2019daki tap\u0131nak ayinlerine, Afrika\u2019daki topluluk danslar\u0131ndan \u00fc\u00e7 b\u00fcy\u00fck dinin de\u011fi\u015fen ibadetlerine ve bayramlar\u0131na, hatta modern d\u00fcnyan\u0131n e\u011flencelerine ve festivallerine kadar uzanan say\u0131s\u0131z t\u00f6ren, ayin ve rit\u00fcel, insan\u0131n anlam, d\u00fczen ve ba\u011fl\u0131l\u0131k aray\u0131\u015f\u0131n\u0131 ortaya koyuyor. Peki, bu ba\u015f d\u00f6nd\u00fcr\u00fcc\u00fc \u00e7e\u015fitlilikteki pratiklerin anlam\u0131 ne? Neden icra ediliyorlar ve geli\u015fen d\u00fcnyada neden h\u00e2l\u00e2 varl\u0131klar\u0131n\u0131 s\u00fcrd\u00fcr\u00fcyorlar? Roy A. Rappaport, din antropolojisinin klasiklerinden say\u0131lan bu eserinde bu sorulara antropolojinin ve insanl\u0131\u011f\u0131n evrimsel ser\u00fcveninin i\u00e7inden yan\u0131t ar\u0131yor. Rit\u00fcel ve dinin, do\u011fa\u00fcst\u00fc inan\u00e7lardan \u00e7ok daha fazlas\u0131n\u0131 bar\u0131nd\u0131rd\u0131\u011f\u0131n\u0131, toplumlar\u0131 bir arada tutan, anlam\u0131 kuran, dili ve k\u00fclt\u00fcr\u00fc m\u00fcmk\u00fcn k\u0131lan bir d\u00fczen mekanizmas\u0131 oldu\u011funu ileri s\u00fcr\u00fcyor. Dinin k\u00f6kenini do\u011fa\u00fcst\u00fcnde de\u011fil, insan\u0131n kendini d\u00fczenleme g\u00fcc\u00fcnde buluyor. Rit\u00fcelin yaln\u0131zca kutsal\u0131n dili de\u011fil, insan\u0131n \u00e7evresine uyumunu, ahlaki d\u00fczenini ve k\u00fclt\u00fcrel s\u00fcreklili\u011fini sa\u011flayan temel unsur oldu\u011funu g\u00f6steriyor. <\/p>\n","protected":false},"excerpt":{"rendered":"<p>Yeni Gine\u2019nin domuz kurban edilen kabile t\u00f6renlerinden Hindistan\u2019\u0131n renkli Holi kutlamalar\u0131na, Latin Amerika\u2019daki karnavallardan Japonya\u2019daki tap\u0131nak ayinlerine, Afrika\u2019daki topluluk danslar\u0131ndan \u00fc\u00e7 b\u00fcy\u00fck dinin de\u011fi\u015fen ibadetlerine ve<span class=\"excerpt-hellip\"> [\u2026]<\/span><\/p>\n","protected":false},"featured_media":0,"template":"","meta":{"_monsterinsights_skip_tracking":false,"_monsterinsights_sitenote_active":false,"_monsterinsights_sitenote_note":"","_monsterinsights_sitenote_category":0},"product_brand":[],"product_cat":[15499,13488],"product_tag":[],"class_list":{"0":"post-777934","1":"product","2":"type-product","3":"status-publish","5":"product_cat-antropoloji","6":"product_cat-toplum-ve-insan","7":"pa_cilt-ciltsiz","8":"pa_tur-kitap","9":"pa_yayinevi-fol-kitap","10":"pa_yazar-roy-a-rappaport","12":"first","13":"instock","14":"sale","15":"shipping-taxable","16":"purchasable","17":"product-type-simple"},"_links":{"self":[{"href":"https:\/\/roveyayinevi.com.tr\/index.php\/wp-json\/wp\/v2\/product\/777934","targetHints":{"allow":["GET"]}}],"collection":[{"href":"https:\/\/roveyayinevi.com.tr\/index.php\/wp-json\/wp\/v2\/product"}],"about":[{"href":"https:\/\/roveyayinevi.com.tr\/index.php\/wp-json\/wp\/v2\/types\/product"}],"wp:attachment":[{"href":"https:\/\/roveyayinevi.com.tr\/index.php\/wp-json\/wp\/v2\/media?parent=777934"}],"wp:term":[{"taxonomy":"product_brand","embeddable":true,"href":"https:\/\/roveyayinevi.com.tr\/index.php\/wp-json\/wp\/v2\/product_brand?post=777934"},{"taxonomy":"product_cat","embeddable":true,"href":"https:\/\/roveyayinevi.com.tr\/index.php\/wp-json\/wp\/v2\/product_cat?post=777934"},{"taxonomy":"product_tag","embeddable":true,"href":"https:\/\/roveyayinevi.com.tr\/index.php\/wp-json\/wp\/v2\/product_tag?post=777934"}],"curies":[{"name":"wp","href":"https:\/\/api.w.org\/{rel}","templated":true}]}}