{"id":777933,"date":"2025-10-27T05:54:17","date_gmt":"2025-10-27T02:54:17","guid":{"rendered":"https:\/\/roveyayinevi.com.tr\/index.php\/urun\/belirsizlik-einstein-heisenberg-bohr-ve-bilimi-kurtarma-mucadelesi\/"},"modified":"2026-04-15T03:43:39","modified_gmt":"2026-04-15T00:43:39","slug":"belirsizlik-einstein-heisenberg-bohr-ve-bilimi-kurtarma-mucadelesi","status":"publish","type":"product","link":"https:\/\/roveyayinevi.com.tr\/index.php\/urun\/belirsizlik-einstein-heisenberg-bohr-ve-bilimi-kurtarma-mucadelesi\/","title":{"rendered":"Belirsizlik \u2013Einstein, Heisenberg, Bohr ve Bilimi Kurtarma M\u00fccadelesi\u2013"},"content":{"rendered":"<p>Yirminci y\u00fczy\u0131l\u0131n ba\u015f\u0131nda fizik, evreni a\u00e7\u0131klayan sars\u0131lmaz temeller \u00fczerine kurulmu\u015f gibi g\u00f6r\u00fcn\u00fcyordu. Newton\u2019un yasalar\u0131 kusursuzca i\u015fliyor, ger\u00e7eklik b\u00fct\u00fcn\u00fcyle \u00f6l\u00e7\u00fclebilir ve \u00f6ng\u00f6r\u00fclebilir san\u0131l\u0131yordu. Ta ki \u00fc\u00e7 b\u00fcy\u00fck deha sahneye \u00e7\u0131kana kadar: Einstein, Heisenberg ve Bohr. Werner Heisenberg\u2019in \u201cbelirsizlik ilkesi\u201d, y\u00fczy\u0131llard\u0131r s\u00fcregelen bilim anlay\u0131\u015f\u0131n\u0131 k\u00f6kten sarst\u0131; onu Albert Einstein\u2019la do\u011frudan kar\u015f\u0131 kar\u015f\u0131ya getirdi ve Niels Bohr\u2019u tarihin en hararetli entelekt\u00fcel tart\u0131\u015fmalar\u0131ndan birinin merkezine yerle\u015ftirdi. Heisenberg\u2019in ilkesi, atom alt\u0131 d\u00fcnyan\u0131n bilinebilirli\u011fine dair kesin s\u0131n\u0131rlar\u0131 ortaya koyuyor, \u201cbelirsizlik\u201d kavram\u0131yla bilimsel d\u00fc\u015f\u00fcncenin temellerini yeniden tan\u0131ml\u0131yordu. David Lindley, Belirsizlik\u2019te bu kritik d\u00f6nemi yaln\u0131zca bir bilimsel devrim olarak de\u011fil, ayn\u0131 zamanda modern d\u00fc\u015f\u00fcnceyi, edebiyat\u0131, hatta televizyonu derinden etkileyen bir k\u00fclt\u00fcrel k\u0131r\u0131lma olarak anlat\u0131yor. Tarihsel tart\u0131\u015fmalar\u0131n, fikirlerin ve karakterlerin \u00e7arp\u0131\u015fmas\u0131ndan do\u011fan bu b\u00fcy\u00fck d\u00f6n\u00fc\u015f\u00fcm\u00fc \u00e7arp\u0131c\u0131 ve canl\u0131 bir dille g\u00f6zler \u00f6n\u00fcne seriyor.<\/p>\n","protected":false},"excerpt":{"rendered":"<p>Yirminci y\u00fczy\u0131l\u0131n ba\u015f\u0131nda fizik, evreni a\u00e7\u0131klayan sars\u0131lmaz temeller \u00fczerine kurulmu\u015f gibi g\u00f6r\u00fcn\u00fcyordu. Newton\u2019un yasalar\u0131 kusursuzca i\u015fliyor, ger\u00e7eklik b\u00fct\u00fcn\u00fcyle \u00f6l\u00e7\u00fclebilir ve \u00f6ng\u00f6r\u00fclebilir san\u0131l\u0131yordu. Ta ki \u00fc\u00e7 b\u00fcy\u00fck<span class=\"excerpt-hellip\"> [\u2026]<\/span><\/p>\n","protected":false},"featured_media":0,"template":"","meta":{"_monsterinsights_skip_tracking":false,"_monsterinsights_sitenote_active":false,"_monsterinsights_sitenote_note":"","_monsterinsights_sitenote_category":0},"product_brand":[],"product_cat":[13005],"product_tag":[],"class_list":{"0":"post-777933","1":"product","2":"type-product","3":"status-publish","5":"product_cat-bilim-muhendislik","6":"pa_cilt-ciltsiz","7":"pa_tur-kitap","8":"pa_yayinevi-fol-kitap","9":"pa_yazar-david-lindley","11":"first","12":"instock","13":"sale","14":"shipping-taxable","15":"purchasable","16":"product-type-simple"},"_links":{"self":[{"href":"https:\/\/roveyayinevi.com.tr\/index.php\/wp-json\/wp\/v2\/product\/777933","targetHints":{"allow":["GET"]}}],"collection":[{"href":"https:\/\/roveyayinevi.com.tr\/index.php\/wp-json\/wp\/v2\/product"}],"about":[{"href":"https:\/\/roveyayinevi.com.tr\/index.php\/wp-json\/wp\/v2\/types\/product"}],"wp:attachment":[{"href":"https:\/\/roveyayinevi.com.tr\/index.php\/wp-json\/wp\/v2\/media?parent=777933"}],"wp:term":[{"taxonomy":"product_brand","embeddable":true,"href":"https:\/\/roveyayinevi.com.tr\/index.php\/wp-json\/wp\/v2\/product_brand?post=777933"},{"taxonomy":"product_cat","embeddable":true,"href":"https:\/\/roveyayinevi.com.tr\/index.php\/wp-json\/wp\/v2\/product_cat?post=777933"},{"taxonomy":"product_tag","embeddable":true,"href":"https:\/\/roveyayinevi.com.tr\/index.php\/wp-json\/wp\/v2\/product_tag?post=777933"}],"curies":[{"name":"wp","href":"https:\/\/api.w.org\/{rel}","templated":true}]}}