{"id":777932,"date":"2025-10-27T05:54:14","date_gmt":"2025-10-27T02:54:14","guid":{"rendered":"https:\/\/roveyayinevi.com.tr\/index.php\/urun\/orta-sinifin-dususu\/"},"modified":"2026-04-15T03:43:39","modified_gmt":"2026-04-15T00:43:39","slug":"orta-sinifin-dususu","status":"publish","type":"product","link":"https:\/\/roveyayinevi.com.tr\/index.php\/urun\/orta-sinifin-dususu\/","title":{"rendered":"Orta S\u0131n\u0131f\u0131n D\u00fc\u015f\u00fc\u015f\u00fc"},"content":{"rendered":"<p>T\u00fcrkiye\u2019deki rejim krizi ve kurumsal savrulma ile birlikte ya\u015fanan derin toplumsal d\u00f6n\u00fc\u015f\u00fcm\u00fcn foto\u011fraf\u0131n\u0131 \u00e7eken son derece \u00f6nemli bir kitap. \u00dcstelik T\u00fcrkiye\u2019nin acilen ihtiya\u00e7 duydu\u011fu yeni sosyal-siyasal tasar\u0131ma dair ipu\u00e7lar\u0131n\u0131 da bu derlemede bulmak m\u00fcmk\u00fcn. Prof. Dr. Ali Yayc\u0131o\u011flu\/Stanford \u00dcniversitesi \u00d6\u011fretim \u00dcyesi   Bir \u00fclkede demokrasiyi ve ekonomiyi ayakta tutan orta s\u0131n\u0131ft\u0131r. Orta s\u0131n\u0131f ne kadar g\u00fc\u00e7l\u00fcyse o \u00fclkede demokrasi o kadar g\u00fc\u00e7l\u00fc, ekonomi kadar \u00fcretken ve gelir da\u011f\u0131l\u0131m\u0131 o kadar adildir. Peki bir \u00fclkede orta s\u0131n\u0131f d\u00fc\u015ferse ne olur? \u0130\u015fte bu sorunun yan\u0131t\u0131n\u0131 de\u011ferli meslekta\u015f\u0131m \u0130pek \u00d6zbey ve de\u011ferli siyaset bilimci Onur Alp Y\u0131lmaz bu kitapta veriyorlar. T\u00fcrkiye\u2019nin sorunlar\u0131yla ilgili herkesin \u00f6zellikle gelece\u011fi belirleyecek olan gen\u00e7lerin mutlaka okumalar\u0131 gereken bir kitap. Fikret Bila\/Gazeteci-Yazar   \u0130pek \u00d6zbey\u2019in sorular\u0131 ve Onur Alp Y\u0131lmaz\u2019\u0131n yan\u0131tlar\u0131yla haz\u0131rlanan Orta S\u0131n\u0131f\u0131n D\u00fc\u015f\u00fc\u015f\u00fc, T\u00fcrkiye\u2019nin ve d\u00fcnyan\u0131n son yar\u0131m y\u00fczy\u0131ll\u0131k hik\u00e2yesini yeni bir g\u00f6zle okumaya davet ediyor. Cumhuriyetin meritokrasi idealiyle y\u00fckselen, neoliberal d\u00f6n\u00fc\u015f\u00fcmle daralan, pop\u00fclist siyasetin kimlik m\u00fccadeleleriyle par\u00e7alanan orta s\u0131n\u0131f\u0131n serencam\u0131, asl\u0131nda demokrasinin de serencam\u0131. Bu kitap, orta s\u0131n\u0131f\u0131 yaln\u0131zca gelir ve t\u00fcketim \u00fczerinden de\u011fil; liyakat, ki\u015fileraras\u0131 g\u00fcven, kamusal ahlak ve siyasal temsil gibi boyutlarla ele al\u0131yor. Okuyucuya hem akademik derinlik hem de g\u00fcncel siyaseti kavrama g\u00fcc\u00fc kazand\u0131r\u0131yor. Prof. Dr. Evren Balta\/\u00d6zye\u011fin \u00dcniversitesi \u00d6\u011fretim \u00dcyesi <\/p>\n","protected":false},"excerpt":{"rendered":"<p>T\u00fcrkiye\u2019deki rejim krizi ve kurumsal savrulma ile birlikte ya\u015fanan derin toplumsal d\u00f6n\u00fc\u015f\u00fcm\u00fcn foto\u011fraf\u0131n\u0131 \u00e7eken son derece \u00f6nemli bir kitap. \u00dcstelik T\u00fcrkiye\u2019nin acilen ihtiya\u00e7 duydu\u011fu yeni sosyal-siyasal<span class=\"excerpt-hellip\"> [\u2026]<\/span><\/p>\n","protected":false},"featured_media":0,"template":"","meta":{"_monsterinsights_skip_tracking":false,"_monsterinsights_sitenote_active":false,"_monsterinsights_sitenote_note":"","_monsterinsights_sitenote_category":0},"product_brand":[],"product_cat":[12291,30969],"product_tag":[],"class_list":{"0":"post-777932","1":"product","2":"type-product","3":"status-publish","5":"product_cat-edebiyat","6":"product_cat-soylesi-edebiyat","7":"pa_cilt-ciltsiz","8":"pa_tur-kitap","9":"pa_yayinevi-inkilap-kitabevi","10":"pa_yazar-ipek-ozbey-onur-alp-yilmaz","12":"first","13":"instock","14":"sale","15":"shipping-taxable","16":"purchasable","17":"product-type-simple"},"_links":{"self":[{"href":"https:\/\/roveyayinevi.com.tr\/index.php\/wp-json\/wp\/v2\/product\/777932","targetHints":{"allow":["GET"]}}],"collection":[{"href":"https:\/\/roveyayinevi.com.tr\/index.php\/wp-json\/wp\/v2\/product"}],"about":[{"href":"https:\/\/roveyayinevi.com.tr\/index.php\/wp-json\/wp\/v2\/types\/product"}],"wp:attachment":[{"href":"https:\/\/roveyayinevi.com.tr\/index.php\/wp-json\/wp\/v2\/media?parent=777932"}],"wp:term":[{"taxonomy":"product_brand","embeddable":true,"href":"https:\/\/roveyayinevi.com.tr\/index.php\/wp-json\/wp\/v2\/product_brand?post=777932"},{"taxonomy":"product_cat","embeddable":true,"href":"https:\/\/roveyayinevi.com.tr\/index.php\/wp-json\/wp\/v2\/product_cat?post=777932"},{"taxonomy":"product_tag","embeddable":true,"href":"https:\/\/roveyayinevi.com.tr\/index.php\/wp-json\/wp\/v2\/product_tag?post=777932"}],"curies":[{"name":"wp","href":"https:\/\/api.w.org\/{rel}","templated":true}]}}