{"id":777925,"date":"2025-10-27T05:54:01","date_gmt":"2025-10-27T02:54:01","guid":{"rendered":"https:\/\/roveyayinevi.com.tr\/index.php\/urun\/metaetik-nedir\/"},"modified":"2026-04-15T03:43:38","modified_gmt":"2026-04-15T00:43:38","slug":"metaetik-nedir","status":"publish","type":"product","link":"https:\/\/roveyayinevi.com.tr\/index.php\/urun\/metaetik-nedir\/","title":{"rendered":"Metaetik Nedir?"},"content":{"rendered":"<p>Ahlaki standartlar k\u00fclt\u00fcrden k\u00fclt\u00fcre de\u011fi\u015fir mi? Ahlaki olgular var m\u0131d\u0131r? \u0130yilik nedir? E\u011fer ahlaki olgular varsa bunlar\u0131 nas\u0131l \u00f6\u011freniriz? T\u00fcm bunlar ahlak\u0131n stat\u00fcs\u00fcn\u00fc, etik olgular\u0131n do\u011fas\u0131n\u0131, etik bildirimlerin anlam\u0131n\u0131 ara\u015ft\u0131ran ve eti\u011fin bir dal\u0131 olan metaeti\u011fe ait sorular\u0131d\u0131r. Metaetik; yeni ba\u015flayanlara soyut gelebilir ve dolay\u0131s\u0131yla eti\u011fin daha somut konular\u0131n\u0131 ara\u015ft\u0131ran, di\u011fer iki alt alan\u0131 olan (normatif) etik kuram ve uygulamal\u0131 etikten \u00e7ok farkl\u0131 g\u00f6r\u00fcnebilir, ancak eti\u011fin en h\u0131zl\u0131 b\u00fcy\u00fcyen ve en heyecan verici alanlar\u0131ndan biridir. Metaetik Nedir? adl\u0131 bu eser, bu \u00f6nemli alan\u0131n gizemini \u00e7\u00f6zmekte ve bu alanla ilk kez tan\u0131\u015fan \u00f6\u011frenciler i\u00e7in ideal bir kaynak olma \u00f6zelli\u011fi ta\u015f\u0131maktad\u0131r. Yazar Matthew Chrisman bu eserde, \u00f6nce metaeti\u011fin k\u0131sa bir tarihsel \u00f6zetini sunmakta, ard\u0131ndan \u201ckavramsal bir ara\u00e7 seti\u201d geli\u015ftirerek a\u015fa\u011f\u0131daki temel konular\u0131 tan\u0131tmakta ve bunlar\u0131 de\u011ferlendirmektedir: \u2022 Etik ger\u00e7eklik: Do\u011falc\u0131l\u0131k, do\u011fald\u0131\u015f\u0131c\u0131l\u0131k, ahlaki olgular ve realizm-antirealizm ayr\u0131m\u0131 ile ilgili sorular da d\u00e2hil. \u2022 Etik dil: Dil ger\u00e7ekli\u011fi temsil eder mi? Ahlaki bildirimler hangi zihinsel durumlar\u0131 ifade eder? \u2022 Etik psikoloji: Humecu motivasyon kuram\u0131 ve ahlaki yarg\u0131 ile motivasyon aras\u0131ndaki ba\u011flant\u0131. \u2022 Etik bilgi: Sezgici ve ba\u011fda\u015f\u0131mc\u0131 ahlak epistemolojileri ile metaetikte nesnellik ve g\u00f6relilik kuramlar\u0131. \u2022 Geleneksel-olmayan kuramlar ile metaepistemoloji ve metanormatif kuram\u0131n uzant\u0131lar\u0131 da d\u00e2hil olmak \u00fczere metaetikte yeni y\u00f6nelimler. B\u00f6l\u00fcm \u00f6zetleri, anlama sorular\u0131 ve s\u00f6zl\u00fck gibi ek b\u00f6l\u00fcmler ve k\u0131s\u0131mlar bu eseri metaeti\u011fe ideal bir giri\u015f kitab\u0131 haline getirmektedir. <\/p>\n","protected":false},"excerpt":{"rendered":"<p>Ahlaki standartlar k\u00fclt\u00fcrden k\u00fclt\u00fcre de\u011fi\u015fir mi? Ahlaki olgular var m\u0131d\u0131r? \u0130yilik nedir? E\u011fer ahlaki olgular varsa bunlar\u0131 nas\u0131l \u00f6\u011freniriz? T\u00fcm bunlar ahlak\u0131n stat\u00fcs\u00fcn\u00fc, etik olgular\u0131n do\u011fas\u0131n\u0131,<span class=\"excerpt-hellip\"> [\u2026]<\/span><\/p>\n","protected":false},"featured_media":0,"template":"","meta":{"_monsterinsights_skip_tracking":false,"_monsterinsights_sitenote_active":false,"_monsterinsights_sitenote_note":"","_monsterinsights_sitenote_category":0},"product_brand":[],"product_cat":[15319,12388],"product_tag":[],"class_list":{"0":"post-777925","1":"product","2":"type-product","3":"status-publish","5":"product_cat-etik","6":"product_cat-felsefe","7":"pa_cilt-ciltsiz","8":"pa_tur-kitap","9":"pa_yayinevi-episteme-yayinlari","10":"pa_yazar-matthew-chrisman","12":"first","13":"instock","14":"sale","15":"shipping-taxable","16":"purchasable","17":"product-type-simple"},"_links":{"self":[{"href":"https:\/\/roveyayinevi.com.tr\/index.php\/wp-json\/wp\/v2\/product\/777925","targetHints":{"allow":["GET"]}}],"collection":[{"href":"https:\/\/roveyayinevi.com.tr\/index.php\/wp-json\/wp\/v2\/product"}],"about":[{"href":"https:\/\/roveyayinevi.com.tr\/index.php\/wp-json\/wp\/v2\/types\/product"}],"wp:attachment":[{"href":"https:\/\/roveyayinevi.com.tr\/index.php\/wp-json\/wp\/v2\/media?parent=777925"}],"wp:term":[{"taxonomy":"product_brand","embeddable":true,"href":"https:\/\/roveyayinevi.com.tr\/index.php\/wp-json\/wp\/v2\/product_brand?post=777925"},{"taxonomy":"product_cat","embeddable":true,"href":"https:\/\/roveyayinevi.com.tr\/index.php\/wp-json\/wp\/v2\/product_cat?post=777925"},{"taxonomy":"product_tag","embeddable":true,"href":"https:\/\/roveyayinevi.com.tr\/index.php\/wp-json\/wp\/v2\/product_tag?post=777925"}],"curies":[{"name":"wp","href":"https:\/\/api.w.org\/{rel}","templated":true}]}}