{"id":777924,"date":"2025-10-27T05:53:58","date_gmt":"2025-10-27T02:53:58","guid":{"rendered":"https:\/\/roveyayinevi.com.tr\/index.php\/urun\/yapay-zeka-sosyolojisi\/"},"modified":"2026-04-15T03:43:38","modified_gmt":"2026-04-15T00:43:38","slug":"yapay-zeka-sosyolojisi","status":"publish","type":"product","link":"https:\/\/roveyayinevi.com.tr\/index.php\/urun\/yapay-zeka-sosyolojisi\/","title":{"rendered":"Yapay Zeka Sosyolojisi"},"content":{"rendered":"<p>Yapay zek\u00e2 teknolojileriyle birlikte i\u00e7inde bulundu\u011fumuz \u00e7a\u011f, insanl\u0131k tarihinin en k\u00f6kl\u00fc de\u011fi\u015fimlerinden birine tan\u0131kl\u0131k etmektedir. Zira yapay zek\u00e2; \u00fcretim s\u00fcre\u00e7lerinden g\u00fcndelik ya\u015fam deneyimlerimize, bilgi formlar\u0131ndan iktidar yap\u0131lar\u0131na kadar her d\u00fczeyde toplumsal ya\u015fam\u0131m\u0131z\u0131 yeniden dokumaya ba\u015flam\u0131\u015ft\u0131r. Bu minvalde de\u011ferlendirildi\u011finde i\u00e7inde bulundu\u011fumuz d\u00f6nem sadece teknolojik bir devrimin habercisi de\u011fil, ayn\u0131 zamanda yeni bir toplumsal ve k\u00fclt\u00fcrel devrimin ba\u015flang\u0131c\u0131n\u0131 olu\u015fturmaktad\u0131r.   Bu kitap, sosyolojinin klasik ve \u00e7a\u011fda\u015f kuramlar\u0131n\u0131 yapay zek\u00e2 \u00e7a\u011f\u0131n\u0131n dinamikleriyle bulu\u015fturarak algoritmik toplumun anatomisini g\u00f6zler \u00f6n\u00fcne seriyor. Teknolojik kapitalizm, algoritmik g\u00f6zetim, dijital dayan\u0131\u015fma, sanal kimlikler, yapay zek\u00e2yla g\u00fc\u00e7lenen e\u015fitsizlikler, \u00fctopyalar ve distopyalar aras\u0131nda sal\u0131nan, algoritmalarla zihinlerin i\u00e7 i\u00e7e ge\u00e7ti\u011fi yeni topluma dair kapsaml\u0131 bir okuma sunuyor.   Neticede bu kitap yaln\u0131zca akademik bir ara\u015ft\u0131rma de\u011fil; ayn\u0131 zamanda gelece\u011fin toplumuna dair bir yol haritas\u0131. \u00d6\u011frencilerden ara\u015ft\u0131rmac\u0131lara, merakl\u0131 okurlardan uzmanlara kadar herkes i\u00e7in yapay zekan\u0131n sosyolojik boyutlar\u0131n\u0131 anla\u015f\u0131l\u0131r, ele\u015ftirel ve d\u00fc\u015f\u00fcnd\u00fcr\u00fcc\u00fc bir \u015fekilde sunmaktad\u0131r. <\/p>\n","protected":false},"excerpt":{"rendered":"<p>Yapay zek\u00e2 teknolojileriyle birlikte i\u00e7inde bulundu\u011fumuz \u00e7a\u011f, insanl\u0131k tarihinin en k\u00f6kl\u00fc de\u011fi\u015fimlerinden birine tan\u0131kl\u0131k etmektedir. Zira yapay zek\u00e2; \u00fcretim s\u00fcre\u00e7lerinden g\u00fcndelik ya\u015fam deneyimlerimize, bilgi formlar\u0131ndan iktidar<span class=\"excerpt-hellip\"> [\u2026]<\/span><\/p>\n","protected":false},"featured_media":0,"template":"","meta":{"_monsterinsights_skip_tracking":false,"_monsterinsights_sitenote_active":false,"_monsterinsights_sitenote_note":"","_monsterinsights_sitenote_category":0},"product_brand":[],"product_cat":[12324],"product_tag":[],"class_list":{"0":"post-777924","1":"product","2":"type-product","3":"status-publish","5":"product_cat-sosyoloji","6":"pa_cilt-ciltsiz","7":"pa_tur-kitap","8":"pa_yayinevi-ani-yayincilik","9":"pa_yazar-tugce-nur-celik","11":"first","12":"instock","13":"sale","14":"shipping-taxable","15":"purchasable","16":"product-type-simple"},"_links":{"self":[{"href":"https:\/\/roveyayinevi.com.tr\/index.php\/wp-json\/wp\/v2\/product\/777924","targetHints":{"allow":["GET"]}}],"collection":[{"href":"https:\/\/roveyayinevi.com.tr\/index.php\/wp-json\/wp\/v2\/product"}],"about":[{"href":"https:\/\/roveyayinevi.com.tr\/index.php\/wp-json\/wp\/v2\/types\/product"}],"wp:attachment":[{"href":"https:\/\/roveyayinevi.com.tr\/index.php\/wp-json\/wp\/v2\/media?parent=777924"}],"wp:term":[{"taxonomy":"product_brand","embeddable":true,"href":"https:\/\/roveyayinevi.com.tr\/index.php\/wp-json\/wp\/v2\/product_brand?post=777924"},{"taxonomy":"product_cat","embeddable":true,"href":"https:\/\/roveyayinevi.com.tr\/index.php\/wp-json\/wp\/v2\/product_cat?post=777924"},{"taxonomy":"product_tag","embeddable":true,"href":"https:\/\/roveyayinevi.com.tr\/index.php\/wp-json\/wp\/v2\/product_tag?post=777924"}],"curies":[{"name":"wp","href":"https:\/\/api.w.org\/{rel}","templated":true}]}}