{"id":777917,"date":"2025-10-27T05:53:46","date_gmt":"2025-10-27T02:53:46","guid":{"rendered":"https:\/\/roveyayinevi.com.tr\/index.php\/urun\/alin-sizin-olsun\/"},"modified":"2026-03-12T03:40:39","modified_gmt":"2026-03-12T00:40:39","slug":"alin-sizin-olsun","status":"publish","type":"product","link":"https:\/\/roveyayinevi.com.tr\/index.php\/urun\/alin-sizin-olsun\/","title":{"rendered":"Al\u0131n Sizin Olsun"},"content":{"rendered":"<p>Sava\u015fta bir bar\u0131\u015fta bir \u00c7i\u00e7ekte bir mermi de bir G\u00fcnd\u00fcz de bir gece de bir Al\u0131n sizin olsun d\u00fcnya Beyazda bir siyahta bir C\u00fcmle de bir hece de bir Harfler de bir rakam da bir Al\u0131n sizin olsun d\u00fcnya Ceza da bir \u00f6d\u00fcl de bir Akan da bir duran da bir Anlam da bir mesaj da bir Al\u0131n sizin olsun d\u00fcnya <\/p>\n","protected":false},"excerpt":{"rendered":"<p>Sava\u015fta bir bar\u0131\u015fta bir \u00c7i\u00e7ekte bir mermi de bir G\u00fcnd\u00fcz de bir gece de bir Al\u0131n sizin olsun d\u00fcnya Beyazda bir siyahta bir C\u00fcmle de bir<span class=\"excerpt-hellip\"> [\u2026]<\/span><\/p>\n","protected":false},"featured_media":0,"template":"","meta":{"_monsterinsights_skip_tracking":false,"_monsterinsights_sitenote_active":false,"_monsterinsights_sitenote_note":"","_monsterinsights_sitenote_category":0},"product_brand":[],"product_cat":[141304],"product_tag":[],"class_list":{"0":"post-777917","1":"product","2":"type-product","3":"status-publish","5":"product_cat-yeni-cikanlar","6":"pa_cilt-ciltsiz","7":"pa_tur-kitap","8":"pa_yayinevi-kirmizi-cati-yayinlari","9":"pa_yazar-zafer-yigitaslan","11":"first","12":"instock","13":"sale","14":"shipping-taxable","15":"purchasable","16":"product-type-simple"},"_links":{"self":[{"href":"https:\/\/roveyayinevi.com.tr\/index.php\/wp-json\/wp\/v2\/product\/777917","targetHints":{"allow":["GET"]}}],"collection":[{"href":"https:\/\/roveyayinevi.com.tr\/index.php\/wp-json\/wp\/v2\/product"}],"about":[{"href":"https:\/\/roveyayinevi.com.tr\/index.php\/wp-json\/wp\/v2\/types\/product"}],"wp:attachment":[{"href":"https:\/\/roveyayinevi.com.tr\/index.php\/wp-json\/wp\/v2\/media?parent=777917"}],"wp:term":[{"taxonomy":"product_brand","embeddable":true,"href":"https:\/\/roveyayinevi.com.tr\/index.php\/wp-json\/wp\/v2\/product_brand?post=777917"},{"taxonomy":"product_cat","embeddable":true,"href":"https:\/\/roveyayinevi.com.tr\/index.php\/wp-json\/wp\/v2\/product_cat?post=777917"},{"taxonomy":"product_tag","embeddable":true,"href":"https:\/\/roveyayinevi.com.tr\/index.php\/wp-json\/wp\/v2\/product_tag?post=777917"}],"curies":[{"name":"wp","href":"https:\/\/api.w.org\/{rel}","templated":true}]}}