{"id":777915,"date":"2025-10-27T05:53:42","date_gmt":"2025-10-27T02:53:42","guid":{"rendered":"https:\/\/roveyayinevi.com.tr\/index.php\/urun\/kasatura-yarasi-keskin-ciltli\/"},"modified":"2026-04-15T03:43:37","modified_gmt":"2026-04-15T00:43:37","slug":"kasatura-yarasi-keskin-ciltli","status":"publish","type":"product","link":"https:\/\/roveyayinevi.com.tr\/index.php\/urun\/kasatura-yarasi-keskin-ciltli\/","title":{"rendered":"Kasatura \u2013 Yaras\u0131 Keskin (Ciltli)"},"content":{"rendered":"<p>Sevgilisiyle mutlu bir gelecek planlayan bir k\u0131zd\u0131m fakat kader benim planlar\u0131ma g\u00f6re ad\u0131mlamad\u0131. Beni psikopat bir adamla anla\u015fmal\u0131 evlilik yapmaya zorlad\u0131. Kaderin bana haz\u0131rlad\u0131\u011f\u0131 o gelecek keskin bir yaraya ev sahipli\u011fi yapt\u0131\u011f\u0131nda, boyun e\u011fmek zorunda kald\u0131m.Kimsenin g\u00f6z\u00fcne batmayan bir hizmet\u00e7iyken, g\u00fcnahk\u00e2rlar\u0131n aziz taklidi yapt\u0131\u011f\u0131 o kurtlar sofras\u0131nda oturur vaziyette buldum kendimi. Kalbimde tutar\u0131m.\u201d<\/p>\n","protected":false},"excerpt":{"rendered":"<p>Sevgilisiyle mutlu bir gelecek planlayan bir k\u0131zd\u0131m fakat kader benim planlar\u0131ma g\u00f6re ad\u0131mlamad\u0131. Beni psikopat bir adamla anla\u015fmal\u0131 evlilik yapmaya zorlad\u0131. Kaderin bana haz\u0131rlad\u0131\u011f\u0131 o gelecek<span class=\"excerpt-hellip\"> [\u2026]<\/span><\/p>\n","protected":false},"featured_media":0,"template":"","meta":{"_monsterinsights_skip_tracking":false,"_monsterinsights_sitenote_active":false,"_monsterinsights_sitenote_note":"","_monsterinsights_sitenote_category":0},"product_brand":[],"product_cat":[12291,12711],"product_tag":[],"class_list":{"0":"post-777915","1":"product","2":"type-product","3":"status-publish","5":"product_cat-edebiyat","6":"product_cat-roman-oyku","7":"pa_cilt-ciltli","8":"pa_tur-kitap","9":"pa_yayinevi-lapis-kitap","10":"pa_yazar-draculessa","12":"first","13":"instock","14":"sale","15":"shipping-taxable","16":"purchasable","17":"product-type-simple"},"_links":{"self":[{"href":"https:\/\/roveyayinevi.com.tr\/index.php\/wp-json\/wp\/v2\/product\/777915","targetHints":{"allow":["GET"]}}],"collection":[{"href":"https:\/\/roveyayinevi.com.tr\/index.php\/wp-json\/wp\/v2\/product"}],"about":[{"href":"https:\/\/roveyayinevi.com.tr\/index.php\/wp-json\/wp\/v2\/types\/product"}],"wp:attachment":[{"href":"https:\/\/roveyayinevi.com.tr\/index.php\/wp-json\/wp\/v2\/media?parent=777915"}],"wp:term":[{"taxonomy":"product_brand","embeddable":true,"href":"https:\/\/roveyayinevi.com.tr\/index.php\/wp-json\/wp\/v2\/product_brand?post=777915"},{"taxonomy":"product_cat","embeddable":true,"href":"https:\/\/roveyayinevi.com.tr\/index.php\/wp-json\/wp\/v2\/product_cat?post=777915"},{"taxonomy":"product_tag","embeddable":true,"href":"https:\/\/roveyayinevi.com.tr\/index.php\/wp-json\/wp\/v2\/product_tag?post=777915"}],"curies":[{"name":"wp","href":"https:\/\/api.w.org\/{rel}","templated":true}]}}