{"id":777914,"date":"2025-10-27T05:53:40","date_gmt":"2025-10-27T02:53:40","guid":{"rendered":"https:\/\/roveyayinevi.com.tr\/index.php\/urun\/ingilizce-ticari-yazismalar-el-kitabi\/"},"modified":"2026-04-15T03:43:37","modified_gmt":"2026-04-15T00:43:37","slug":"ingilizce-ticari-yazismalar-el-kitabi","status":"publish","type":"product","link":"https:\/\/roveyayinevi.com.tr\/index.php\/urun\/ingilizce-ticari-yazismalar-el-kitabi\/","title":{"rendered":"\u0130ngilizce Ticari Yaz\u0131\u015fmalar El Kitab\u0131"},"content":{"rendered":"<p>Akademisyen-yazar Yavuz Odaba\u015f\u0131\u2019n\u0131n titizlikle haz\u0131rlad\u0131\u011f\u0131 bu kitap, \u0130ngilizce ticari yaz\u0131\u015fmalar \u00fczerine, \u00f6zellikle orta d\u00fczeyde yabanc\u0131 dil bilgisine sahip olan ki\u015filerin daha sade ve kolayca \u00f6\u011frenip uygulayabilece\u011fi temel becerileri geli\u015ftirmeye y\u00f6nelik bir rehberdir.<\/p>\n","protected":false},"excerpt":{"rendered":"<p>Akademisyen-yazar Yavuz Odaba\u015f\u0131\u2019n\u0131n titizlikle haz\u0131rlad\u0131\u011f\u0131 bu kitap, \u0130ngilizce ticari yaz\u0131\u015fmalar \u00fczerine, \u00f6zellikle orta d\u00fczeyde yabanc\u0131 dil bilgisine sahip olan ki\u015filerin daha sade ve kolayca \u00f6\u011frenip uygulayabilece\u011fi<span class=\"excerpt-hellip\"> [\u2026]<\/span><\/p>\n","protected":false},"featured_media":0,"template":"","meta":{"_monsterinsights_skip_tracking":false,"_monsterinsights_sitenote_active":false,"_monsterinsights_sitenote_note":"","_monsterinsights_sitenote_category":0},"product_brand":[],"product_cat":[13043,17647],"product_tag":[],"class_list":{"0":"post-777914","1":"product","2":"type-product","3":"status-publish","5":"product_cat-ekonomi","6":"product_cat-is-dunyasi","7":"pa_cilt-ciltsiz","8":"pa_tur-kitap","9":"pa_yayinevi-agora-kitapligi","10":"pa_yazar-yavuz-odabasi","12":"first","13":"instock","14":"sale","15":"shipping-taxable","16":"purchasable","17":"product-type-simple"},"_links":{"self":[{"href":"https:\/\/roveyayinevi.com.tr\/index.php\/wp-json\/wp\/v2\/product\/777914","targetHints":{"allow":["GET"]}}],"collection":[{"href":"https:\/\/roveyayinevi.com.tr\/index.php\/wp-json\/wp\/v2\/product"}],"about":[{"href":"https:\/\/roveyayinevi.com.tr\/index.php\/wp-json\/wp\/v2\/types\/product"}],"wp:attachment":[{"href":"https:\/\/roveyayinevi.com.tr\/index.php\/wp-json\/wp\/v2\/media?parent=777914"}],"wp:term":[{"taxonomy":"product_brand","embeddable":true,"href":"https:\/\/roveyayinevi.com.tr\/index.php\/wp-json\/wp\/v2\/product_brand?post=777914"},{"taxonomy":"product_cat","embeddable":true,"href":"https:\/\/roveyayinevi.com.tr\/index.php\/wp-json\/wp\/v2\/product_cat?post=777914"},{"taxonomy":"product_tag","embeddable":true,"href":"https:\/\/roveyayinevi.com.tr\/index.php\/wp-json\/wp\/v2\/product_tag?post=777914"}],"curies":[{"name":"wp","href":"https:\/\/api.w.org\/{rel}","templated":true}]}}