{"id":777912,"date":"2025-10-27T05:53:31","date_gmt":"2025-10-27T02:53:31","guid":{"rendered":"https:\/\/roveyayinevi.com.tr\/index.php\/urun\/oteki-dunya\/"},"modified":"2026-04-15T03:43:37","modified_gmt":"2026-04-15T00:43:37","slug":"oteki-dunya","status":"publish","type":"product","link":"https:\/\/roveyayinevi.com.tr\/index.php\/urun\/oteki-dunya\/","title":{"rendered":"\u00d6teki D\u00fcnya"},"content":{"rendered":"<p>Thomas Mann\u2019\u0131n B\u00fcy\u00fcl\u00fc Da\u011f roman\u0131ndaki sanatoryumu and\u0131ran, d\u00fcnyadan kopuk bir yerde \u00f6l\u00fcmden sonraki hayata d\u00f6n\u00fc\u015f\u00fcm\u00fcn sanc\u0131lar\u0131 var \u00d6teki D\u00fcnya\u2019da. \u00d6l\u00fcm\u00fc kavray\u0131\u015f ve mutlak unutu\u015f a\u015famalar\u0131n\u0131n yaratt\u0131\u011f\u0131 yabanc\u0131la\u015fma birbirini tamamlayan iki metinde anlat\u0131l\u0131yor: \u201c\u00d6teki D\u00fcnya\u201d, \u201cTa\u015f\u0131y\u0131c\u0131\u201d. Bilimkurgu atmosferinde bi\u00e7imlenen anlat\u0131larda hayattan ayr\u0131l\u0131\u015f kurgulan\u0131rken bir yandan da yarat\u0131l\u0131\u015f mitlerine g\u00f6nderme yap\u0131l\u0131yor&#8230; Bu d\u00fcnya asl\u0131nda neresi? Oras\u0131yla buras\u0131 yer de\u011fi\u015ftirse nas\u0131l olur? Ger\u00e7ek d\u00fc\u015flere buland\u0131\u011f\u0131nda neler olur?   Brueghel\u2019in \u0130karus tablosundaki varl\u0131k sorgulamas\u0131n\u0131n, o dramatik g\u00f6r\u00fcnt\u00fcn\u00fcn etkisini bir anlat\u0131ya d\u00f6n\u00fc\u015ft\u00fcr\u00fcyor Kerem I\u015f\u0131k. Felsefi bir d\u00fc\u015f\u00fcnceyi kurmacan\u0131n arkas\u0131nda betimliyor.   Hepiniz \u00f6ld\u00fcn\u00fcz! Birka\u00e7 \u00f6nemli bilgi daha: \u015fu an \u00d6teki D\u00fcnya\u2019da yer alan Birinci \u0130stasyon\u2019un 871. lojman kompleksindesiniz. Giri\u015fte verilen ila\u00e7 nedeniyle kendinizi bitkin ve halsiz hissedebilirsiniz. Tabii t\u00fcm bu yan etkiler ge\u00e7ici. Ne de olsa az \u00f6nce belirtti\u011fim gibi art\u0131k \u00f6l\u00fcs\u00fcn\u00fcz. Buran\u0131n bir t\u00fcr ara b\u00f6lge oldu\u011funu unutmay\u0131n. En k\u0131sa s\u00fcrede buradan \u00e7\u0131kmaya bak\u0131n. \u015eimdi tulumlar\u0131n\u0131z\u0131n \u00fczerinde yazan numaralara g\u00f6re odalar\u0131n\u0131za da\u011f\u0131labilirsiniz. \u0130lk \u00fc\u00e7 rakam apartman, son iki rakamsa oda numaran\u0131zd\u0131r. \u00d6teki D\u00fcnya\u2019ya ho\u015f geldiniz! <\/p>\n","protected":false},"excerpt":{"rendered":"<p>Thomas Mann\u2019\u0131n B\u00fcy\u00fcl\u00fc Da\u011f roman\u0131ndaki sanatoryumu and\u0131ran, d\u00fcnyadan kopuk bir yerde \u00f6l\u00fcmden sonraki hayata d\u00f6n\u00fc\u015f\u00fcm\u00fcn sanc\u0131lar\u0131 var \u00d6teki D\u00fcnya\u2019da. \u00d6l\u00fcm\u00fc kavray\u0131\u015f ve mutlak unutu\u015f a\u015famalar\u0131n\u0131n yaratt\u0131\u011f\u0131<span class=\"excerpt-hellip\"> [\u2026]<\/span><\/p>\n","protected":false},"featured_media":0,"template":"","meta":{"_monsterinsights_skip_tracking":false,"_monsterinsights_sitenote_active":false,"_monsterinsights_sitenote_note":"","_monsterinsights_sitenote_category":0},"product_brand":[],"product_cat":[18545,12291],"product_tag":[],"class_list":{"0":"post-777912","1":"product","2":"type-product","3":"status-publish","5":"product_cat-anlati","6":"product_cat-edebiyat","7":"pa_cilt-ciltsiz","8":"pa_tur-kitap","9":"pa_yayinevi-yapi-kredi-yayinlari","10":"pa_yazar-kerem-isik","12":"first","13":"instock","14":"sale","15":"shipping-taxable","16":"purchasable","17":"product-type-simple"},"_links":{"self":[{"href":"https:\/\/roveyayinevi.com.tr\/index.php\/wp-json\/wp\/v2\/product\/777912","targetHints":{"allow":["GET"]}}],"collection":[{"href":"https:\/\/roveyayinevi.com.tr\/index.php\/wp-json\/wp\/v2\/product"}],"about":[{"href":"https:\/\/roveyayinevi.com.tr\/index.php\/wp-json\/wp\/v2\/types\/product"}],"wp:attachment":[{"href":"https:\/\/roveyayinevi.com.tr\/index.php\/wp-json\/wp\/v2\/media?parent=777912"}],"wp:term":[{"taxonomy":"product_brand","embeddable":true,"href":"https:\/\/roveyayinevi.com.tr\/index.php\/wp-json\/wp\/v2\/product_brand?post=777912"},{"taxonomy":"product_cat","embeddable":true,"href":"https:\/\/roveyayinevi.com.tr\/index.php\/wp-json\/wp\/v2\/product_cat?post=777912"},{"taxonomy":"product_tag","embeddable":true,"href":"https:\/\/roveyayinevi.com.tr\/index.php\/wp-json\/wp\/v2\/product_tag?post=777912"}],"curies":[{"name":"wp","href":"https:\/\/api.w.org\/{rel}","templated":true}]}}