{"id":777909,"date":"2025-10-27T05:53:24","date_gmt":"2025-10-27T02:53:24","guid":{"rendered":"https:\/\/roveyayinevi.com.tr\/index.php\/urun\/kucuk-adimlar-serisi-kutulu-set-ciltli\/"},"modified":"2026-04-15T03:43:37","modified_gmt":"2026-04-15T00:43:37","slug":"kucuk-adimlar-serisi-kutulu-set-ciltli","status":"publish","type":"product","link":"https:\/\/roveyayinevi.com.tr\/index.php\/urun\/kucuk-adimlar-serisi-kutulu-set-ciltli\/","title":{"rendered":"K\u00fc\u00e7\u00fck Ad\u0131mlar Serisi Kutulu Set (Ciltli)"},"content":{"rendered":"<p>Minikler bu seriyle davran\u0131\u015f ve al\u0131\u015fkanl\u0131klar\u0131n\u0131 sa\u011fl\u0131kl\u0131 ve e\u011flenceli bir \u015fekilde geli\u015ftirecekler.K\u00fc\u00e7\u00fck ad\u0131mlar, b\u00fcy\u00fck ke\u015fifler i\u00e7in\u2026 <\/p>\n","protected":false},"excerpt":{"rendered":"<p>Minikler bu seriyle davran\u0131\u015f ve al\u0131\u015fkanl\u0131klar\u0131n\u0131 sa\u011fl\u0131kl\u0131 ve e\u011flenceli bir \u015fekilde geli\u015ftirecekler.K\u00fc\u00e7\u00fck ad\u0131mlar, b\u00fcy\u00fck ke\u015fifler i\u00e7in\u2026<\/p>\n","protected":false},"featured_media":0,"template":"","meta":{"_monsterinsights_skip_tracking":false,"_monsterinsights_sitenote_active":false,"_monsterinsights_sitenote_note":"","_monsterinsights_sitenote_category":0},"product_brand":[],"product_cat":[12274,12518],"product_tag":[],"class_list":{"0":"post-777909","1":"product","2":"type-product","3":"status-publish","5":"product_cat-cocuk-ve-genclik-kitaplari","6":"product_cat-okul-oncesi-kitaplar","7":"pa_cilt-ciltli","8":"pa_tur-kitap","9":"pa_yayinevi-dogan-cocuk","10":"pa_yazar-bernette-ford-sam-williams","12":"first","13":"instock","14":"sale","15":"shipping-taxable","16":"purchasable","17":"product-type-simple"},"_links":{"self":[{"href":"https:\/\/roveyayinevi.com.tr\/index.php\/wp-json\/wp\/v2\/product\/777909","targetHints":{"allow":["GET"]}}],"collection":[{"href":"https:\/\/roveyayinevi.com.tr\/index.php\/wp-json\/wp\/v2\/product"}],"about":[{"href":"https:\/\/roveyayinevi.com.tr\/index.php\/wp-json\/wp\/v2\/types\/product"}],"wp:attachment":[{"href":"https:\/\/roveyayinevi.com.tr\/index.php\/wp-json\/wp\/v2\/media?parent=777909"}],"wp:term":[{"taxonomy":"product_brand","embeddable":true,"href":"https:\/\/roveyayinevi.com.tr\/index.php\/wp-json\/wp\/v2\/product_brand?post=777909"},{"taxonomy":"product_cat","embeddable":true,"href":"https:\/\/roveyayinevi.com.tr\/index.php\/wp-json\/wp\/v2\/product_cat?post=777909"},{"taxonomy":"product_tag","embeddable":true,"href":"https:\/\/roveyayinevi.com.tr\/index.php\/wp-json\/wp\/v2\/product_tag?post=777909"}],"curies":[{"name":"wp","href":"https:\/\/api.w.org\/{rel}","templated":true}]}}