{"id":777907,"date":"2025-10-27T05:53:20","date_gmt":"2025-10-27T02:53:20","guid":{"rendered":"https:\/\/roveyayinevi.com.tr\/index.php\/urun\/kucuk-adimlar-gule-gule-emzik-ciltli\/"},"modified":"2026-04-15T03:43:37","modified_gmt":"2026-04-15T00:43:37","slug":"kucuk-adimlar-gule-gule-emzik-ciltli","status":"publish","type":"product","link":"https:\/\/roveyayinevi.com.tr\/index.php\/urun\/kucuk-adimlar-gule-gule-emzik-ciltli\/","title":{"rendered":"K\u00fc\u00e7\u00fck Ad\u0131mlar &#8211; G\u00fcle G\u00fcle Emzik (Ciltli)"},"content":{"rendered":"<p>Emzi\u011fe veda etme zaman\u0131 geldi! Civciv ve Domuzcuk, e\u011flenceli bir g\u00fcn\u00fcn sonunda emzi\u011fi geride b\u0131rak\u0131yor. Bu tatl\u0131 hik\u00e2ye, al\u0131\u015fkanl\u0131klardan ayr\u0131lmay\u0131 sevgiyle anlat\u0131yor. K\u00fc\u00e7\u00fck ad\u0131mlar, b\u00fcy\u00fck ke\u015fifler i\u00e7in\u2026<\/p>\n","protected":false},"excerpt":{"rendered":"<p>Emzi\u011fe veda etme zaman\u0131 geldi! Civciv ve Domuzcuk, e\u011flenceli bir g\u00fcn\u00fcn sonunda emzi\u011fi geride b\u0131rak\u0131yor. Bu tatl\u0131 hik\u00e2ye, al\u0131\u015fkanl\u0131klardan ayr\u0131lmay\u0131 sevgiyle anlat\u0131yor. K\u00fc\u00e7\u00fck ad\u0131mlar, b\u00fcy\u00fck ke\u015fifler<span class=\"excerpt-hellip\"> [\u2026]<\/span><\/p>\n","protected":false},"featured_media":0,"template":"","meta":{"_monsterinsights_skip_tracking":false,"_monsterinsights_sitenote_active":false,"_monsterinsights_sitenote_note":"","_monsterinsights_sitenote_category":0},"product_brand":[],"product_cat":[12274,12518],"product_tag":[],"class_list":{"0":"post-777907","1":"product","2":"type-product","3":"status-publish","5":"product_cat-cocuk-ve-genclik-kitaplari","6":"product_cat-okul-oncesi-kitaplar","7":"pa_cilt-ciltli","8":"pa_tur-kitap","9":"pa_yayinevi-dogan-cocuk","10":"pa_yazar-bernette-ford-sam-williams","12":"first","13":"instock","14":"sale","15":"shipping-taxable","16":"purchasable","17":"product-type-simple"},"_links":{"self":[{"href":"https:\/\/roveyayinevi.com.tr\/index.php\/wp-json\/wp\/v2\/product\/777907","targetHints":{"allow":["GET"]}}],"collection":[{"href":"https:\/\/roveyayinevi.com.tr\/index.php\/wp-json\/wp\/v2\/product"}],"about":[{"href":"https:\/\/roveyayinevi.com.tr\/index.php\/wp-json\/wp\/v2\/types\/product"}],"wp:attachment":[{"href":"https:\/\/roveyayinevi.com.tr\/index.php\/wp-json\/wp\/v2\/media?parent=777907"}],"wp:term":[{"taxonomy":"product_brand","embeddable":true,"href":"https:\/\/roveyayinevi.com.tr\/index.php\/wp-json\/wp\/v2\/product_brand?post=777907"},{"taxonomy":"product_cat","embeddable":true,"href":"https:\/\/roveyayinevi.com.tr\/index.php\/wp-json\/wp\/v2\/product_cat?post=777907"},{"taxonomy":"product_tag","embeddable":true,"href":"https:\/\/roveyayinevi.com.tr\/index.php\/wp-json\/wp\/v2\/product_tag?post=777907"}],"curies":[{"name":"wp","href":"https:\/\/api.w.org\/{rel}","templated":true}]}}