{"id":777901,"date":"2025-10-27T05:53:08","date_gmt":"2025-10-27T02:53:08","guid":{"rendered":"https:\/\/roveyayinevi.com.tr\/index.php\/urun\/akilli-sudoku-1\/"},"modified":"2026-01-22T03:55:36","modified_gmt":"2026-01-22T00:55:36","slug":"akilli-sudoku-1","status":"publish","type":"product","link":"https:\/\/roveyayinevi.com.tr\/index.php\/urun\/akilli-sudoku-1\/","title":{"rendered":"Ak\u0131ll\u0131 Sudoku 1"},"content":{"rendered":"<p>Sudoku (Say\u0131 Yerle\u015ftirme olarak da bilinir) mant\u0131k tabanl\u0131, kombinasyonel say\u0131 yerle\u015ftirme bulmacas\u0131d\u0131r. Klasik Sudoku, 9&#215;9 boyutlar\u0131nda bir diyagramda (kutu, blok veya b\u00f6lge olarak da adland\u0131r\u0131labilen) \u00e7\u00f6z\u00fclen ve her sat\u0131r, her s\u00fctun ve her 3&#215;3\u2019l\u00fck karede 1\u2019den 9\u2019a kadar rakamlar\u0131n birer kez yer almas\u0131n\u0131 gerektiren say\u0131 tabanl\u0131 bir zek\u00e2 oyunudur. Japonca \u201cSay\u0131lar tek olmal\u0131\u201d anlam\u0131na gelen \u201cSuuji wa dokishin ni kagiru\u201d kelimelerinin k\u0131saltmas\u0131 olan Sudoku, g\u00fcn\u00fcm\u00fczde Asya\u2019dan Avrupa ve Kuzey Amerika\u2019ya da yay\u0131lan olduk\u00e7a pop\u00fcler bir oyundur. Oyunun amac\u0131 verilen h\u00fccrelerde, her sat\u0131r, s\u00fctun ve alt grupta say\u0131lar\u0131n veya harflerin (\u00e7e\u015fidine g\u00f6re) bir kez kullan\u0131larak dizilmesidir. Deneyimli bulmaca yazar\u0131 Mekin Gani Pehlivan\u2019\u0131n haz\u0131rlad\u0131\u011f\u0131 Ak\u0131ll\u0131 Sudoku, merakl\u0131s\u0131n\u0131 bekliyor. <\/p>\n","protected":false},"excerpt":{"rendered":"<p>Sudoku (Say\u0131 Yerle\u015ftirme olarak da bilinir) mant\u0131k tabanl\u0131, kombinasyonel say\u0131 yerle\u015ftirme bulmacas\u0131d\u0131r. Klasik Sudoku, 9&#215;9 boyutlar\u0131nda bir diyagramda (kutu, blok veya b\u00f6lge olarak da adland\u0131r\u0131labilen) \u00e7\u00f6z\u00fclen<span class=\"excerpt-hellip\"> [\u2026]<\/span><\/p>\n","protected":false},"featured_media":0,"template":"","meta":{"_monsterinsights_skip_tracking":false,"_monsterinsights_sitenote_active":false,"_monsterinsights_sitenote_note":"","_monsterinsights_sitenote_category":0},"product_brand":[],"product_cat":[16943,15563],"product_tag":[],"class_list":{"0":"post-777901","1":"product","2":"type-product","3":"status-publish","5":"product_cat-bilmeceler-bulmacalar","6":"product_cat-hobi","7":"pa_cilt-ciltsiz","8":"pa_tur-kitap","9":"pa_yayinevi-yitik-ulke-yayinlari","10":"pa_yazar-mekin-gani-pehlivan","12":"first","13":"instock","14":"sale","15":"shipping-taxable","16":"purchasable","17":"product-type-simple"},"_links":{"self":[{"href":"https:\/\/roveyayinevi.com.tr\/index.php\/wp-json\/wp\/v2\/product\/777901","targetHints":{"allow":["GET"]}}],"collection":[{"href":"https:\/\/roveyayinevi.com.tr\/index.php\/wp-json\/wp\/v2\/product"}],"about":[{"href":"https:\/\/roveyayinevi.com.tr\/index.php\/wp-json\/wp\/v2\/types\/product"}],"wp:attachment":[{"href":"https:\/\/roveyayinevi.com.tr\/index.php\/wp-json\/wp\/v2\/media?parent=777901"}],"wp:term":[{"taxonomy":"product_brand","embeddable":true,"href":"https:\/\/roveyayinevi.com.tr\/index.php\/wp-json\/wp\/v2\/product_brand?post=777901"},{"taxonomy":"product_cat","embeddable":true,"href":"https:\/\/roveyayinevi.com.tr\/index.php\/wp-json\/wp\/v2\/product_cat?post=777901"},{"taxonomy":"product_tag","embeddable":true,"href":"https:\/\/roveyayinevi.com.tr\/index.php\/wp-json\/wp\/v2\/product_tag?post=777901"}],"curies":[{"name":"wp","href":"https:\/\/api.w.org\/{rel}","templated":true}]}}