{"id":777899,"date":"2025-10-27T05:53:05","date_gmt":"2025-10-27T02:53:05","guid":{"rendered":"https:\/\/roveyayinevi.com.tr\/index.php\/urun\/yeni-nesil-ceteler-daltonlar-red-kitler-casperlar\/"},"modified":"2026-04-15T03:43:36","modified_gmt":"2026-04-15T00:43:36","slug":"yeni-nesil-ceteler-daltonlar-red-kitler-casperlar","status":"publish","type":"product","link":"https:\/\/roveyayinevi.com.tr\/index.php\/urun\/yeni-nesil-ceteler-daltonlar-red-kitler-casperlar\/","title":{"rendered":"Yeni Nesil \u00c7eteler Daltonlar Red Kitler Casperlar"},"content":{"rendered":"<p>Ba\u015f\u0131nda Borsalino \u015fapkas\u0131,\u00fczerinde kemerli paltosu, bastonuna dayana dayana giden bir muhterem. Yahya Kemal Bey olmal\u0131 bu. Herhalde Markiz\u2019e sabah kahvesini i\u00e7meye gidiyordur. Rebul\u2019\u00fcn \u00f6n\u00fcnde, yan\u0131ndan ge\u00e7en gen\u00e7ten bir beyefendi ile selamla\u015f\u0131p ayak\u00fcst\u00fc bir \u015feyler konu\u015fuyorlar. Onun da ba\u015f\u0131nda afili bir \u015fapka var. Boynunda da bohem  tarz\u0131 laci bir ka\u015fkol. Ba\u015f\u0131n\u0131 biraz daha \u00e7evirdi\u011finde, siluet tamamlan\u0131yor. \u0130stanbul \u015eehir Tiyatrolar\u0131n\u0131n \u201cj\u00f6n pr\u00f6miyer\u201d akt\u00f6r\u00fc Haz\u0131m Bey bu\u2026Abanoz  Soka\u011f\u0131n  \u00f6n\u00fcnden  ge\u00e7ip  ilerliyoruz. Cercle d\u2019Orient\u2019\u0131n \u00f6n\u00fcnde konu\u015fa konu\u015fa giden Galatasaray Lisesi hocalar\u0131ndan \u201cKaz\u201d Hilmi ile  \u201cTitrek\u201d Necati, birazdan  okul kap\u0131s\u0131ndan girip  \u00f6nce \u00f6\u011fretmenler odas\u0131na, ard\u0131ndan da s\u0131n\u0131flar\u0131na girip ya\u015famlar\u0131ndan gelip ge\u00e7ecek tebe\u015fir tozlu yeni bir  g\u00fcne daha \u201cmerhaba\u201d diyecekler\u2026Beyo\u011flu, yepyeni bir g\u00fcne uyan\u0131yor, hayalimizdeki eski g\u00fczellikleriyle\u2026Turgay Tuna okurlar\u0131na \u0130stanbul\u2019u tan\u0131tmaya devam ediyor. Taksim\u2019den T\u00fcnel\u2019e uzanan yolda hem binalar\u0131 hem insanlar\u0131 ve hem de onlar\u0131n \u00f6yk\u00fclerini anlat\u0131yor.<\/p>\n","protected":false},"excerpt":{"rendered":"<p>Ba\u015f\u0131nda Borsalino \u015fapkas\u0131,\u00fczerinde kemerli paltosu, bastonuna dayana dayana giden bir muhterem. Yahya Kemal Bey olmal\u0131 bu. Herhalde Markiz\u2019e sabah kahvesini i\u00e7meye gidiyordur. Rebul\u2019\u00fcn \u00f6n\u00fcnde, yan\u0131ndan ge\u00e7en<span class=\"excerpt-hellip\"> [\u2026]<\/span><\/p>\n","protected":false},"featured_media":0,"template":"","meta":{"_monsterinsights_skip_tracking":false,"_monsterinsights_sitenote_active":false,"_monsterinsights_sitenote_note":"","_monsterinsights_sitenote_category":0},"product_brand":[],"product_cat":[13835],"product_tag":[],"class_list":{"0":"post-777899","1":"product","2":"type-product","3":"status-publish","5":"product_cat-cok-satanlar","6":"pa_cilt-ciltsiz","7":"pa_tur-kitap","8":"pa_yayinevi-tekin-yayinevi","9":"pa_yazar-sadik-gulec-osman-cakli","11":"first","12":"instock","13":"sale","14":"shipping-taxable","15":"purchasable","16":"product-type-simple"},"_links":{"self":[{"href":"https:\/\/roveyayinevi.com.tr\/index.php\/wp-json\/wp\/v2\/product\/777899","targetHints":{"allow":["GET"]}}],"collection":[{"href":"https:\/\/roveyayinevi.com.tr\/index.php\/wp-json\/wp\/v2\/product"}],"about":[{"href":"https:\/\/roveyayinevi.com.tr\/index.php\/wp-json\/wp\/v2\/types\/product"}],"wp:attachment":[{"href":"https:\/\/roveyayinevi.com.tr\/index.php\/wp-json\/wp\/v2\/media?parent=777899"}],"wp:term":[{"taxonomy":"product_brand","embeddable":true,"href":"https:\/\/roveyayinevi.com.tr\/index.php\/wp-json\/wp\/v2\/product_brand?post=777899"},{"taxonomy":"product_cat","embeddable":true,"href":"https:\/\/roveyayinevi.com.tr\/index.php\/wp-json\/wp\/v2\/product_cat?post=777899"},{"taxonomy":"product_tag","embeddable":true,"href":"https:\/\/roveyayinevi.com.tr\/index.php\/wp-json\/wp\/v2\/product_tag?post=777899"}],"curies":[{"name":"wp","href":"https:\/\/api.w.org\/{rel}","templated":true}]}}