{"id":777898,"date":"2025-10-27T05:53:03","date_gmt":"2025-10-27T02:53:03","guid":{"rendered":"https:\/\/roveyayinevi.com.tr\/index.php\/urun\/bes-vakitli-gunden-vazgecmek\/"},"modified":"2026-04-15T03:43:36","modified_gmt":"2026-04-15T00:43:36","slug":"bes-vakitli-gunden-vazgecmek","status":"publish","type":"product","link":"https:\/\/roveyayinevi.com.tr\/index.php\/urun\/bes-vakitli-gunden-vazgecmek\/","title":{"rendered":"Be\u015f Vakitli G\u00fcnden Vazge\u00e7mek"},"content":{"rendered":"<p>Bu kitab\u0131n merkezinde, dindar \u00e7evrelerde yeti\u015fmi\u015f, ibadetlerini y\u0131llarca eksiksiz yerine getiren fakat zamanla \u00e7e\u015fitli nedenlerle din\u00ee pratiklerden uzakla\u015fan erkeklerin sek\u00fclerle\u015fme s\u00fcre\u00e7leri yer al\u0131yor. T\u00fcrkiye \u00f6zelinde daha \u00f6nce tart\u0131\u015f\u0131lmam\u0131\u015f bi\u00e7imde m\u00fctedeyyin erkeklerin sek\u00fclerle\u015fme s\u00fcre\u00e7leri dindar ge\u00e7mi\u015fleriyle birlikte ele al\u0131n\u0131yor. G\u00fcndelik hayata odaklanan kitap, m\u00fctedeyyin erkeklerin b\u00fcy\u00fcd\u00fckleri evlerdeki din\u00ee tablolardan mahalle sohbetlerine, evlerde dinlenen ilahilerden okunan kitaplara ve b\u00fct\u00fcn bu varolu\u015f bi\u00e7imlerinin terk edili\u015fine uzanan geni\u015f bir \u00e7er\u00e7eveyi saha ara\u015ft\u0131rmas\u0131yla g\u00f6r\u00fcn\u00fcr k\u0131l\u0131yor. Furkan Dilben, g\u00f6r\u00fc\u015fmecilerin \u201carafta kalma\u201d, \u201chamurunda \u0130slam olma\u201d, \u201cezberi unutma\u201d ve \u201ctevafuktan tesad\u00fcfe ge\u00e7i\u015f\u201d gibi ifadelerinden yola \u00e7\u0131karak \u015fahsi hik\u00e2yelerin gayri\u015fahsi anlamlar\u0131n\u0131 \u201chabitus\u201d ve \u201critimanaliz\u201d kavramlar\u0131yla birlikte tart\u0131\u015f\u0131yor. B\u00f6ylece, ki\u015fisel deneyimlerle T\u00fcrkiye \u00f6zelindeki g\u00fcncel sek\u00fclerle\u015fme tart\u0131\u015fmalar\u0131n\u0131 bulu\u015fturan \u00f6zg\u00fcn bir \u00e7al\u0131\u015fma ortaya \u00e7\u0131k\u0131yor. \u201cNe annem ne babam biliyor benim inan\u00e7s\u0131z oldu\u011fumu. [\u2026] annemin iyi hissetmesi i\u00e7in \u00f6zellikle din\u00ee g\u00fcnlerde ar\u0131yorum. Mutlu oluyor, o mutlu olunca ben de iyi hissediyorum. Ama bu insan\u0131 ikiye b\u00f6len bir durum. \u0130ki ki\u015fi gibi ya\u015f\u0131yorsun hayat\u0131.\u201d \u201cBu d\u00fcnyay\u0131 \u00f6teki d\u00fcnya i\u00e7in ya\u015farken, art\u0131k buras\u0131 i\u00e7in ya\u015famaya ba\u015fl\u0131yorsun. Bildi\u011fin her \u015fey de\u011fi\u015fiyor haliyle.\u201d \u201cYeni sek\u00fcler hayat, en ba\u015fta bir y\u0131k\u0131m olarak geldi \u00e7\u00fcnk\u00fc art\u0131k hayat\u0131mda din yoktu ama b\u00fct\u00fcn enkaz\u0131n \u00fczerinde ya\u015famam gerekiyordu. Elbette y\u0131k\u0131m hemen olmad\u0131\u011f\u0131 gibi yeni hayat\u0131m da yeni kurulmayacakt\u0131. Ama i\u015fin zorlu\u011fu y\u0131kt\u0131\u011f\u0131m hayatta daha tecr\u00fcbeliydim.\u201d <\/p>\n","protected":false},"excerpt":{"rendered":"<p>Bu kitab\u0131n merkezinde, dindar \u00e7evrelerde yeti\u015fmi\u015f, ibadetlerini y\u0131llarca eksiksiz yerine getiren fakat zamanla \u00e7e\u015fitli nedenlerle din\u00ee pratiklerden uzakla\u015fan erkeklerin sek\u00fclerle\u015fme s\u00fcre\u00e7leri yer al\u0131yor. T\u00fcrkiye \u00f6zelinde daha<span class=\"excerpt-hellip\"> [\u2026]<\/span><\/p>\n","protected":false},"featured_media":0,"template":"","meta":{"_monsterinsights_skip_tracking":false,"_monsterinsights_sitenote_active":false,"_monsterinsights_sitenote_note":"","_monsterinsights_sitenote_category":0},"product_brand":[],"product_cat":[12324],"product_tag":[],"class_list":{"0":"post-777898","1":"product","2":"type-product","3":"status-publish","5":"product_cat-sosyoloji","6":"pa_cilt-ciltsiz","7":"pa_tur-kitap","8":"pa_yayinevi-nika-yayinevi","9":"pa_yazar-furkan-dilben","11":"first","12":"instock","13":"sale","14":"shipping-taxable","15":"purchasable","16":"product-type-simple"},"_links":{"self":[{"href":"https:\/\/roveyayinevi.com.tr\/index.php\/wp-json\/wp\/v2\/product\/777898","targetHints":{"allow":["GET"]}}],"collection":[{"href":"https:\/\/roveyayinevi.com.tr\/index.php\/wp-json\/wp\/v2\/product"}],"about":[{"href":"https:\/\/roveyayinevi.com.tr\/index.php\/wp-json\/wp\/v2\/types\/product"}],"wp:attachment":[{"href":"https:\/\/roveyayinevi.com.tr\/index.php\/wp-json\/wp\/v2\/media?parent=777898"}],"wp:term":[{"taxonomy":"product_brand","embeddable":true,"href":"https:\/\/roveyayinevi.com.tr\/index.php\/wp-json\/wp\/v2\/product_brand?post=777898"},{"taxonomy":"product_cat","embeddable":true,"href":"https:\/\/roveyayinevi.com.tr\/index.php\/wp-json\/wp\/v2\/product_cat?post=777898"},{"taxonomy":"product_tag","embeddable":true,"href":"https:\/\/roveyayinevi.com.tr\/index.php\/wp-json\/wp\/v2\/product_tag?post=777898"}],"curies":[{"name":"wp","href":"https:\/\/api.w.org\/{rel}","templated":true}]}}