{"id":777897,"date":"2025-10-27T05:53:01","date_gmt":"2025-10-27T02:53:01","guid":{"rendered":"https:\/\/roveyayinevi.com.tr\/index.php\/urun\/gerilimli-degisim\/"},"modified":"2026-04-15T03:43:36","modified_gmt":"2026-04-15T00:43:36","slug":"gerilimli-degisim","status":"publish","type":"product","link":"https:\/\/roveyayinevi.com.tr\/index.php\/urun\/gerilimli-degisim\/","title":{"rendered":"Gerilimli De\u011fi\u015fim"},"content":{"rendered":"<p>Toplumsal ve k\u00fclt\u00fcrel de\u011fi\u015fimler her yerde gerilim \u00fcretir. O g\u00fcne kadar al\u0131\u015f\u0131lagelmi\u015f olan pratiklerin, d\u00fc\u015f\u00fcncelerin, hatta duygular\u0131n eskisi gibi olma imkanlar\u0131n\u0131 ortadan kald\u0131r\u0131r. Yeni olanlar toplumsal ve ki\u015fisel \u00f6l\u00e7ekte teredd\u00fctler uyand\u0131r\u0131r, endi\u015feler yarat\u0131r. Mimarl\u0131k alan\u0131nda da b\u00f6yle olur. De\u011fi\u015fimle bar\u0131\u015fmak, onu ola\u011fanla\u015ft\u0131rmak, gerilimleri d\u00fc\u015f\u00fcrmek gerekir. Burada ele al\u0131nan t\u00fcm de\u011fi\u015fimler bunu ba\u015farmak i\u00e7in in\u015fa edilen en geni\u015f anlam\u0131yla mimari i\u00e7erikli politikalard\u0131r. Hepsi mimarl\u0131\u011f\u0131n de\u011fi\u015fen y\u00fcr\u00fct\u00fcl\u00fc\u015f ve toplumsal alg\u0131lan\u0131\u015f\u0131na ili\u015fkindir. Toplum taraf\u0131ndan \u00fcretilirler, ama toplum kendi varettiklerinin ola\u011fanl\u0131\u011f\u0131ndan daima ku\u015fku duyar. Onlar\u0131 ola\u011fanla\u015ft\u0131racak veya katlan\u0131l\u0131r k\u0131lacak ara\u00e7lar da yarat\u0131r. T\u00fcrkiye\u2019de bu ara\u00e7lar\u0131n ba\u015f\u0131nda de\u011fi\u015fim iradesini devlete\/siyasal iktidara atfetme al\u0131\u015fkanl\u0131\u011f\u0131 ve \u0131srar\u0131 gelir. Mimarl\u0131\u011f\u0131n ve modernli\u011fin in\u015fas\u0131nda devletin\/siyasal iktidar\u0131n tek sorumlu oldu\u011funda temellenen bu tarihsel kavray\u0131\u015f\u0131n T\u00fcrkiye\u2019de Orta\u00e7a\u011f\u2019a uzanan bir ge\u00e7mi\u015fi var. Devleti her alanda oldu\u011fu gibi mimarl\u0131kta da \u201ckadir-i mutlak\u201d sayma inanc\u0131 \u015feklinde d\u0131\u015favurulur. Modernle\u015fme d\u00f6nemindeyse devletin gidilmesi gereken de\u011fi\u015fim\/ d\u00f6n\u00fc\u015f\u00fcm do\u011frultusunu herkesten \u00f6nce fark etti\u011fi, uyruklar\u0131na \u00f6nc\u00fcl\u00fck etti\u011fi, hatta toplumun \u00f6n\u00fcnde ko\u015ftu\u011fu san\u0131l\u0131r. Kimi d\u00f6nemlerdeyse ayn\u0131 ufuk a\u00e7\u0131c\u0131 iktidar\u0131 kullanamad\u0131\u011f\u0131 saptamalar\u0131 yap\u0131l\u0131r. Su\u00e7lu da, m\u00fcsebbip de odur. Burada bu naif ideolojik saplant\u0131n\u0131n tart\u0131\u015f\u0131lmas\u0131 ama\u00e7lan\u0131yor. Devlet toplumsal akt\u00f6rlerden yaln\u0131zca biridir. Toplumsa devletin elindeki bir ideolojik s\u00fcnger de\u011fildir; mimarl\u0131k hi\u00e7 de\u011fildir. Dolay\u0131s\u0131yla, bu kitap o alandaki de\u011fi\u015fimlerin devlet-d\u0131\u015f\u0131 akt\u00f6rler taraf\u0131ndan yarat\u0131ld\u0131\u011f\u0131 fikrini, mimar\u0131n mesleki kimli\u011finden, mimarl\u0131k tarihi yaz\u0131m\u0131na, toplumsal mimarl\u0131k kavray\u0131\u015f\u0131na dek uzanarak irdelemeyi deniyor.<\/p>\n","protected":false},"excerpt":{"rendered":"<p>Toplumsal ve k\u00fclt\u00fcrel de\u011fi\u015fimler her yerde gerilim \u00fcretir. O g\u00fcne kadar al\u0131\u015f\u0131lagelmi\u015f olan pratiklerin, d\u00fc\u015f\u00fcncelerin, hatta duygular\u0131n eskisi gibi olma imkanlar\u0131n\u0131 ortadan kald\u0131r\u0131r. Yeni olanlar toplumsal<span class=\"excerpt-hellip\"> [\u2026]<\/span><\/p>\n","protected":false},"featured_media":0,"template":"","meta":{"_monsterinsights_skip_tracking":false,"_monsterinsights_sitenote_active":false,"_monsterinsights_sitenote_note":"","_monsterinsights_sitenote_category":0},"product_brand":[],"product_cat":[13512,12408],"product_tag":[],"class_list":{"0":"post-777897","1":"product","2":"type-product","3":"status-publish","5":"product_cat-mimarlik","6":"product_cat-sanat","7":"pa_cilt-ciltsiz","8":"pa_tur-kitap","9":"pa_yayinevi-metis-yayinlari","10":"pa_yazar-ugur-tanyeli","12":"first","13":"instock","14":"sale","15":"shipping-taxable","16":"purchasable","17":"product-type-simple"},"_links":{"self":[{"href":"https:\/\/roveyayinevi.com.tr\/index.php\/wp-json\/wp\/v2\/product\/777897","targetHints":{"allow":["GET"]}}],"collection":[{"href":"https:\/\/roveyayinevi.com.tr\/index.php\/wp-json\/wp\/v2\/product"}],"about":[{"href":"https:\/\/roveyayinevi.com.tr\/index.php\/wp-json\/wp\/v2\/types\/product"}],"wp:attachment":[{"href":"https:\/\/roveyayinevi.com.tr\/index.php\/wp-json\/wp\/v2\/media?parent=777897"}],"wp:term":[{"taxonomy":"product_brand","embeddable":true,"href":"https:\/\/roveyayinevi.com.tr\/index.php\/wp-json\/wp\/v2\/product_brand?post=777897"},{"taxonomy":"product_cat","embeddable":true,"href":"https:\/\/roveyayinevi.com.tr\/index.php\/wp-json\/wp\/v2\/product_cat?post=777897"},{"taxonomy":"product_tag","embeddable":true,"href":"https:\/\/roveyayinevi.com.tr\/index.php\/wp-json\/wp\/v2\/product_tag?post=777897"}],"curies":[{"name":"wp","href":"https:\/\/api.w.org\/{rel}","templated":true}]}}