{"id":777895,"date":"2025-10-27T05:52:57","date_gmt":"2025-10-27T02:52:57","guid":{"rendered":"https:\/\/roveyayinevi.com.tr\/index.php\/urun\/turkiyenin-baliklari-ciltli\/"},"modified":"2026-04-15T03:43:36","modified_gmt":"2026-04-15T00:43:36","slug":"turkiyenin-baliklari-ciltli","status":"publish","type":"product","link":"https:\/\/roveyayinevi.com.tr\/index.php\/urun\/turkiyenin-baliklari-ciltli\/","title":{"rendered":"T\u00fcrkiye\u2019nin Bal\u0131klar\u0131 (Ciltli)"},"content":{"rendered":"<p>T\u00fcrkiye sular\u0131nda ya\u015fayan bal\u0131klar\u0131n gizemli d\u00fcnyas\u0131na dalmaya haz\u0131r m\u0131s\u0131n? T\u00fcrkiye\u2019nin denizlerinde, g\u00f6llerinde ve akarsular\u0131nda birbirinden ilgin\u00e7 bal\u0131klar ya\u015f\u0131yor. Bu kitapta hem onlarla tan\u0131\u015facak hem de onlara dair \u015fa\u015f\u0131rt\u0131c\u0131 bilgiler \u00f6\u011freneceksin. Ayr\u0131ca bu kitapta okyanuslar\u0131n en h\u0131zl\u0131 bal\u0131klar\u0131yla yar\u0131\u015fa kat\u0131lacak, en b\u00fcy\u00fck di\u015flerin ve en tuhaf y\u00fczlerin gizemini ke\u015ffedecek, bal\u0131klar\u0131n nas\u0131l konu\u015ftu\u011funu, nas\u0131l yuva yapt\u0131\u011f\u0131n\u0131 \u00f6\u011freneceksin. Mert G\u00f6kalp\u2019in yazd\u0131\u011f\u0131 8 ya\u015f ve \u00fcst\u00fc okura hitap eden kitab\u0131 Bet\u00fcl Sinano\u011flu resimledi.<\/p>\n","protected":false},"excerpt":{"rendered":"<p>T\u00fcrkiye sular\u0131nda ya\u015fayan bal\u0131klar\u0131n gizemli d\u00fcnyas\u0131na dalmaya haz\u0131r m\u0131s\u0131n? T\u00fcrkiye\u2019nin denizlerinde, g\u00f6llerinde ve akarsular\u0131nda birbirinden ilgin\u00e7 bal\u0131klar ya\u015f\u0131yor. Bu kitapta hem onlarla tan\u0131\u015facak hem de onlara<span class=\"excerpt-hellip\"> [\u2026]<\/span><\/p>\n","protected":false},"featured_media":0,"template":"","meta":{"_monsterinsights_skip_tracking":false,"_monsterinsights_sitenote_active":false,"_monsterinsights_sitenote_note":"","_monsterinsights_sitenote_category":0},"product_brand":[],"product_cat":[13829,12274],"product_tag":[],"class_list":{"0":"post-777895","1":"product","2":"type-product","3":"status-publish","5":"product_cat-bilimsel-kitaplar","6":"product_cat-cocuk-ve-genclik-kitaplari","7":"pa_cilt-ciltli","8":"pa_tur-kitap","9":"pa_yayinevi-literatur-yayinevi","10":"pa_yazar-mert-gokalp","12":"first","13":"instock","14":"sale","15":"shipping-taxable","16":"purchasable","17":"product-type-simple"},"_links":{"self":[{"href":"https:\/\/roveyayinevi.com.tr\/index.php\/wp-json\/wp\/v2\/product\/777895","targetHints":{"allow":["GET"]}}],"collection":[{"href":"https:\/\/roveyayinevi.com.tr\/index.php\/wp-json\/wp\/v2\/product"}],"about":[{"href":"https:\/\/roveyayinevi.com.tr\/index.php\/wp-json\/wp\/v2\/types\/product"}],"wp:attachment":[{"href":"https:\/\/roveyayinevi.com.tr\/index.php\/wp-json\/wp\/v2\/media?parent=777895"}],"wp:term":[{"taxonomy":"product_brand","embeddable":true,"href":"https:\/\/roveyayinevi.com.tr\/index.php\/wp-json\/wp\/v2\/product_brand?post=777895"},{"taxonomy":"product_cat","embeddable":true,"href":"https:\/\/roveyayinevi.com.tr\/index.php\/wp-json\/wp\/v2\/product_cat?post=777895"},{"taxonomy":"product_tag","embeddable":true,"href":"https:\/\/roveyayinevi.com.tr\/index.php\/wp-json\/wp\/v2\/product_tag?post=777895"}],"curies":[{"name":"wp","href":"https:\/\/api.w.org\/{rel}","templated":true}]}}