{"id":777893,"date":"2025-10-27T05:52:52","date_gmt":"2025-10-27T02:52:52","guid":{"rendered":"https:\/\/roveyayinevi.com.tr\/index.php\/urun\/cinayetler\/"},"modified":"2026-04-06T03:42:31","modified_gmt":"2026-04-06T00:42:31","slug":"cinayetler","status":"publish","type":"product","link":"https:\/\/roveyayinevi.com.tr\/index.php\/urun\/cinayetler\/","title":{"rendered":"Cinayetler"},"content":{"rendered":"<p>GER\u00c7EK SU\u00c7UN YAKIN TAR\u0130H\u0130NDEN 27 T\u00dcYLER \u00dcRPERT\u0130C\u0130 C\u0130NAYET VAKASI Cinayetlerin \u00e7\u00f6z\u00fclme ve faillerin adalete teslim edilme \u00f6yk\u00fclerini ve insanlar\u0131n bu en b\u00fcy\u00fck su\u00e7u neden i\u015flediklerini \u00f6\u011frendik\u00e7e bilinmezliklerin kap\u0131lar\u0131 bir bir aralan\u0131yor. Ger\u00e7ek vaka analizlerinden derlenen \u201cCinayetler\u201d kitab\u0131, son y\u00fcz y\u0131l\u0131n en rahats\u0131z edici ve korkun\u00e7 vakalar\u0131ndan baz\u0131lar\u0131na ve bunlar\u0131 \u00e7\u00f6zen insanlara bir g\u00f6z at\u0131yor. \u0130\u015fte baz\u0131 vakalar. \u2022 Sevgililer G\u00fcn\u00fc Katliam\u0131 \u2022 Merdivende \u00d6l\u00fcm \u2013 Kathleen Peterson\u2019\u0131n \u00d6l\u00fcm\u00fc \u2022 Akt\u00f6r\/Y\u00f6netmen Adrienne Shelly\u2019nin Sahte \u0130ntihar\u0131 \u2022 Oscar Pistorius \u2013 Spor \u0130konlu\u011fundan Katilli\u011fe Bu insanlar\u0131 \u00f6ld\u00fcrmeye neyin itti\u011fini \u00f6\u011frenin ve her bir vakay\u0131 \u00e7evreleyen teorileri ara\u015ft\u0131r\u0131n. Bunlara e\u015flik eden medya yorumlar\u0131n\u0131 ve duru\u015fmalar\u0131 takip edin ve sonu\u00e7lar\u0131n\u0131 g\u00f6r\u00fcn. Kapsaml\u0131 vaka notlar\u0131 sayesinde, adli kan\u0131tlar gibi temel konular\u0131 inceleyebilir, vakan\u0131n nas\u0131l \u00e7\u00f6z\u00fcld\u00fc\u011f\u00fcn\u00fc anlayabilir ve su\u00e7lular\u0131 adalete kimin teslim etti\u011fini \u00f6\u011frenebilirsiniz. Bazen adaletli olmasa da&#8230;<\/p>\n","protected":false},"excerpt":{"rendered":"<p>GER\u00c7EK SU\u00c7UN YAKIN TAR\u0130H\u0130NDEN 27 T\u00dcYLER \u00dcRPERT\u0130C\u0130 C\u0130NAYET VAKASI Cinayetlerin \u00e7\u00f6z\u00fclme ve faillerin adalete teslim edilme \u00f6yk\u00fclerini ve insanlar\u0131n bu en b\u00fcy\u00fck su\u00e7u neden i\u015flediklerini \u00f6\u011frendik\u00e7e<span class=\"excerpt-hellip\"> [\u2026]<\/span><\/p>\n","protected":false},"featured_media":0,"template":"","meta":{"_monsterinsights_skip_tracking":false,"_monsterinsights_sitenote_active":false,"_monsterinsights_sitenote_note":"","_monsterinsights_sitenote_category":0},"product_brand":[],"product_cat":[12291,15445],"product_tag":[],"class_list":{"0":"post-777893","1":"product","2":"type-product","3":"status-publish","5":"product_cat-edebiyat","6":"product_cat-polisiye","7":"pa_cilt-ciltsiz","8":"pa_tur-kitap","9":"pa_yayinevi-literatur-yayinevi","10":"pa_yazar-sam-pilger","12":"first","13":"instock","14":"sale","15":"shipping-taxable","16":"purchasable","17":"product-type-simple"},"_links":{"self":[{"href":"https:\/\/roveyayinevi.com.tr\/index.php\/wp-json\/wp\/v2\/product\/777893","targetHints":{"allow":["GET"]}}],"collection":[{"href":"https:\/\/roveyayinevi.com.tr\/index.php\/wp-json\/wp\/v2\/product"}],"about":[{"href":"https:\/\/roveyayinevi.com.tr\/index.php\/wp-json\/wp\/v2\/types\/product"}],"wp:attachment":[{"href":"https:\/\/roveyayinevi.com.tr\/index.php\/wp-json\/wp\/v2\/media?parent=777893"}],"wp:term":[{"taxonomy":"product_brand","embeddable":true,"href":"https:\/\/roveyayinevi.com.tr\/index.php\/wp-json\/wp\/v2\/product_brand?post=777893"},{"taxonomy":"product_cat","embeddable":true,"href":"https:\/\/roveyayinevi.com.tr\/index.php\/wp-json\/wp\/v2\/product_cat?post=777893"},{"taxonomy":"product_tag","embeddable":true,"href":"https:\/\/roveyayinevi.com.tr\/index.php\/wp-json\/wp\/v2\/product_tag?post=777893"}],"curies":[{"name":"wp","href":"https:\/\/api.w.org\/{rel}","templated":true}]}}