{"id":777891,"date":"2025-10-27T05:52:50","date_gmt":"2025-10-27T02:52:50","guid":{"rendered":"https:\/\/roveyayinevi.com.tr\/index.php\/urun\/duygusal-olan-politiktir\/"},"modified":"2026-04-15T03:43:36","modified_gmt":"2026-04-15T00:43:36","slug":"duygusal-olan-politiktir","status":"publish","type":"product","link":"https:\/\/roveyayinevi.com.tr\/index.php\/urun\/duygusal-olan-politiktir\/","title":{"rendered":"Duygusal Olan Politiktir"},"content":{"rendered":"<p>Ay\u015feg\u00fcl Sand\u0131kc\u0131o\u011flu bizzat i\u00e7inde bulundu\u011fu, zaman\u0131n\u0131 ve eme\u011fini hasretti\u011fi sendika deneyiminde kendisi gibi ayr\u0131mc\u0131l\u0131\u011fa u\u011frayan, erkeklerden daha fazla \u00e7al\u0131\u015fmas\u0131 beklenen, bak\u0131m eme\u011fi, e\u015fitsiz i\u015f b\u00f6l\u00fcm\u00fc ve benzeri angaryalar ve cinsiyet\u00e7i yakla\u015f\u0131mlar nedeniyle ikinci plana at\u0131lmaya \u00e7al\u0131\u015f\u0131lan kad\u0131nlar\u0131n hik\u00e2yelerini, onlar\u0131n a\u011f\u0131zlar\u0131ndan aktar\u0131yor. Toplumsal cinsiyet e\u015fitsizli\u011finin, en \u201csol\u201d g\u00f6r\u00fcnen yerlerde, sendikalarda dahi ne kadar yayg\u0131n ve yerle\u015fik oldu\u011funu g\u00f6sterirken, daha e\u015fitlik\u00e7i, daha kapsay\u0131c\u0131 sendikalar\u0131n hayal olmad\u0131\u011f\u0131n\u0131, bu konuda belki de kad\u0131nlardan daha fazla erkeklere i\u015f d\u00fc\u015ft\u00fc\u011f\u00fcn\u00fc, elini ta\u015f\u0131n alt\u0131na koymalar\u0131n\u0131n zaman\u0131n\u0131n \u00e7oktan geldi\u011fini hat\u0131rlat\u0131yor\u2026 Duygusal Olan Politiktir\u2013KESK\u2019li Kad\u0131nlar\u0131n M\u00fccadele Deneyimleri, sendikalar\u0131n ba\u015fka bir y\u00f6n\u00fcne \u0131\u015f\u0131k tutarken, toplumsal cinsiyet e\u015fitsizli\u011finin her yere nas\u0131l sirayet etti\u011finin de canl\u0131 bir kan\u0131t\u0131 olma niteli\u011fi ta\u015f\u0131yor. \u201cBu kitap sevgili erkek okur, sendikalar\u0131m\u0131zda bile sizlerle ayn\u0131 noktalara gelebilmek i\u00e7in daha \u00e7ok yolu ge\u00e7memiz gerekti\u011finin k\u00fc\u00e7\u00fcc\u00fck bir belgesi. Hatta sizin y\u00fcr\u00fcyerek ge\u00e7ti\u011finiz yollar\u0131 canh\u0131ra\u015f bir \u015fekilde ko\u015fmak zorunda olan kad\u0131nlar\u0131n yol \u00f6yk\u00fclerinden k\u00fc\u00e7\u00fcc\u00fck bir par\u00e7a.\u201d <\/p>\n","protected":false},"excerpt":{"rendered":"<p>Ay\u015feg\u00fcl Sand\u0131kc\u0131o\u011flu bizzat i\u00e7inde bulundu\u011fu, zaman\u0131n\u0131 ve eme\u011fini hasretti\u011fi sendika deneyiminde kendisi gibi ayr\u0131mc\u0131l\u0131\u011fa u\u011frayan, erkeklerden daha fazla \u00e7al\u0131\u015fmas\u0131 beklenen, bak\u0131m eme\u011fi, e\u015fitsiz i\u015f b\u00f6l\u00fcm\u00fc ve<span class=\"excerpt-hellip\"> [\u2026]<\/span><\/p>\n","protected":false},"featured_media":0,"template":"","meta":{"_monsterinsights_skip_tracking":false,"_monsterinsights_sitenote_active":false,"_monsterinsights_sitenote_note":"","_monsterinsights_sitenote_category":0},"product_brand":[],"product_cat":[12337,14543],"product_tag":[],"class_list":{"0":"post-777891","1":"product","2":"type-product","3":"status-publish","5":"product_cat-politika-siyaset","6":"product_cat-turkiye-siyaseti-ve-politikasi","7":"pa_cilt-ciltsiz","8":"pa_tur-kitap","9":"pa_yayinevi-iletisim-yayinlari","10":"pa_yazar-aysegul-sandikcioglu","12":"first","13":"instock","14":"sale","15":"shipping-taxable","16":"purchasable","17":"product-type-simple"},"_links":{"self":[{"href":"https:\/\/roveyayinevi.com.tr\/index.php\/wp-json\/wp\/v2\/product\/777891","targetHints":{"allow":["GET"]}}],"collection":[{"href":"https:\/\/roveyayinevi.com.tr\/index.php\/wp-json\/wp\/v2\/product"}],"about":[{"href":"https:\/\/roveyayinevi.com.tr\/index.php\/wp-json\/wp\/v2\/types\/product"}],"wp:attachment":[{"href":"https:\/\/roveyayinevi.com.tr\/index.php\/wp-json\/wp\/v2\/media?parent=777891"}],"wp:term":[{"taxonomy":"product_brand","embeddable":true,"href":"https:\/\/roveyayinevi.com.tr\/index.php\/wp-json\/wp\/v2\/product_brand?post=777891"},{"taxonomy":"product_cat","embeddable":true,"href":"https:\/\/roveyayinevi.com.tr\/index.php\/wp-json\/wp\/v2\/product_cat?post=777891"},{"taxonomy":"product_tag","embeddable":true,"href":"https:\/\/roveyayinevi.com.tr\/index.php\/wp-json\/wp\/v2\/product_tag?post=777891"}],"curies":[{"name":"wp","href":"https:\/\/api.w.org\/{rel}","templated":true}]}}