{"id":777890,"date":"2025-10-27T05:52:48","date_gmt":"2025-10-27T02:52:48","guid":{"rendered":"https:\/\/roveyayinevi.com.tr\/index.php\/urun\/cin-hakkinda-bilmek-istemedikleriniz\/"},"modified":"2026-04-08T03:40:05","modified_gmt":"2026-04-08T00:40:05","slug":"cin-hakkinda-bilmek-istemedikleriniz","status":"publish","type":"product","link":"https:\/\/roveyayinevi.com.tr\/index.php\/urun\/cin-hakkinda-bilmek-istemedikleriniz\/","title":{"rendered":"\u00c7in Hakk\u0131nda Bilmek \u0130stemedikleriniz"},"content":{"rendered":"<p>\u00c7a\u011fda\u015f \u00dcng\u00f6r, ki\u015fisel yolcu\u011fuyla ba\u015flayan \u00c7in ser\u00fcveninde, uzun y\u0131llar boyunca biriktirdi\u011fi ara\u015ft\u0131rmalar\u0131n\u0131 \u00c7in Hakk\u0131nda Bilmek \u0130stemedikleriniz\u2019de topluyor. \u00dcng\u00f6r, d\u00fcnyaya yeniden \u015fekil veren \u00c7in Halk Cumhuriyeti\u2019nin y\u00fckseli\u015fini sadece ekonomik ve politik sebeplerle de\u011fil, tarih\u00ee ve sosyal arkaplan\u0131 da hesaba katarak anlat\u0131yor. \u00c7in Kom\u00fcnist Partisi h\u00e2kimiyetindeki \u00c7in\u2019in kendi i\u00e7erisindeki politik k\u0131r\u0131lmalar\u0131, \u00fclkedeki farkl\u0131 muhalif gruplar\u0131 birbirinden ayr\u0131\u015fan ve birbiriyle yak\u0131nla\u015fan ve\u00e7heleriyle birlikte ele al\u0131yor. \u00dcng\u00f6r, T\u00fcrkiye\u2019den \u201cuzak\u201d, \u201canla\u015f\u0131lmaz\u201d ve \u201cgarip\u201d g\u00f6r\u00fcnen \u00c7in\u2019in toplumsal ve k\u00fclt\u00fcrel \u00f6zelliklerini genelge\u00e7er genellemeleri kar\u015f\u0131s\u0131na alarak inceliyor. K\u00fclt\u00fcrel ve g\u00fcndelik hayattan sahneler, yayg\u0131n g\u00f6r\u00fc\u015f ve inan\u0131\u015flar, \u00e7al\u0131\u015fman\u0131n \u00f6nemli bir par\u00e7as\u0131n\u0131 olu\u015fturuyor. \u00c7in\u2019in uluslararas\u0131 itibar\u0131 ve imaj\u0131; bilhassa ABD ile girdi\u011fi gerilimli yar\u0131\u015f\u0131n \u00f6nemli temalar\u0131 haline gelen Tayvan, Hong Kong ve Uygur \u00f6zerk b\u00f6lgesiyle ilgili sorunlar; \u00c7in modelinin ihra\u00e7 edilip edilemeyece\u011fi tart\u0131\u015fmalar\u0131 ve \u00c7in\u2019in y\u00fckseli\u015finin T\u00fcrkiye\u2019ye etkisi gibi konular da etrafl\u0131ca irdeleniyor. Mao\u2019dan \u015ei Cinping\u2019e, \u201cKu\u015fak ve Yol \u0130nisiyatifi\u201dnden \u201c\u00c7in R\u00fcyas\u0131\u201dna kadar, eskiyle olan ba\u011f\u0131n\u0131 devam ettiren yeni \u00c7in\u2019in toplumsal, k\u00fclt\u00fcrel, ekonomik ve politik ahvali \u00fczerine bir \u00e7al\u0131\u015fma.<\/p>\n","protected":false},"excerpt":{"rendered":"<p>\u00c7a\u011fda\u015f \u00dcng\u00f6r, ki\u015fisel yolcu\u011fuyla ba\u015flayan \u00c7in ser\u00fcveninde, uzun y\u0131llar boyunca biriktirdi\u011fi ara\u015ft\u0131rmalar\u0131n\u0131 \u00c7in Hakk\u0131nda Bilmek \u0130stemedikleriniz\u2019de topluyor. \u00dcng\u00f6r, d\u00fcnyaya yeniden \u015fekil veren \u00c7in Halk Cumhuriyeti\u2019nin y\u00fckseli\u015fini<span class=\"excerpt-hellip\"> [\u2026]<\/span><\/p>\n","protected":false},"featured_media":0,"template":"","meta":{"_monsterinsights_skip_tracking":false,"_monsterinsights_sitenote_active":false,"_monsterinsights_sitenote_note":"","_monsterinsights_sitenote_category":0},"product_brand":[],"product_cat":[12337,17225],"product_tag":[],"class_list":{"0":"post-777890","1":"product","2":"type-product","3":"status-publish","5":"product_cat-politika-siyaset","6":"product_cat-uluslararasi-iliskiler","7":"pa_cilt-ciltsiz","8":"pa_tur-kitap","9":"pa_yayinevi-iletisim-yayinlari","10":"pa_yazar-cagdas-ungor","12":"first","13":"instock","14":"sale","15":"shipping-taxable","16":"purchasable","17":"product-type-simple"},"_links":{"self":[{"href":"https:\/\/roveyayinevi.com.tr\/index.php\/wp-json\/wp\/v2\/product\/777890","targetHints":{"allow":["GET"]}}],"collection":[{"href":"https:\/\/roveyayinevi.com.tr\/index.php\/wp-json\/wp\/v2\/product"}],"about":[{"href":"https:\/\/roveyayinevi.com.tr\/index.php\/wp-json\/wp\/v2\/types\/product"}],"wp:attachment":[{"href":"https:\/\/roveyayinevi.com.tr\/index.php\/wp-json\/wp\/v2\/media?parent=777890"}],"wp:term":[{"taxonomy":"product_brand","embeddable":true,"href":"https:\/\/roveyayinevi.com.tr\/index.php\/wp-json\/wp\/v2\/product_brand?post=777890"},{"taxonomy":"product_cat","embeddable":true,"href":"https:\/\/roveyayinevi.com.tr\/index.php\/wp-json\/wp\/v2\/product_cat?post=777890"},{"taxonomy":"product_tag","embeddable":true,"href":"https:\/\/roveyayinevi.com.tr\/index.php\/wp-json\/wp\/v2\/product_tag?post=777890"}],"curies":[{"name":"wp","href":"https:\/\/api.w.org\/{rel}","templated":true}]}}