{"id":777888,"date":"2025-10-27T05:52:44","date_gmt":"2025-10-27T02:52:44","guid":{"rendered":"https:\/\/roveyayinevi.com.tr\/index.php\/urun\/stephen-king-gibi-oldurmek\/"},"modified":"2026-04-15T03:43:36","modified_gmt":"2026-04-15T00:43:36","slug":"stephen-king-gibi-oldurmek","status":"publish","type":"product","link":"https:\/\/roveyayinevi.com.tr\/index.php\/urun\/stephen-king-gibi-oldurmek\/","title":{"rendered":"Stephen King Gibi \u00d6ld\u00fcrmek"},"content":{"rendered":"<p>Mamaloukas, Stephen King Gibi \u00d6ld\u00fcrmek\u2019te korku-gerilim ustas\u0131 Stephen King\u2019e bir sayg\u0131 duru\u015funda bulunuyor. King kitaplar\u0131 koleksiyoncusu Raymond, yine kendisi gibi birer King tutkunu olan Brian, Ian ve Jake\u2019le birlikte g\u00fcnlerini kitap toplamakla ge\u00e7irirken beklenmedik geli\u015fmeler ve cinayetlerle hayatlar\u0131 sars\u0131l\u0131r. Art\u0131k isteseler de Stephen King ve kitaplar\u0131ndan kopamayacaklard\u0131r. Mamaloukas, King\u2019in kaleminden \u00e7\u0131kan kitaplara ve bu kitaplardan uyarlanan film ve dizilere uzanan bir k\u00fclliyat\u0131 okurlar\u0131n \u00f6n\u00fcne serip dolamba\u00e7l\u0131 yollara sokuyor. King\u2019in, bir\u00e7o\u011fu k\u00fclt mertebesine ula\u015fm\u0131\u015f eserlerinin izinden giden bir edebi polisiye. \u201cStephen King Gibi \u00d6ld\u00fcrmek, yaln\u0131zca korku edebiyat\u0131n\u0131n de\u011fil, polisiye ve toplumsal roman\u0131n s\u0131n\u0131rlar\u0131n\u0131 da sonsuza dek de\u011fi\u015ftirmi\u015f bir yazara sayg\u0131 duru\u015fu niteli\u011finde, aksiyon dolu bir polisiye roman. [&#8230;] Y\u0131l\u0131n en iyi polisiye romanlar\u0131ndan.\u201d Kostas Trahanas, V\u0131vl\u0131o-L\u0131fe<\/p>\n","protected":false},"excerpt":{"rendered":"<p>Mamaloukas, Stephen King Gibi \u00d6ld\u00fcrmek\u2019te korku-gerilim ustas\u0131 Stephen King\u2019e bir sayg\u0131 duru\u015funda bulunuyor. King kitaplar\u0131 koleksiyoncusu Raymond, yine kendisi gibi birer King tutkunu olan Brian, Ian<span class=\"excerpt-hellip\"> [\u2026]<\/span><\/p>\n","protected":false},"featured_media":0,"template":"","meta":{"_monsterinsights_skip_tracking":false,"_monsterinsights_sitenote_active":false,"_monsterinsights_sitenote_note":"","_monsterinsights_sitenote_category":0},"product_brand":[],"product_cat":[12291,15445],"product_tag":[],"class_list":{"0":"post-777888","1":"product","2":"type-product","3":"status-publish","5":"product_cat-edebiyat","6":"product_cat-polisiye","7":"pa_cilt-ciltsiz","8":"pa_tur-kitap","9":"pa_yayinevi-iletisim-yayinlari","10":"pa_yazar-dimitris-mamaloukas","12":"first","13":"instock","14":"sale","15":"shipping-taxable","16":"purchasable","17":"product-type-simple"},"_links":{"self":[{"href":"https:\/\/roveyayinevi.com.tr\/index.php\/wp-json\/wp\/v2\/product\/777888","targetHints":{"allow":["GET"]}}],"collection":[{"href":"https:\/\/roveyayinevi.com.tr\/index.php\/wp-json\/wp\/v2\/product"}],"about":[{"href":"https:\/\/roveyayinevi.com.tr\/index.php\/wp-json\/wp\/v2\/types\/product"}],"wp:attachment":[{"href":"https:\/\/roveyayinevi.com.tr\/index.php\/wp-json\/wp\/v2\/media?parent=777888"}],"wp:term":[{"taxonomy":"product_brand","embeddable":true,"href":"https:\/\/roveyayinevi.com.tr\/index.php\/wp-json\/wp\/v2\/product_brand?post=777888"},{"taxonomy":"product_cat","embeddable":true,"href":"https:\/\/roveyayinevi.com.tr\/index.php\/wp-json\/wp\/v2\/product_cat?post=777888"},{"taxonomy":"product_tag","embeddable":true,"href":"https:\/\/roveyayinevi.com.tr\/index.php\/wp-json\/wp\/v2\/product_tag?post=777888"}],"curies":[{"name":"wp","href":"https:\/\/api.w.org\/{rel}","templated":true}]}}