{"id":777884,"date":"2025-10-27T05:52:34","date_gmt":"2025-10-27T02:52:34","guid":{"rendered":"https:\/\/roveyayinevi.com.tr\/index.php\/urun\/kuma-seti-ciltli\/"},"modified":"2026-04-15T03:43:35","modified_gmt":"2026-04-15T00:43:35","slug":"kuma-seti-ciltli","status":"publish","type":"product","link":"https:\/\/roveyayinevi.com.tr\/index.php\/urun\/kuma-seti-ciltli\/","title":{"rendered":"Kuma Seti (Ciltli)"},"content":{"rendered":"<p>B\u0130R D\u0130REN\u0130\u015eT\u0130R A\u015eK!Kuma kutulu seti; \u00f6zel karakter kart\u0131 3 tane + 3 ayra\u00e7.   Bir evlili\u011fi ayakta tutan yeg\u00e2ne g\u00fc\u00e7 adam\u0131n sevdas\u0131, kad\u0131n\u0131n bu sevdaya sar\u0131l\u0131\u015f\u0131d\u0131r. Mutlulu\u011fun form\u00fcl\u00fc birbirini sevmekte sakl\u0131d\u0131r. Bu form\u00fcl\u00fc bozacak g\u00fcnler Ero\u011flu Kona\u011f\u0131\u2019n\u0131n kap\u0131s\u0131n\u0131 \u00e7ald\u0131\u011f\u0131nda i\u00e7eri buyur edilir. Bebek hasretinin tutuldu\u011fu konakta KUMA r\u00fczg\u00e2r\u0131 eserken kaosa do\u011fru s\u00fcr\u00fckleyen f\u0131rt\u0131naya iki kad\u0131n, bir adam tutulur.Hayat ters k\u00f6\u015feden vurarak bebe\u011fi olmayan, y\u0131llarca bu eksikli\u011fin ac\u0131s\u0131n\u0131 pervas\u0131zca \u00e7eken, hastaneden hastaneye ko\u015fan, umut etmekten ve istemekten yorulmayan kad\u0131n\u0131n hayat\u0131na kuma g\u00f6lgesi d\u00fc\u015f\u00fcr\u00fcr.Kar\u0131s\u0131n\u0131n bebe\u011fi olmad\u0131\u011f\u0131 her g\u00fcn, a\u015fk\u0131 daha sa\u011flam ayakta dururken adam\u0131n duygular\u0131n\u0131 ve akl\u0131n\u0131 yitirecek k\u00e2bus ger\u00e7ekle\u015fir. Koklad\u0131\u011f\u0131 g\u00fcl\u00fcn \u00fcst\u00fcne bir k\u0131r \u00e7i\u00e7e\u011fi yerle\u015fir, bu \u00e7i\u00e7ek tohumunu verir ve sevdaya tutulmu\u015f adam\u0131n kalbi ikiye b\u00f6l\u00fcn\u00fcr!\u00dczerinde sade bir gelinlikle kona\u011f\u0131n kap\u0131s\u0131ndan i\u00e7eri al\u0131nan kad\u0131n\u0131 bekledi\u011finden daha k\u00f6t\u00fc bir evlilik kar\u015f\u0131lar. Zorlu s\u0131navlardan ge\u00e7er, a\u015fk ve sevgi yoksunu bir evlilikte ayakta durmaya \u00e7al\u0131\u015f\u0131rken kocas\u0131 taraf\u0131ndan merhamet dilenen kad\u0131na d\u00f6n\u00fc\u015f\u00fcr.Sevda bir kad\u0131nda, tutku bir kad\u0131ndayken ayn\u0131 \u00e7at\u0131 alt\u0131nda zorlu ya\u015fam s\u00fcrd\u00fcr\u00fcl\u00fcr. Araf\u2019ta kalm\u0131\u015f bir adam\u0131n, bu adama ba\u011fl\u0131 iki kad\u0131n\u0131n ya\u015fam\u0131 zorlu ser\u00fcvenlerle ak\u0131beti belli olmayan sona do\u011fru gider.Ate\u015f d\u00fc\u015ft\u00fc\u011f\u00fc yeri yakar, KUMA gelir.Hasreti kad\u0131n dindirir, bebek do\u011far. Adam ikiye b\u00f6l\u00fcn\u00fcr.Ve a\u015fk\u0131 hangi kad\u0131n alacak, sorusu ak\u0131llar\u0131 al\u0131r.<\/p>\n","protected":false},"excerpt":{"rendered":"<p>B\u0130R D\u0130REN\u0130\u015eT\u0130R A\u015eK!Kuma kutulu seti; \u00f6zel karakter kart\u0131 3 tane + 3 ayra\u00e7. Bir evlili\u011fi ayakta tutan yeg\u00e2ne g\u00fc\u00e7 adam\u0131n sevdas\u0131, kad\u0131n\u0131n bu sevdaya sar\u0131l\u0131\u015f\u0131d\u0131r. Mutlulu\u011fun<span class=\"excerpt-hellip\"> [\u2026]<\/span><\/p>\n","protected":false},"featured_media":0,"template":"","meta":{"_monsterinsights_skip_tracking":false,"_monsterinsights_sitenote_active":false,"_monsterinsights_sitenote_note":"","_monsterinsights_sitenote_category":0},"product_brand":[],"product_cat":[12291,12711],"product_tag":[],"class_list":{"0":"post-777884","1":"product","2":"type-product","3":"status-publish","5":"product_cat-edebiyat","6":"product_cat-roman-oyku","7":"pa_cilt-ciltli","8":"pa_tur-kitap","9":"pa_yayinevi-lapis-kitap","10":"pa_yazar-sehnaz-gulsen","12":"first","13":"instock","14":"sale","15":"shipping-taxable","16":"purchasable","17":"product-type-simple"},"_links":{"self":[{"href":"https:\/\/roveyayinevi.com.tr\/index.php\/wp-json\/wp\/v2\/product\/777884","targetHints":{"allow":["GET"]}}],"collection":[{"href":"https:\/\/roveyayinevi.com.tr\/index.php\/wp-json\/wp\/v2\/product"}],"about":[{"href":"https:\/\/roveyayinevi.com.tr\/index.php\/wp-json\/wp\/v2\/types\/product"}],"wp:attachment":[{"href":"https:\/\/roveyayinevi.com.tr\/index.php\/wp-json\/wp\/v2\/media?parent=777884"}],"wp:term":[{"taxonomy":"product_brand","embeddable":true,"href":"https:\/\/roveyayinevi.com.tr\/index.php\/wp-json\/wp\/v2\/product_brand?post=777884"},{"taxonomy":"product_cat","embeddable":true,"href":"https:\/\/roveyayinevi.com.tr\/index.php\/wp-json\/wp\/v2\/product_cat?post=777884"},{"taxonomy":"product_tag","embeddable":true,"href":"https:\/\/roveyayinevi.com.tr\/index.php\/wp-json\/wp\/v2\/product_tag?post=777884"}],"curies":[{"name":"wp","href":"https:\/\/api.w.org\/{rel}","templated":true}]}}