{"id":777882,"date":"2025-10-27T05:52:28","date_gmt":"2025-10-27T02:52:28","guid":{"rendered":"https:\/\/roveyayinevi.com.tr\/index.php\/urun\/beyaz-bir-gokyuzu-altinda\/"},"modified":"2026-04-15T03:43:34","modified_gmt":"2026-04-15T00:43:34","slug":"beyaz-bir-gokyuzu-altinda","status":"publish","type":"product","link":"https:\/\/roveyayinevi.com.tr\/index.php\/urun\/beyaz-bir-gokyuzu-altinda\/","title":{"rendered":"Beyaz Bir G\u00f6ky\u00fcz\u00fc Alt\u0131nda"},"content":{"rendered":"<p>Pulitzer \u00d6d\u00fcll\u00fc yazar Elizabeth Kolbert\u2019ten\u2026\u0130nsanl\u0131\u011f\u0131n do\u011fa \u00fczerindeki etkisi art\u0131k \u00f6yle b\u00fcy\u00fck ve y\u0131k\u0131c\u0131 ki, i\u00e7inde ya\u015fad\u0131\u011f\u0131m\u0131z \u00e7a\u011fa yeni bir isim verildi: Antroposen. Yani insan\u0131n \u00e7a\u011f\u0131. Peki bunca y\u0131k\u0131m\u0131n ard\u0131ndan, do\u011fay\u0131 bu kez kurtarmak i\u00e7in de\u011fi\u015ftirebilir miyiz?Kolbert Beyaz Bir G\u00f6ky\u00fcz\u00fcn\u00fcn Alt\u0131nda\u2019da bu soruya yan\u0131t ar\u0131yor. Mojave \u00c7\u00f6l\u00fc\u2019n\u00fcn ortas\u0131nda bir g\u00f6lette ya\u015fayan d\u00fcnyan\u0131n en nadir bal\u0131\u011f\u0131n\u0131 kurtarmaya \u00e7al\u0131\u015fan biyologlardan, \u0130zlanda\u2019da karbonu ta\u015fa d\u00f6n\u00fc\u015ft\u00fcren m\u00fchendislerden, daha s\u0131cak bir gezegende ya\u015fayabilecek \u201cs\u00fcper mercanlar\u201d geli\u015ftiren Avustralyal\u0131 ara\u015ft\u0131rmac\u0131lardan ve atmosferi so\u011futmak i\u00e7in g\u00f6ky\u00fcz\u00fcne elmas tozlar\u0131 g\u00f6ndermeyi planlayan fizik\u00e7ilerden s\u00f6z ediyor.Kolbert\u2019e g\u00f6re insan uygarl\u0131\u011f\u0131 on bin y\u0131ll\u0131k bir do\u011faya meydan okuma \u00f6yk\u00fcs\u00fc. \u015eimdi ise ayn\u0131 m\u00fcdahaleler, d\u00fcnyan\u0131n son umudu olarak kar\u015f\u0131m\u0131za \u00e7\u0131k\u0131yor. Hem umut verici hem \u00fcrk\u00fct\u00fcc\u00fc hem de kara mizah y\u00fckl\u00fc bu eser insanl\u0131\u011f\u0131n \u00f6n\u00fcndeki en b\u00fcy\u00fck soruya odaklan\u0131yor: Do\u011fay\u0131 kurtarmak i\u00e7in ne kadar ileri gidebiliriz?\u201cSon derece \u00e7arp\u0131c\u0131.\u201d\u2014Washington Post\u201c\u0130nce bir zek\u00e2n\u0131n \u00fcr\u00fcn\u00fc.\u201d\u2014Bill Gates<\/p>\n","protected":false},"excerpt":{"rendered":"<p>Pulitzer \u00d6d\u00fcll\u00fc yazar Elizabeth Kolbert\u2019ten\u2026\u0130nsanl\u0131\u011f\u0131n do\u011fa \u00fczerindeki etkisi art\u0131k \u00f6yle b\u00fcy\u00fck ve y\u0131k\u0131c\u0131 ki, i\u00e7inde ya\u015fad\u0131\u011f\u0131m\u0131z \u00e7a\u011fa yeni bir isim verildi: Antroposen. Yani insan\u0131n \u00e7a\u011f\u0131. Peki<span class=\"excerpt-hellip\"> [\u2026]<\/span><\/p>\n","protected":false},"featured_media":0,"template":"","meta":{"_monsterinsights_skip_tracking":false,"_monsterinsights_sitenote_active":false,"_monsterinsights_sitenote_note":"","_monsterinsights_sitenote_category":0},"product_brand":[],"product_cat":[23323,12364],"product_tag":[],"class_list":{"0":"post-777882","1":"product","2":"type-product","3":"status-publish","5":"product_cat-ekoloji","6":"product_cat-genel-konular","7":"pa_cilt-ciltsiz","8":"pa_tur-kitap","9":"pa_yayinevi-minotor-kitap","10":"pa_yazar-elizabeth-kolbert","12":"first","13":"instock","14":"sale","15":"shipping-taxable","16":"purchasable","17":"product-type-simple"},"_links":{"self":[{"href":"https:\/\/roveyayinevi.com.tr\/index.php\/wp-json\/wp\/v2\/product\/777882","targetHints":{"allow":["GET"]}}],"collection":[{"href":"https:\/\/roveyayinevi.com.tr\/index.php\/wp-json\/wp\/v2\/product"}],"about":[{"href":"https:\/\/roveyayinevi.com.tr\/index.php\/wp-json\/wp\/v2\/types\/product"}],"wp:attachment":[{"href":"https:\/\/roveyayinevi.com.tr\/index.php\/wp-json\/wp\/v2\/media?parent=777882"}],"wp:term":[{"taxonomy":"product_brand","embeddable":true,"href":"https:\/\/roveyayinevi.com.tr\/index.php\/wp-json\/wp\/v2\/product_brand?post=777882"},{"taxonomy":"product_cat","embeddable":true,"href":"https:\/\/roveyayinevi.com.tr\/index.php\/wp-json\/wp\/v2\/product_cat?post=777882"},{"taxonomy":"product_tag","embeddable":true,"href":"https:\/\/roveyayinevi.com.tr\/index.php\/wp-json\/wp\/v2\/product_tag?post=777882"}],"curies":[{"name":"wp","href":"https:\/\/api.w.org\/{rel}","templated":true}]}}